{"id":7577,"date":"2025-07-19T16:09:54","date_gmt":"2025-07-19T16:09:54","guid":{"rendered":"https:\/\/koraledetale.pl\/?post_type=product&#038;p=7577"},"modified":"2025-07-19T16:09:54","modified_gmt":"2025-07-19T16:09:54","slug":"kolczyki-cube-z-hematytami-wersja-zlota","status":"publish","type":"product","link":"https:\/\/koraledetale.pl\/?product=kolczyki-cube-z-hematytami-wersja-zlota","title":{"rendered":"Kolczyki CUBE z hematytami \u2013 wersja z\u0142ota"},"content":{"rendered":"<p>Wielko\u015b\u0107 hematyt\u00f3w: 3\u00d73 i 2,5\u00d72 mm.<\/p>\n<p>D\u0142ugo\u015b\u0107 kolczyk\u00f3w mo\u017cna dowolnie regulowa\u0107 przez przeci\u0105gni\u0119cie \u0142a\u0144cuszka w dziurce ucha, jednak maksymalna d\u0142ugo\u015b\u0107 wynosi 6 cm.<\/p>\n<p>Wszystkie elementy metalowe wykonane s\u0105 z nieuczulaj\u0105cej stali szlachetnej w kolorze z\u0142otym.<\/p>\n<p>Kolczyki s\u0105 bezpieczne przy u\u017cytkowaniu zgodnie z ich przeznaczeniem.<\/p>\n","protected":false},"excerpt":{"rendered":"<p>D\u0142ugie kolczyki z sze\u015bcianami czarnych i z\u0142otych hematyt\u00f3w, zawieszonych na \u0142a\u0144cuszku, kt\u00f3ry mo\u017cna przeci\u0105ga\u0107 przez dziurk\u0119 ucha, dowolnie reguluj\u0105c ich d\u0142ugo\u015b\u0107.<\/p>\n","protected":false},"featured_media":7574,"comment_status":"open","ping_status":"closed","template":"","meta":{"advanced_seo_description":"","jetpack_seo_html_title":"","jetpack_seo_noindex":false},"product_brand":[],"product_cat":[18],"product_tag":[2772,2769,2771,2770,31],"class_list":{"0":"post-7577","1":"product","2":"type-product","3":"status-publish","4":"has-post-thumbnail","6":"product_cat-kolczyki","7":"product_tag-czarny-hematyt","8":"product_tag-dlugie-kolczyki-z-hematytami","9":"product_tag-kolczyki-na-lancuszku-z-hematytami","10":"product_tag-przeciagane-kolczyki-z-hematytami","11":"product_tag-zloty-hematyt","13":"first","14":"instock","15":"shipping-taxable","16":"purchasable","17":"product-type-simple"},"jetpack_sharing_enabled":true,"_links":{"self":[{"href":"https:\/\/koraledetale.pl\/index.php?rest_route=\/wp\/v2\/product\/7577","targetHints":{"allow":["GET"]}}],"collection":[{"href":"https:\/\/koraledetale.pl\/index.php?rest_route=\/wp\/v2\/product"}],"about":[{"href":"https:\/\/koraledetale.pl\/index.php?rest_route=\/wp\/v2\/types\/product"}],"replies":[{"embeddable":true,"href":"https:\/\/koraledetale.pl\/index.php?rest_route=%2Fwp%2Fv2%2Fcomments&post=7577"}],"wp:featuredmedia":[{"embeddable":true,"href":"https:\/\/koraledetale.pl\/index.php?rest_route=\/wp\/v2\/media\/7574"}],"wp:attachment":[{"href":"https:\/\/koraledetale.pl\/index.php?rest_route=%2Fwp%2Fv2%2Fmedia&parent=7577"}],"wp:term":[{"taxonomy":"product_brand","embeddable":true,"href":"https:\/\/koraledetale.pl\/index.php?rest_route=%2Fwp%2Fv2%2Fproduct_brand&post=7577"},{"taxonomy":"product_cat","embeddable":true,"href":"https:\/\/koraledetale.pl\/index.php?rest_route=%2Fwp%2Fv2%2Fproduct_cat&post=7577"},{"taxonomy":"product_tag","embeddable":true,"href":"https:\/\/koraledetale.pl\/index.php?rest_route=%2Fwp%2Fv2%2Fproduct_tag&post=7577"}],"curies":[{"name":"wp","href":"https:\/\/api.w.org\/{rel}","templated":true}]}}