{"id":7562,"date":"2025-07-18T14:09:17","date_gmt":"2025-07-18T14:09:17","guid":{"rendered":"https:\/\/koraledetale.pl\/?post_type=product&#038;p=7562"},"modified":"2025-07-18T14:15:34","modified_gmt":"2025-07-18T14:15:34","slug":"kolczyki-prosta-forma-z-kianitami","status":"publish","type":"product","link":"https:\/\/koraledetale.pl\/?product=kolczyki-prosta-forma-z-kianitami","title":{"rendered":"Kolczyki PROSTA FORMA z kianitami"},"content":{"rendered":"<p>Wielko\u015b\u0107 kianit\u00f3w: ok. 12&#215;7 mm (mierzone w najszerszych miejscach).<\/p>\n<p>D\u0142ugo\u015b\u0107 kolczyk\u00f3w \u2013 4,8 cm.<\/p>\n<p>Wszystkie elementy metalowe wykonane s\u0105 z nieuczulaj\u0105cej stali szlachetnej w kolorze z\u0142otym.<\/p>\n<p>Kolczyki s\u0105 bezpieczne przy u\u017cytkowaniu zgodnie z ich przeznaczeniem.<\/p>\n","protected":false},"excerpt":{"rendered":"<p>D\u0142ugie kolczyki z wa\u0142eczkami zielonego kianitu, zawieszonymi na pod\u0142u\u017cnym elemencie i grubych k\u00f3\u0142kach.<\/p>\n","protected":false},"featured_media":7569,"comment_status":"open","ping_status":"closed","template":"","meta":{"advanced_seo_description":"","jetpack_seo_html_title":"","jetpack_seo_noindex":false},"product_brand":[],"product_cat":[18],"product_tag":[1152,2768,2764,903],"class_list":{"0":"post-7562","1":"product","2":"type-product","3":"status-publish","4":"has-post-thumbnail","6":"product_cat-kolczyki","7":"product_tag-dlugie-kolczyki-z-kianitami","8":"product_tag-dlugie-kolczyki-z-zielonymi-kamieniami-naturalnymi","9":"product_tag-kolczyki-z-zielonym-kianitem","10":"product_tag-zielony-kianit","12":"first","13":"instock","14":"shipping-taxable","15":"purchasable","16":"product-type-simple"},"jetpack_sharing_enabled":true,"_links":{"self":[{"href":"https:\/\/koraledetale.pl\/index.php?rest_route=\/wp\/v2\/product\/7562","targetHints":{"allow":["GET"]}}],"collection":[{"href":"https:\/\/koraledetale.pl\/index.php?rest_route=\/wp\/v2\/product"}],"about":[{"href":"https:\/\/koraledetale.pl\/index.php?rest_route=\/wp\/v2\/types\/product"}],"replies":[{"embeddable":true,"href":"https:\/\/koraledetale.pl\/index.php?rest_route=%2Fwp%2Fv2%2Fcomments&post=7562"}],"wp:featuredmedia":[{"embeddable":true,"href":"https:\/\/koraledetale.pl\/index.php?rest_route=\/wp\/v2\/media\/7569"}],"wp:attachment":[{"href":"https:\/\/koraledetale.pl\/index.php?rest_route=%2Fwp%2Fv2%2Fmedia&parent=7562"}],"wp:term":[{"taxonomy":"product_brand","embeddable":true,"href":"https:\/\/koraledetale.pl\/index.php?rest_route=%2Fwp%2Fv2%2Fproduct_brand&post=7562"},{"taxonomy":"product_cat","embeddable":true,"href":"https:\/\/koraledetale.pl\/index.php?rest_route=%2Fwp%2Fv2%2Fproduct_cat&post=7562"},{"taxonomy":"product_tag","embeddable":true,"href":"https:\/\/koraledetale.pl\/index.php?rest_route=%2Fwp%2Fv2%2Fproduct_tag&post=7562"}],"curies":[{"name":"wp","href":"https:\/\/api.w.org\/{rel}","templated":true}]}}