{"id":7561,"date":"2025-07-17T16:52:01","date_gmt":"2025-07-17T16:52:01","guid":{"rendered":"https:\/\/koraledetale.pl\/?post_type=product&#038;p=7561"},"modified":"2026-04-27T17:47:57","modified_gmt":"2026-04-27T17:47:57","slug":"kolczyki-amber-unikat-x","status":"publish","type":"product","link":"https:\/\/koraledetale.pl\/?product=kolczyki-amber-unikat-x","title":{"rendered":"Kolczyki AMBER \u2013 unikat X"},"content":{"rendered":"<p>Wielko\u015b\u0107 bursztyn\u00f3w: 15x13x5 i 19x7x5 mm (mierzone w najszerszych miejscach).<\/p>\n<p>D\u0142ugo\u015b\u0107 kolczyk\u00f3w \u2013 2,7 i 3,1 cm.<\/p>\n<p>Wszystkie elementy metalowe wykonane s\u0105 z nieuczulaj\u0105cej stali szlachetnej w kolorze z\u0142otym.<\/p>\n<p>Kolczyki s\u0105 bezpieczne przy u\u017cytkowaniu zgodnie z ich przeznaczeniem.<\/p>\n","protected":false},"excerpt":{"rendered":"<p>Kolczyki dla odwa\u017cnych \u2013 niedu\u017ce, asymetryczne, lekkie, na sztyftach, z nieregularnymi bry\u0142kami surowego bursztynu ba\u0142tyckiego w kolorze koniaku. Wyj\u0105tkowe, dla wyj\u0105tkowej kobiety.<\/p>\n","protected":false},"featured_media":7557,"comment_status":"open","ping_status":"closed","template":"","meta":{"advanced_seo_description":"","jetpack_seo_html_title":"","jetpack_seo_noindex":false},"product_brand":[],"product_cat":[2192,18],"product_tag":[1878,2337,2763,2338],"class_list":{"0":"post-7561","1":"product","2":"type-product","3":"status-publish","4":"has-post-thumbnail","6":"product_cat-amber","7":"product_cat-kolczyki","8":"product_tag-asymetryczne-kolczyki-z-bursztynami","9":"product_tag-bursztyn-baltycki","10":"product_tag-bursztynowe-kolczyki-na-sztyftach","11":"product_tag-kolczyki-z-surowymi-bursztynami","13":"first","14":"instock","15":"shipping-taxable","16":"purchasable","17":"product-type-simple"},"jetpack_sharing_enabled":true,"_links":{"self":[{"href":"https:\/\/koraledetale.pl\/index.php?rest_route=\/wp\/v2\/product\/7561","targetHints":{"allow":["GET"]}}],"collection":[{"href":"https:\/\/koraledetale.pl\/index.php?rest_route=\/wp\/v2\/product"}],"about":[{"href":"https:\/\/koraledetale.pl\/index.php?rest_route=\/wp\/v2\/types\/product"}],"replies":[{"embeddable":true,"href":"https:\/\/koraledetale.pl\/index.php?rest_route=%2Fwp%2Fv2%2Fcomments&post=7561"}],"wp:featuredmedia":[{"embeddable":true,"href":"https:\/\/koraledetale.pl\/index.php?rest_route=\/wp\/v2\/media\/7557"}],"wp:attachment":[{"href":"https:\/\/koraledetale.pl\/index.php?rest_route=%2Fwp%2Fv2%2Fmedia&parent=7561"}],"wp:term":[{"taxonomy":"product_brand","embeddable":true,"href":"https:\/\/koraledetale.pl\/index.php?rest_route=%2Fwp%2Fv2%2Fproduct_brand&post=7561"},{"taxonomy":"product_cat","embeddable":true,"href":"https:\/\/koraledetale.pl\/index.php?rest_route=%2Fwp%2Fv2%2Fproduct_cat&post=7561"},{"taxonomy":"product_tag","embeddable":true,"href":"https:\/\/koraledetale.pl\/index.php?rest_route=%2Fwp%2Fv2%2Fproduct_tag&post=7561"}],"curies":[{"name":"wp","href":"https:\/\/api.w.org\/{rel}","templated":true}]}}