{"id":7560,"date":"2025-07-17T16:45:26","date_gmt":"2025-07-17T16:45:26","guid":{"rendered":"https:\/\/koraledetale.pl\/?post_type=product&#038;p=7560"},"modified":"2025-07-28T06:52:50","modified_gmt":"2025-07-28T06:52:50","slug":"kolczyki-amber-unikat-ix","status":"publish","type":"product","link":"https:\/\/koraledetale.pl\/?product=kolczyki-amber-unikat-ix","title":{"rendered":"Kolczyki AMBER \u2013 unikat IX"},"content":{"rendered":"<p>Wielko\u015b\u0107 bursztyn\u00f3w: 6,5 mm.<\/p>\n<p>D\u0142ugo\u015b\u0107 kolczyk\u00f3w \u2013 4,3 cm.<\/p>\n<p>Wszystkie elementy metalowe wykonane s\u0105 z nieuczulaj\u0105cej stali szlachetnej w kolorze z\u0142otym.<\/p>\n<p>Kolczyki s\u0105 bezpieczne przy u\u017cytkowaniu zgodnie z ich przeznaczeniem.<\/p>\n","protected":false},"excerpt":{"rendered":"<p>Lekkie kolczyki z plecionymi ko\u0142ami zwie\u0144czonymi kuleczkami mlecznego bursztynu, zawieszonymi na mniejszych, grawerowanych k\u00f3\u0142kach.<\/p>\n","protected":false},"featured_media":7558,"comment_status":"open","ping_status":"closed","template":"","meta":{"advanced_seo_description":"","jetpack_seo_html_title":"","jetpack_seo_noindex":false},"product_brand":[],"product_cat":[229],"product_tag":[1136,2761,2762],"class_list":{"0":"post-7560","1":"product","2":"type-product","3":"status-publish","4":"has-post-thumbnail","6":"product_cat-sprzedane","7":"product_tag-bursztyn","8":"product_tag-kolczyki-kolka-z-nursztynami","9":"product_tag-kolczyki-z-mlecznymi-bursztynami","11":"first","12":"outofstock","13":"shipping-taxable","14":"purchasable","15":"product-type-simple"},"jetpack_sharing_enabled":true,"_links":{"self":[{"href":"https:\/\/koraledetale.pl\/index.php?rest_route=\/wp\/v2\/product\/7560","targetHints":{"allow":["GET"]}}],"collection":[{"href":"https:\/\/koraledetale.pl\/index.php?rest_route=\/wp\/v2\/product"}],"about":[{"href":"https:\/\/koraledetale.pl\/index.php?rest_route=\/wp\/v2\/types\/product"}],"replies":[{"embeddable":true,"href":"https:\/\/koraledetale.pl\/index.php?rest_route=%2Fwp%2Fv2%2Fcomments&post=7560"}],"wp:featuredmedia":[{"embeddable":true,"href":"https:\/\/koraledetale.pl\/index.php?rest_route=\/wp\/v2\/media\/7558"}],"wp:attachment":[{"href":"https:\/\/koraledetale.pl\/index.php?rest_route=%2Fwp%2Fv2%2Fmedia&parent=7560"}],"wp:term":[{"taxonomy":"product_brand","embeddable":true,"href":"https:\/\/koraledetale.pl\/index.php?rest_route=%2Fwp%2Fv2%2Fproduct_brand&post=7560"},{"taxonomy":"product_cat","embeddable":true,"href":"https:\/\/koraledetale.pl\/index.php?rest_route=%2Fwp%2Fv2%2Fproduct_cat&post=7560"},{"taxonomy":"product_tag","embeddable":true,"href":"https:\/\/koraledetale.pl\/index.php?rest_route=%2Fwp%2Fv2%2Fproduct_tag&post=7560"}],"curies":[{"name":"wp","href":"https:\/\/api.w.org\/{rel}","templated":true}]}}