{"id":7551,"date":"2025-07-17T16:38:32","date_gmt":"2025-07-17T16:38:32","guid":{"rendered":"https:\/\/koraledetale.pl\/?post_type=product&#038;p=7551"},"modified":"2025-12-20T12:43:32","modified_gmt":"2025-12-20T12:43:32","slug":"kolczyki-amber-unikat-viii","status":"publish","type":"product","link":"https:\/\/koraledetale.pl\/?product=kolczyki-amber-unikat-viii","title":{"rendered":"Kolczyki AMBER \u2013 unikat VIII"},"content":{"rendered":"<p>Wielko\u015b\u0107 bursztyn\u00f3w: ok. 17x13x5 mm (mierzone w najszerszych miejscach).<\/p>\n<p>D\u0142ugo\u015b\u0107 kolczyk\u00f3w \u2013 3,5 cm.<\/p>\n<p>Wszystkie elementy metalowe wykonane s\u0105 z nieuczulaj\u0105cej stali szlachetnej w kolorze z\u0142otym.<\/p>\n<p>Kolczyki s\u0105 bezpieczne przy u\u017cytkowaniu zgodnie z ich przeznaczeniem.<\/p>\n","protected":false},"excerpt":{"rendered":"<p>Kolczyki na sztyftach z nieregularnymi bursztynami w kolorze koniaku, zawieszonych na plecionych k\u00f3\u0142kach. Wyj\u0105tkowe, dla wyj\u0105tkowej kobiety.<\/p>\n","protected":false},"featured_media":7554,"comment_status":"open","ping_status":"closed","template":"","meta":{"advanced_seo_description":"","jetpack_seo_html_title":"","jetpack_seo_noindex":false},"product_brand":[],"product_cat":[229],"product_tag":[1136,2760,1881,2759],"class_list":{"0":"post-7551","1":"product","2":"type-product","3":"status-publish","4":"has-post-thumbnail","6":"product_cat-sprzedane","7":"product_tag-bursztyn","8":"product_tag-bursztynowe-kolczyki","9":"product_tag-kolczyki-na-sztyftach-z-bursztynami","10":"product_tag-kolczyki-z-bursztynu","12":"first","13":"outofstock","14":"shipping-taxable","15":"purchasable","16":"product-type-simple"},"jetpack_sharing_enabled":true,"_links":{"self":[{"href":"https:\/\/koraledetale.pl\/index.php?rest_route=\/wp\/v2\/product\/7551","targetHints":{"allow":["GET"]}}],"collection":[{"href":"https:\/\/koraledetale.pl\/index.php?rest_route=\/wp\/v2\/product"}],"about":[{"href":"https:\/\/koraledetale.pl\/index.php?rest_route=\/wp\/v2\/types\/product"}],"replies":[{"embeddable":true,"href":"https:\/\/koraledetale.pl\/index.php?rest_route=%2Fwp%2Fv2%2Fcomments&post=7551"}],"wp:featuredmedia":[{"embeddable":true,"href":"https:\/\/koraledetale.pl\/index.php?rest_route=\/wp\/v2\/media\/7554"}],"wp:attachment":[{"href":"https:\/\/koraledetale.pl\/index.php?rest_route=%2Fwp%2Fv2%2Fmedia&parent=7551"}],"wp:term":[{"taxonomy":"product_brand","embeddable":true,"href":"https:\/\/koraledetale.pl\/index.php?rest_route=%2Fwp%2Fv2%2Fproduct_brand&post=7551"},{"taxonomy":"product_cat","embeddable":true,"href":"https:\/\/koraledetale.pl\/index.php?rest_route=%2Fwp%2Fv2%2Fproduct_cat&post=7551"},{"taxonomy":"product_tag","embeddable":true,"href":"https:\/\/koraledetale.pl\/index.php?rest_route=%2Fwp%2Fv2%2Fproduct_tag&post=7551"}],"curies":[{"name":"wp","href":"https:\/\/api.w.org\/{rel}","templated":true}]}}