{"id":7548,"date":"2025-07-16T16:40:41","date_gmt":"2025-07-16T16:40:41","guid":{"rendered":"https:\/\/koraledetale.pl\/?post_type=product&#038;p=7548"},"modified":"2025-07-16T16:40:41","modified_gmt":"2025-07-16T16:40:41","slug":"kolczyki-mandala-iv-z-chalcedonem","status":"publish","type":"product","link":"https:\/\/koraledetale.pl\/?product=kolczyki-mandala-iv-z-chalcedonem","title":{"rendered":"Kolczyki MANDALA IV z chalcedonem"},"content":{"rendered":"<p>Wielko\u015b\u0107 chalcedonu (mierzona w najszerszych miejscach) \u2013 12\u00d78 mm.<\/p>\n<p>D\u0142ugo\u015b\u0107 kolczyk\u00f3w \u2013 3,4 cm.<\/p>\n<p>Wszystkie elementy metalowe wykonane s\u0105 z nieuczulaj\u0105cej stali szlachetnej w kolorze z\u0142otym.<\/p>\n<p>Kolczyki s\u0105 bezpieczne przy u\u017cywaniu zgodnie z ich zastosowaniem.<\/p>\n","protected":false},"excerpt":{"rendered":"<p>Kolczyki na sztyftach z a\u017curow\u0105 mandal\u0105 i kropl\u0105 r\u00f3\u017cowego chalcedonu.<\/p>\n","protected":false},"featured_media":7540,"comment_status":"open","ping_status":"closed","template":"","meta":{"advanced_seo_description":"","jetpack_seo_html_title":"","jetpack_seo_noindex":false},"product_brand":[],"product_cat":[18],"product_tag":[439,2756,2757,54],"class_list":{"0":"post-7548","1":"product","2":"type-product","3":"status-publish","4":"has-post-thumbnail","6":"product_cat-kolczyki","7":"product_tag-chalcedon","8":"product_tag-kolczyki-na-sztyftach-z-mandala-i-rozowym-chalcedonem","9":"product_tag-kolczyki-z-rozowymi-kamieniami-naturalnymi","10":"product_tag-mandala","12":"first","13":"instock","14":"shipping-taxable","15":"purchasable","16":"product-type-simple"},"jetpack_sharing_enabled":true,"_links":{"self":[{"href":"https:\/\/koraledetale.pl\/index.php?rest_route=\/wp\/v2\/product\/7548","targetHints":{"allow":["GET"]}}],"collection":[{"href":"https:\/\/koraledetale.pl\/index.php?rest_route=\/wp\/v2\/product"}],"about":[{"href":"https:\/\/koraledetale.pl\/index.php?rest_route=\/wp\/v2\/types\/product"}],"replies":[{"embeddable":true,"href":"https:\/\/koraledetale.pl\/index.php?rest_route=%2Fwp%2Fv2%2Fcomments&post=7548"}],"wp:featuredmedia":[{"embeddable":true,"href":"https:\/\/koraledetale.pl\/index.php?rest_route=\/wp\/v2\/media\/7540"}],"wp:attachment":[{"href":"https:\/\/koraledetale.pl\/index.php?rest_route=%2Fwp%2Fv2%2Fmedia&parent=7548"}],"wp:term":[{"taxonomy":"product_brand","embeddable":true,"href":"https:\/\/koraledetale.pl\/index.php?rest_route=%2Fwp%2Fv2%2Fproduct_brand&post=7548"},{"taxonomy":"product_cat","embeddable":true,"href":"https:\/\/koraledetale.pl\/index.php?rest_route=%2Fwp%2Fv2%2Fproduct_cat&post=7548"},{"taxonomy":"product_tag","embeddable":true,"href":"https:\/\/koraledetale.pl\/index.php?rest_route=%2Fwp%2Fv2%2Fproduct_tag&post=7548"}],"curies":[{"name":"wp","href":"https:\/\/api.w.org\/{rel}","templated":true}]}}