{"id":7547,"date":"2025-07-16T16:30:58","date_gmt":"2025-07-16T16:30:58","guid":{"rendered":"https:\/\/koraledetale.pl\/?post_type=product&#038;p=7547"},"modified":"2025-07-16T16:30:58","modified_gmt":"2025-07-16T16:30:58","slug":"koczyki-trojkaty-z-czarnym-turmalinem-w-kwarcu-unikat","status":"publish","type":"product","link":"https:\/\/koraledetale.pl\/?product=koczyki-trojkaty-z-czarnym-turmalinem-w-kwarcu-unikat","title":{"rendered":"Koczyki TR\u00d3JK\u0104TY z czarnym turmalinem w kwarcu \u2013 UNIKAT"},"content":{"rendered":"<p>Wielko\u015b\u0107 kwarcu z czarnym turmalinem (mierzona w najszerszych miejscach) \u2013 20\u00d721\u00d73,5 mm.<\/p>\n<p>D\u0142ugo\u015b\u0107 kolczyk\u00f3w \u2013 5,2 cm.<\/p>\n<p>Wszystkie elementy metalowe wykonane s\u0105 z nieuczulaj\u0105cej stali szlachetnej w kolorze srebrnym.<\/p>\n<p>Kolczyki s\u0105 bezpieczne przy u\u017cywaniu zgodnie z ich zastosowaniem.<\/p>\n","protected":false},"excerpt":{"rendered":"<p>Oryginalne, d\u0142ugie kolczyki z tr\u00f3jk\u0105tnym kwarcem z zatopionymi igie\u0142kami czarnego turmalinu, zawieszonym na k\u00f3\u0142ku i otwartym biglu.<\/p>\n","protected":false},"featured_media":7537,"comment_status":"open","ping_status":"closed","template":"","meta":{"advanced_seo_description":"","jetpack_seo_html_title":"","jetpack_seo_noindex":false},"product_brand":[],"product_cat":[18],"product_tag":[2753,2754,2755],"class_list":{"0":"post-7547","1":"product","2":"type-product","3":"status-publish","4":"has-post-thumbnail","6":"product_cat-kolczyki","7":"product_tag-dlugie-kolczyki-z-czarnym-turmalinem-w-kwarcu","8":"product_tag-dlugie-kolczyki-z-kwarcem-z-czarnym-turmalinem","9":"product_tag-kwarc-z-czarnym-turmalinem","11":"first","12":"instock","13":"shipping-taxable","14":"purchasable","15":"product-type-simple"},"jetpack_sharing_enabled":true,"_links":{"self":[{"href":"https:\/\/koraledetale.pl\/index.php?rest_route=\/wp\/v2\/product\/7547","targetHints":{"allow":["GET"]}}],"collection":[{"href":"https:\/\/koraledetale.pl\/index.php?rest_route=\/wp\/v2\/product"}],"about":[{"href":"https:\/\/koraledetale.pl\/index.php?rest_route=\/wp\/v2\/types\/product"}],"replies":[{"embeddable":true,"href":"https:\/\/koraledetale.pl\/index.php?rest_route=%2Fwp%2Fv2%2Fcomments&post=7547"}],"wp:featuredmedia":[{"embeddable":true,"href":"https:\/\/koraledetale.pl\/index.php?rest_route=\/wp\/v2\/media\/7537"}],"wp:attachment":[{"href":"https:\/\/koraledetale.pl\/index.php?rest_route=%2Fwp%2Fv2%2Fmedia&parent=7547"}],"wp:term":[{"taxonomy":"product_brand","embeddable":true,"href":"https:\/\/koraledetale.pl\/index.php?rest_route=%2Fwp%2Fv2%2Fproduct_brand&post=7547"},{"taxonomy":"product_cat","embeddable":true,"href":"https:\/\/koraledetale.pl\/index.php?rest_route=%2Fwp%2Fv2%2Fproduct_cat&post=7547"},{"taxonomy":"product_tag","embeddable":true,"href":"https:\/\/koraledetale.pl\/index.php?rest_route=%2Fwp%2Fv2%2Fproduct_tag&post=7547"}],"curies":[{"name":"wp","href":"https:\/\/api.w.org\/{rel}","templated":true}]}}