{"id":7532,"date":"2025-07-14T09:34:21","date_gmt":"2025-07-14T09:34:21","guid":{"rendered":"https:\/\/koraledetale.pl\/?post_type=product&#038;p=7532"},"modified":"2026-02-21T07:45:18","modified_gmt":"2026-02-21T07:45:18","slug":"bransoletka-boskie-szarosci-z-labradorytami-i-perlami","status":"publish","type":"product","link":"https:\/\/koraledetale.pl\/?product=bransoletka-boskie-szarosci-z-labradorytami-i-perlami","title":{"rendered":"Bransoletka BOSKIE SZARO\u015aCI z labradorytami i per\u0142ami"},"content":{"rendered":"<p>Wielko\u015b\u0107 kamieni:<\/p>\n<ul>\n<li>labradoryt: 2,5 mm,<\/li>\n<li>per\u0142a: ok. 4&#215;2 mm,<\/li>\n<li>hematyt: 2 mm.<\/li>\n<\/ul>\n<p>D\u0142ugo\u015b\u0107 bransoletki: 16,2-19,2 cm.<\/p>\n<p>Kamienie zasupe\u0142kowane s\u0105 na szarej, mocnej nici jubilerskiej.<\/p>\n<p>Wszystkie elementy metalowe wykonane s\u0105 ze stali szlachetnej w kolorze z\u0142otym.<\/p>\n<p>Bransoletka jest bezpieczna przy u\u017cywaniu zgodnie z jej zastosowaniem.<\/p>\n","protected":false},"excerpt":{"rendered":"<p>Supe\u0142kowa bransoletka z drobnymi labradorytami, przeplatanymi pod\u0142u\u017cnymi, bia\u0142ymi pere\u0142kami i z\u0142otymi hematytami.<\/p>\n","protected":false},"featured_media":7531,"comment_status":"open","ping_status":"closed","template":"","meta":{"advanced_seo_description":"","jetpack_seo_html_title":"","jetpack_seo_noindex":false},"product_brand":[],"product_cat":[229],"product_tag":[2748,2749,1769,56,57,31],"class_list":{"0":"post-7532","1":"product","2":"type-product","3":"status-publish","4":"has-post-thumbnail","6":"product_cat-sprzedane","7":"product_tag-bransoletka-z-drobnymi-labradorytami-i-perelkami","8":"product_tag-bransoletka-z-labradorytami-i-perlami","9":"product_tag-bransoletka-z-szarymi-kamieniami-naturalnymi","10":"product_tag-labradoryt","11":"product_tag-perla","12":"product_tag-zloty-hematyt","14":"first","15":"outofstock","16":"shipping-taxable","17":"purchasable","18":"product-type-simple"},"jetpack_sharing_enabled":true,"_links":{"self":[{"href":"https:\/\/koraledetale.pl\/index.php?rest_route=\/wp\/v2\/product\/7532","targetHints":{"allow":["GET"]}}],"collection":[{"href":"https:\/\/koraledetale.pl\/index.php?rest_route=\/wp\/v2\/product"}],"about":[{"href":"https:\/\/koraledetale.pl\/index.php?rest_route=\/wp\/v2\/types\/product"}],"replies":[{"embeddable":true,"href":"https:\/\/koraledetale.pl\/index.php?rest_route=%2Fwp%2Fv2%2Fcomments&post=7532"}],"wp:featuredmedia":[{"embeddable":true,"href":"https:\/\/koraledetale.pl\/index.php?rest_route=\/wp\/v2\/media\/7531"}],"wp:attachment":[{"href":"https:\/\/koraledetale.pl\/index.php?rest_route=%2Fwp%2Fv2%2Fmedia&parent=7532"}],"wp:term":[{"taxonomy":"product_brand","embeddable":true,"href":"https:\/\/koraledetale.pl\/index.php?rest_route=%2Fwp%2Fv2%2Fproduct_brand&post=7532"},{"taxonomy":"product_cat","embeddable":true,"href":"https:\/\/koraledetale.pl\/index.php?rest_route=%2Fwp%2Fv2%2Fproduct_cat&post=7532"},{"taxonomy":"product_tag","embeddable":true,"href":"https:\/\/koraledetale.pl\/index.php?rest_route=%2Fwp%2Fv2%2Fproduct_tag&post=7532"}],"curies":[{"name":"wp","href":"https:\/\/api.w.org\/{rel}","templated":true}]}}