{"id":7523,"date":"2025-07-14T09:25:58","date_gmt":"2025-07-14T09:25:58","guid":{"rendered":"https:\/\/koraledetale.pl\/?post_type=product&#038;p=7523"},"modified":"2025-07-14T09:44:51","modified_gmt":"2025-07-14T09:44:51","slug":"bransoletka-boskie-szarosci-z-labradorytami-i-perla","status":"publish","type":"product","link":"https:\/\/koraledetale.pl\/?product=bransoletka-boskie-szarosci-z-labradorytami-i-perla","title":{"rendered":"Bransoletka BOSKIE SZARO\u015aCI z labradorytami i per\u0142\u0105"},"content":{"rendered":"<p>Wielko\u015b\u0107 kamieni:<\/p>\n<ul>\n<li>labradoryt: 2,5 mm,<\/li>\n<li>per\u0142a: 4,5 mm,<\/li>\n<li>hematyt: 2 mm.<\/li>\n<\/ul>\n<p>D\u0142ugo\u015b\u0107 bransoletki: 16-19 cm.<\/p>\n<p>Kamienie zasupe\u0142kowane s\u0105 na szarej, mocnej nici jubilerskiej.<\/p>\n<p>Wszystkie elementy metalowe wykonane s\u0105 ze stali szlachetnej w kolorze z\u0142otym.<\/p>\n<p>Bransoletka jest bezpieczna przy u\u017cywaniu zgodnie z jej zastosowaniem.<\/p>\n","protected":false},"excerpt":{"rendered":"<p>Supe\u0142kowa bransoletka z drobnymi labradorytami, przeplatanymi z\u0142otymi hematytami, z szar\u0105 per\u0142\u0105 w jej centrum.<\/p>\n","protected":false},"featured_media":7524,"comment_status":"open","ping_status":"closed","template":"","meta":{"advanced_seo_description":"","jetpack_seo_html_title":"","jetpack_seo_noindex":false},"product_brand":[],"product_cat":[17],"product_tag":[2072,2747,2746,56,61,31],"class_list":{"0":"post-7523","1":"product","2":"type-product","3":"status-publish","4":"has-post-thumbnail","6":"product_cat-bransoletki","7":"product_tag-bransoletka-z-drobnymi-kamieniami-naturalnymi","8":"product_tag-bransoletka-z-drobnymi-labradorytami-i-perla","9":"product_tag-bransoletka-z-labradorytami-i-szara-perla","10":"product_tag-labradoryt","11":"product_tag-szara-perla","12":"product_tag-zloty-hematyt","14":"first","15":"instock","16":"shipping-taxable","17":"purchasable","18":"product-type-simple"},"jetpack_sharing_enabled":true,"_links":{"self":[{"href":"https:\/\/koraledetale.pl\/index.php?rest_route=\/wp\/v2\/product\/7523","targetHints":{"allow":["GET"]}}],"collection":[{"href":"https:\/\/koraledetale.pl\/index.php?rest_route=\/wp\/v2\/product"}],"about":[{"href":"https:\/\/koraledetale.pl\/index.php?rest_route=\/wp\/v2\/types\/product"}],"replies":[{"embeddable":true,"href":"https:\/\/koraledetale.pl\/index.php?rest_route=%2Fwp%2Fv2%2Fcomments&post=7523"}],"wp:featuredmedia":[{"embeddable":true,"href":"https:\/\/koraledetale.pl\/index.php?rest_route=\/wp\/v2\/media\/7524"}],"wp:attachment":[{"href":"https:\/\/koraledetale.pl\/index.php?rest_route=%2Fwp%2Fv2%2Fmedia&parent=7523"}],"wp:term":[{"taxonomy":"product_brand","embeddable":true,"href":"https:\/\/koraledetale.pl\/index.php?rest_route=%2Fwp%2Fv2%2Fproduct_brand&post=7523"},{"taxonomy":"product_cat","embeddable":true,"href":"https:\/\/koraledetale.pl\/index.php?rest_route=%2Fwp%2Fv2%2Fproduct_cat&post=7523"},{"taxonomy":"product_tag","embeddable":true,"href":"https:\/\/koraledetale.pl\/index.php?rest_route=%2Fwp%2Fv2%2Fproduct_tag&post=7523"}],"curies":[{"name":"wp","href":"https:\/\/api.w.org\/{rel}","templated":true}]}}