{"id":7504,"date":"2025-07-10T10:31:11","date_gmt":"2025-07-10T10:31:11","guid":{"rendered":"https:\/\/koraledetale.pl\/?post_type=product&#038;p=7504"},"modified":"2025-08-10T19:06:18","modified_gmt":"2025-08-10T19:06:18","slug":"bransoletka-mystic-ze-spinelami-wersja-srebrna","status":"publish","type":"product","link":"https:\/\/koraledetale.pl\/?product=bransoletka-mystic-ze-spinelami-wersja-srebrna","title":{"rendered":"Bransoletka MYSTIC ze spinelami \u2013 wersja srebrna"},"content":{"rendered":"<p>Wielko\u015b\u0107 kamieni:<\/p>\n<ul>\n<li>spinel \u2013 2 mm,<\/li>\n<li>hematyt \u2013 2\u00d71 mm.<\/li>\n<\/ul>\n<p>D\u0142ugo\u015b\u0107 bransoletki: 16,7 \u2013 19,7 cm.<\/p>\n<p>Wszystkie elementy metalowe wykonane s\u0105 z nieuczulaj\u0105cej stali szlachetnej w kolorze srebrnym.<\/p>\n<p>Bransoletka jest bezpieczna przy u\u017cywaniu zgodnie z jej zastosowaniem.<\/p>\n","protected":false},"excerpt":{"rendered":"<p>Bransoletka z drobnuitkimi spinelami MISTIC (wyj\u0105tkowo l\u015bni\u0105cymi), przeplatanymi srebrnymi hematytami, z zawieszk\u0105 \u2013 a\u017curow\u0105 lunul\u0105.<\/p>\n","protected":false},"featured_media":7498,"comment_status":"open","ping_status":"closed","template":"","meta":{"advanced_seo_description":"","jetpack_seo_html_title":"","jetpack_seo_noindex":false},"product_brand":[],"product_cat":[229],"product_tag":[2732,2733,757,2731,26],"class_list":{"0":"post-7504","1":"product","2":"type-product","3":"status-publish","4":"has-post-thumbnail","6":"product_cat-sprzedane","7":"product_tag-bransoletka-z-czarnymi-kamieniami-naturalnymi-i-lunula","8":"product_tag-bransoletka-ze-spinelami-mystic-i-lunula","9":"product_tag-lunula","10":"product_tag-spinel-mystic","11":"product_tag-srebrny-hematyt","13":"first","14":"outofstock","15":"shipping-taxable","16":"purchasable","17":"product-type-simple"},"jetpack_sharing_enabled":true,"_links":{"self":[{"href":"https:\/\/koraledetale.pl\/index.php?rest_route=\/wp\/v2\/product\/7504","targetHints":{"allow":["GET"]}}],"collection":[{"href":"https:\/\/koraledetale.pl\/index.php?rest_route=\/wp\/v2\/product"}],"about":[{"href":"https:\/\/koraledetale.pl\/index.php?rest_route=\/wp\/v2\/types\/product"}],"replies":[{"embeddable":true,"href":"https:\/\/koraledetale.pl\/index.php?rest_route=%2Fwp%2Fv2%2Fcomments&post=7504"}],"wp:featuredmedia":[{"embeddable":true,"href":"https:\/\/koraledetale.pl\/index.php?rest_route=\/wp\/v2\/media\/7498"}],"wp:attachment":[{"href":"https:\/\/koraledetale.pl\/index.php?rest_route=%2Fwp%2Fv2%2Fmedia&parent=7504"}],"wp:term":[{"taxonomy":"product_brand","embeddable":true,"href":"https:\/\/koraledetale.pl\/index.php?rest_route=%2Fwp%2Fv2%2Fproduct_brand&post=7504"},{"taxonomy":"product_cat","embeddable":true,"href":"https:\/\/koraledetale.pl\/index.php?rest_route=%2Fwp%2Fv2%2Fproduct_cat&post=7504"},{"taxonomy":"product_tag","embeddable":true,"href":"https:\/\/koraledetale.pl\/index.php?rest_route=%2Fwp%2Fv2%2Fproduct_tag&post=7504"}],"curies":[{"name":"wp","href":"https:\/\/api.w.org\/{rel}","templated":true}]}}