{"id":7486,"date":"2025-07-07T17:10:22","date_gmt":"2025-07-07T17:10:22","guid":{"rendered":"https:\/\/koraledetale.pl\/?post_type=product&#038;p=7486"},"modified":"2025-07-31T10:10:30","modified_gmt":"2025-07-31T10:10:30","slug":"naszyjnik-nowy-poczatek-z-kamieniami-ksiezycowymi-i-rodochrozytami","status":"publish","type":"product","link":"https:\/\/koraledetale.pl\/?product=naszyjnik-nowy-poczatek-z-kamieniami-ksiezycowymi-i-rodochrozytami","title":{"rendered":"Naszyjnik NOWY POCZ\u0104TEK z kamieniami ksi\u0119\u017cycowymi i rodochrozytami"},"content":{"rendered":"<p>Wielko\u015b\u0107 kamieni:<\/p>\n<ul>\n<li>kamie\u0144 ksi\u0119\u017cycowy \u2013 3 mm i 6&#215;3,5 mm (przy zawieszce),<\/li>\n<li>rodochrozyt &#8211; 3,5&#215;3 mm.<\/li>\n<li>hematyt \u2013 3\u00d72 mm i 2 mm.<\/li>\n<\/ul>\n<p>D\u0142ugo\u015b\u0107 naszyjnika: 40 \u2013 45 cm + zawieszka \u2013 2,2 cm.<\/p>\n<p>Kamienie zasupe\u0142kowane s\u0105 na r\u00f3\u017cowej, mocnej nici jubilerskiej.<\/p>\n<p>Wszystkie elementy metalowe wykonane s\u0105 z nieuczulaj\u0105cej stali szlachetnej w kolorze srebrnym.<\/p>\n<p>Naszyjnik jest bezpieczny przy u\u017cywaniu zgodnie z jego zastosowaniem.<\/p>\n","protected":false},"excerpt":{"rendered":"<p>Naszyjnik z kamieniami ksi\u0119\u017cycowymi, z wplecionymi rodochrozytami oraz srebrnymi hematytami. Zwie\u0144czeniem naszyjnika jest srebrna, a\u017curowa lunula z kamieniem ksi\u0119\u017cycowym.<\/p>\n","protected":false},"featured_media":7488,"comment_status":"open","ping_status":"closed","template":"","meta":{"advanced_seo_description":"","jetpack_seo_html_title":"","jetpack_seo_noindex":false},"product_brand":[],"product_cat":[229],"product_tag":[64,757,2728,2727,2726,545,26],"class_list":{"0":"post-7486","1":"product","2":"type-product","3":"status-publish","4":"has-post-thumbnail","6":"product_cat-sprzedane","7":"product_tag-kamien-ksiezycowy","8":"product_tag-lunula","9":"product_tag-naszyjnik-z-bialymi-kamieniami-naturalnymi","10":"product_tag-naszyjnik-z-kamieniami-ksiezycowymi-i-lunula","11":"product_tag-naszyjnik-z-kamieniami-ksiezycowymi-i-rodochrozytami","12":"product_tag-rodochrozyt","13":"product_tag-srebrny-hematyt","15":"first","16":"outofstock","17":"shipping-taxable","18":"purchasable","19":"product-type-simple"},"jetpack_sharing_enabled":true,"_links":{"self":[{"href":"https:\/\/koraledetale.pl\/index.php?rest_route=\/wp\/v2\/product\/7486","targetHints":{"allow":["GET"]}}],"collection":[{"href":"https:\/\/koraledetale.pl\/index.php?rest_route=\/wp\/v2\/product"}],"about":[{"href":"https:\/\/koraledetale.pl\/index.php?rest_route=\/wp\/v2\/types\/product"}],"replies":[{"embeddable":true,"href":"https:\/\/koraledetale.pl\/index.php?rest_route=%2Fwp%2Fv2%2Fcomments&post=7486"}],"wp:featuredmedia":[{"embeddable":true,"href":"https:\/\/koraledetale.pl\/index.php?rest_route=\/wp\/v2\/media\/7488"}],"wp:attachment":[{"href":"https:\/\/koraledetale.pl\/index.php?rest_route=%2Fwp%2Fv2%2Fmedia&parent=7486"}],"wp:term":[{"taxonomy":"product_brand","embeddable":true,"href":"https:\/\/koraledetale.pl\/index.php?rest_route=%2Fwp%2Fv2%2Fproduct_brand&post=7486"},{"taxonomy":"product_cat","embeddable":true,"href":"https:\/\/koraledetale.pl\/index.php?rest_route=%2Fwp%2Fv2%2Fproduct_cat&post=7486"},{"taxonomy":"product_tag","embeddable":true,"href":"https:\/\/koraledetale.pl\/index.php?rest_route=%2Fwp%2Fv2%2Fproduct_tag&post=7486"}],"curies":[{"name":"wp","href":"https:\/\/api.w.org\/{rel}","templated":true}]}}