{"id":7479,"date":"2025-07-05T11:45:10","date_gmt":"2025-07-05T11:45:10","guid":{"rendered":"https:\/\/koraledetale.pl\/?post_type=product&#038;p=7479"},"modified":"2025-12-21T12:49:17","modified_gmt":"2025-12-21T12:49:17","slug":"bransoletka-miod-z-truskawkami-z-turmalinami-i-kwarcem-truskawkowym","status":"publish","type":"product","link":"https:\/\/koraledetale.pl\/?product=bransoletka-miod-z-truskawkami-z-turmalinami-i-kwarcem-truskawkowym","title":{"rendered":"Bransoletka MI\u00d3D Z TRUSKAWKAMI z turmalinami i kwarcem truskawkowym"},"content":{"rendered":"<p>Wielko\u015b\u0107 kamieni:<\/p>\n<ul>\n<li>turmalin \u2013 ok. 3,5\u00d72 mm i 3 mm (przy przed\u0142u\u017cce),<\/li>\n<li>kwarc truskawkowy &#8211; 6x6x3,8 mm,<\/li>\n<li>hematyt \u2013 3\u00d71 mm i 2 mm.<\/li>\n<\/ul>\n<p>D\u0142ugo\u015b\u0107 bransoletki: 16,7 \u2013 19,7 cm.<\/p>\n<p>Wszystkie elementy metalowe wykonane s\u0105 z nieuczulaj\u0105cej stali szlachetnej w kolorze z\u0142otym.<\/p>\n<p>Bransoletka jest bezpieczna przy u\u017cywaniu zgodnie z jej zastosowaniem.<\/p>\n","protected":false},"excerpt":{"rendered":"<p>Bransoletka z ciosanych\u00a0 plastr\u00f3w turmalin\u00f3w w odcieniach r\u00f3\u017cu, zieleni i miodu, przeplatanych z\u0142otymi hematytami, z kwarcem truskawkowym w centrum.<\/p>\n","protected":false},"featured_media":7473,"comment_status":"open","ping_status":"closed","template":"","meta":{"advanced_seo_description":"","jetpack_seo_html_title":"","jetpack_seo_noindex":false},"product_brand":[],"product_cat":[229],"product_tag":[1949,2723,1557,1854,58,31],"class_list":{"0":"post-7479","1":"product","2":"type-product","3":"status-publish","4":"has-post-thumbnail","6":"product_cat-sprzedane","7":"product_tag-bransoletka-z-kolorowymi-kamieniami-naturalnymi","8":"product_tag-bransoletka-z-kolorowymi-turmalinami-i-kwarcem-truskawkowym","9":"product_tag-bransoletka-z-rozowymi-kamieniami-naturalnymi","10":"product_tag-kolorowy-turmalin","11":"product_tag-kwarc-truskawkowy","12":"product_tag-zloty-hematyt","14":"first","15":"outofstock","16":"shipping-taxable","17":"purchasable","18":"product-type-simple"},"jetpack_sharing_enabled":true,"_links":{"self":[{"href":"https:\/\/koraledetale.pl\/index.php?rest_route=\/wp\/v2\/product\/7479","targetHints":{"allow":["GET"]}}],"collection":[{"href":"https:\/\/koraledetale.pl\/index.php?rest_route=\/wp\/v2\/product"}],"about":[{"href":"https:\/\/koraledetale.pl\/index.php?rest_route=\/wp\/v2\/types\/product"}],"replies":[{"embeddable":true,"href":"https:\/\/koraledetale.pl\/index.php?rest_route=%2Fwp%2Fv2%2Fcomments&post=7479"}],"wp:featuredmedia":[{"embeddable":true,"href":"https:\/\/koraledetale.pl\/index.php?rest_route=\/wp\/v2\/media\/7473"}],"wp:attachment":[{"href":"https:\/\/koraledetale.pl\/index.php?rest_route=%2Fwp%2Fv2%2Fmedia&parent=7479"}],"wp:term":[{"taxonomy":"product_brand","embeddable":true,"href":"https:\/\/koraledetale.pl\/index.php?rest_route=%2Fwp%2Fv2%2Fproduct_brand&post=7479"},{"taxonomy":"product_cat","embeddable":true,"href":"https:\/\/koraledetale.pl\/index.php?rest_route=%2Fwp%2Fv2%2Fproduct_cat&post=7479"},{"taxonomy":"product_tag","embeddable":true,"href":"https:\/\/koraledetale.pl\/index.php?rest_route=%2Fwp%2Fv2%2Fproduct_tag&post=7479"}],"curies":[{"name":"wp","href":"https:\/\/api.w.org\/{rel}","templated":true}]}}