{"id":7467,"date":"2025-07-04T12:55:44","date_gmt":"2025-07-04T12:55:44","guid":{"rendered":"https:\/\/koraledetale.pl\/?post_type=product&#038;p=7467"},"modified":"2025-07-24T20:57:24","modified_gmt":"2025-07-24T20:57:24","slug":"naszyjnik-pokusa-z-koralami-sodalitami-i-magnezytami","status":"publish","type":"product","link":"https:\/\/koraledetale.pl\/?product=naszyjnik-pokusa-z-koralami-sodalitami-i-magnezytami","title":{"rendered":"Naszyjnik POKUSA z koralami, sodalitami i magnezytami"},"content":{"rendered":"<p>Wielko\u015b\u0107 kamieni:<\/p>\n<ul>\n<li>koral \u2013 2,5 mm,<\/li>\n<li>sodalit \u2013 2,5 mm,<\/li>\n<li>magnezyt \u2013 2,5 mm,<\/li>\n<li>hematyt \u2013 8\u00d72 mm i 2 mm.<\/li>\n<\/ul>\n<p>D\u0142ugo\u015b\u0107 naszyjnika: 44-48,5cm + 2 cm zawieszka.<\/p>\n<p>Kamienie zasupe\u0142kowane s\u0105 na czerwonej, mocnej nici jubilerskiej.<\/p>\n<p>Wszystkie elementy metalowe wykonane s\u0105 z nieuczulaj\u0105cej stali szlachetnej w kolorze z\u0142otym.<\/p>\n<p>Naszyjnik jest bezpieczny przy u\u017cywaniu zgodnie z jego zastosowaniem.<\/p>\n","protected":false},"excerpt":{"rendered":"<p>Naszyjnik z \u0142ososiowymi koralami przeplatanymi sodalitami, magnezytami i z\u0142otymi hematytami. Zwie\u0144czeniem naszyjnika jest jednostronna zawieszka z symbolem trzeciego oka, z ochronn\u0105 czerwon\u0105 nitk\u0105 i koralem.<\/p>\n","protected":false},"featured_media":7464,"comment_status":"open","ping_status":"closed","template":"","meta":{"advanced_seo_description":"","jetpack_seo_html_title":"","jetpack_seo_noindex":false},"product_brand":[],"product_cat":[229],"product_tag":[82,491,2719,2718,1003],"class_list":{"0":"post-7467","1":"product","2":"type-product","3":"status-publish","4":"has-post-thumbnail","6":"product_cat-sprzedane","7":"product_tag-koral","8":"product_tag-magnezyt","9":"product_tag-naszyjnik-z-kolorowymi-kamieniami-naturalnymi-i-trzecim-okiem","10":"product_tag-naszyjnik-z-koralami-sodalitami-i-magnezytami","11":"product_tag-sodalit","13":"first","14":"outofstock","15":"shipping-taxable","16":"purchasable","17":"product-type-simple"},"jetpack_sharing_enabled":true,"_links":{"self":[{"href":"https:\/\/koraledetale.pl\/index.php?rest_route=\/wp\/v2\/product\/7467","targetHints":{"allow":["GET"]}}],"collection":[{"href":"https:\/\/koraledetale.pl\/index.php?rest_route=\/wp\/v2\/product"}],"about":[{"href":"https:\/\/koraledetale.pl\/index.php?rest_route=\/wp\/v2\/types\/product"}],"replies":[{"embeddable":true,"href":"https:\/\/koraledetale.pl\/index.php?rest_route=%2Fwp%2Fv2%2Fcomments&post=7467"}],"wp:featuredmedia":[{"embeddable":true,"href":"https:\/\/koraledetale.pl\/index.php?rest_route=\/wp\/v2\/media\/7464"}],"wp:attachment":[{"href":"https:\/\/koraledetale.pl\/index.php?rest_route=%2Fwp%2Fv2%2Fmedia&parent=7467"}],"wp:term":[{"taxonomy":"product_brand","embeddable":true,"href":"https:\/\/koraledetale.pl\/index.php?rest_route=%2Fwp%2Fv2%2Fproduct_brand&post=7467"},{"taxonomy":"product_cat","embeddable":true,"href":"https:\/\/koraledetale.pl\/index.php?rest_route=%2Fwp%2Fv2%2Fproduct_cat&post=7467"},{"taxonomy":"product_tag","embeddable":true,"href":"https:\/\/koraledetale.pl\/index.php?rest_route=%2Fwp%2Fv2%2Fproduct_tag&post=7467"}],"curies":[{"name":"wp","href":"https:\/\/api.w.org\/{rel}","templated":true}]}}