{"id":7460,"date":"2025-07-04T12:22:30","date_gmt":"2025-07-04T12:22:30","guid":{"rendered":"https:\/\/koraledetale.pl\/?post_type=product&#038;p=7460"},"modified":"2026-04-01T14:44:25","modified_gmt":"2026-04-01T14:44:25","slug":"naszyjnik-pokusa-z-koralami-sodalitami-i-turkusami-2","status":"publish","type":"product","link":"https:\/\/koraledetale.pl\/?product=naszyjnik-pokusa-z-koralami-sodalitami-i-turkusami-2","title":{"rendered":"Naszyjnik POKUSA z koralami, sodalitami i turkusami"},"content":{"rendered":"<p>Wielko\u015b\u0107 kamieni:<\/p>\n<ul>\n<li>howlit &#8211; 3 mm,<\/li>\n<li>lapis lazuli &#8211; 3 mm,<\/li>\n<li>koral \u2013 3 mm,<\/li>\n<li>hematyt \u2013 8\u00d72 mm i 2 mm.<\/li>\n<\/ul>\n<p>D\u0142ugo\u015b\u0107 naszyjnika: 42-47cm + 2 cm zawieszka.<\/p>\n<p>Kamienie zasupe\u0142kowane s\u0105 na czerwonej, mocnej nici jubilerskiej.<\/p>\n<p>Wszystkie elementy metalowe wykonane s\u0105 z nieuczulaj\u0105cej stali szlachetnej w kolorze z\u0142otym.<\/p>\n<p>Naszyjnik jest bezpieczny przy u\u017cywaniu zgodnie z jego zastosowaniem.<\/p>\n","protected":false},"excerpt":{"rendered":"<p>Naszyjnik z b\u0142\u0119kitnymi howlitami przeplatanymi lapis lazili, czerwonymi koralami, turkusowymi howlitami i z\u0142otymi hematytami. Zwie\u0144czeniem naszyjnika jest jednostronna zawieszka z symbolem trzeciego oka, z ochronn\u0105 czerwon\u0105 nitk\u0105 i howlitem.<\/p>\n","protected":false},"featured_media":7463,"comment_status":"open","ping_status":"closed","template":"","meta":{"advanced_seo_description":"","jetpack_seo_html_title":"","jetpack_seo_noindex":false},"product_brand":[],"product_cat":[229],"product_tag":[2717,463,82,1409,2662,2715,2716,2044,31],"class_list":{"0":"post-7460","1":"product","2":"type-product","3":"status-publish","4":"has-post-thumbnail","6":"product_cat-sprzedane","7":"product_tag-blekitny-howlit","8":"product_tag-howlit-turkusowy","9":"product_tag-koral","10":"product_tag-lapis-lazuli","11":"product_tag-naszyjnik-z-blekitnymi-kamieniami-naturalnymi","12":"product_tag-naszyjnik-z-kolorowymi-kamieniami-naturalnymi-na-czerwonej-nitce","13":"product_tag-naszyjnik-z-trzecim-okiem-i-kamieniami-naturalnymi","14":"product_tag-trzecie-oko","15":"product_tag-zloty-hematyt","17":"first","18":"outofstock","19":"shipping-taxable","20":"purchasable","21":"product-type-simple"},"jetpack_sharing_enabled":true,"_links":{"self":[{"href":"https:\/\/koraledetale.pl\/index.php?rest_route=\/wp\/v2\/product\/7460","targetHints":{"allow":["GET"]}}],"collection":[{"href":"https:\/\/koraledetale.pl\/index.php?rest_route=\/wp\/v2\/product"}],"about":[{"href":"https:\/\/koraledetale.pl\/index.php?rest_route=\/wp\/v2\/types\/product"}],"replies":[{"embeddable":true,"href":"https:\/\/koraledetale.pl\/index.php?rest_route=%2Fwp%2Fv2%2Fcomments&post=7460"}],"wp:featuredmedia":[{"embeddable":true,"href":"https:\/\/koraledetale.pl\/index.php?rest_route=\/wp\/v2\/media\/7463"}],"wp:attachment":[{"href":"https:\/\/koraledetale.pl\/index.php?rest_route=%2Fwp%2Fv2%2Fmedia&parent=7460"}],"wp:term":[{"taxonomy":"product_brand","embeddable":true,"href":"https:\/\/koraledetale.pl\/index.php?rest_route=%2Fwp%2Fv2%2Fproduct_brand&post=7460"},{"taxonomy":"product_cat","embeddable":true,"href":"https:\/\/koraledetale.pl\/index.php?rest_route=%2Fwp%2Fv2%2Fproduct_cat&post=7460"},{"taxonomy":"product_tag","embeddable":true,"href":"https:\/\/koraledetale.pl\/index.php?rest_route=%2Fwp%2Fv2%2Fproduct_tag&post=7460"}],"curies":[{"name":"wp","href":"https:\/\/api.w.org\/{rel}","templated":true}]}}