{"id":7433,"date":"2025-07-01T12:14:06","date_gmt":"2025-07-01T12:14:06","guid":{"rendered":"https:\/\/koraledetale.pl\/?post_type=product&#038;p=7433"},"modified":"2025-07-28T06:51:35","modified_gmt":"2025-07-28T06:51:35","slug":"kolczyki-jedwab-i-piora-bezowo-ceglaste","status":"publish","type":"product","link":"https:\/\/koraledetale.pl\/?product=kolczyki-jedwab-i-piora-bezowo-ceglaste","title":{"rendered":"Kolczyki JEDWAB I PI\u00d3RA be\u017cowo-ceglaste"},"content":{"rendered":"<p>D\u0142ugo\u015b\u0107 kolczyk\u00f3w: 15 cm.<\/p>\n<p>Wszystkie elementy metalowe wykonane s\u0105 z nieuczulaj\u0105cej stali szlachetnej w kolorze z\u0142otym.<\/p>\n<p>Do kolczyk\u00f3w do\u0142\u0105czone s\u0105 zatyczki silikonowe, zapobiegaj\u0105ce przypadkowemu wysuni\u0119ciu si\u0119 bigli.<\/p>\n<p>Kolczyki s\u0105 bezpieczne przy u\u017cywaniu zgodnie z ich zastosowaniem.<\/p>\n","protected":false},"excerpt":{"rendered":"<p>D\u0142ugie kolczyki z pasm jedwabiu i pi\u00f3r, zawieszonych na otwartych biglach.<\/p>\n","protected":false},"featured_media":7434,"comment_status":"open","ping_status":"closed","template":"","meta":{"advanced_seo_description":"","jetpack_seo_html_title":"","jetpack_seo_noindex":false},"product_brand":[],"product_cat":[229],"product_tag":[2712,2711,478,622,925],"class_list":{"0":"post-7433","1":"product","2":"type-product","3":"status-publish","4":"has-post-thumbnail","6":"product_cat-sprzedane","7":"product_tag-dlugie-jedwabne-kolczyki-z-piorami","8":"product_tag-dlugie-kolczyki-z-jedwabiem-i-piorami","9":"product_tag-jedwab","10":"product_tag-kolczyki-w-stylu-boho","11":"product_tag-piora","13":"first","14":"outofstock","15":"shipping-taxable","16":"purchasable","17":"product-type-simple"},"jetpack_sharing_enabled":true,"_links":{"self":[{"href":"https:\/\/koraledetale.pl\/index.php?rest_route=\/wp\/v2\/product\/7433","targetHints":{"allow":["GET"]}}],"collection":[{"href":"https:\/\/koraledetale.pl\/index.php?rest_route=\/wp\/v2\/product"}],"about":[{"href":"https:\/\/koraledetale.pl\/index.php?rest_route=\/wp\/v2\/types\/product"}],"replies":[{"embeddable":true,"href":"https:\/\/koraledetale.pl\/index.php?rest_route=%2Fwp%2Fv2%2Fcomments&post=7433"}],"wp:featuredmedia":[{"embeddable":true,"href":"https:\/\/koraledetale.pl\/index.php?rest_route=\/wp\/v2\/media\/7434"}],"wp:attachment":[{"href":"https:\/\/koraledetale.pl\/index.php?rest_route=%2Fwp%2Fv2%2Fmedia&parent=7433"}],"wp:term":[{"taxonomy":"product_brand","embeddable":true,"href":"https:\/\/koraledetale.pl\/index.php?rest_route=%2Fwp%2Fv2%2Fproduct_brand&post=7433"},{"taxonomy":"product_cat","embeddable":true,"href":"https:\/\/koraledetale.pl\/index.php?rest_route=%2Fwp%2Fv2%2Fproduct_cat&post=7433"},{"taxonomy":"product_tag","embeddable":true,"href":"https:\/\/koraledetale.pl\/index.php?rest_route=%2Fwp%2Fv2%2Fproduct_tag&post=7433"}],"curies":[{"name":"wp","href":"https:\/\/api.w.org\/{rel}","templated":true}]}}