{"id":7413,"date":"2025-06-27T12:24:49","date_gmt":"2025-06-27T12:24:49","guid":{"rendered":"https:\/\/koraledetale.pl\/?post_type=product&#038;p=7413"},"modified":"2025-12-20T11:32:06","modified_gmt":"2025-12-20T11:32:06","slug":"bransoletka-galazka-oliwna-z-perlami","status":"publish","type":"product","link":"https:\/\/koraledetale.pl\/?product=bransoletka-galazka-oliwna-z-perlami","title":{"rendered":"Bransoletka GA\u0141\u0104ZKA OLIWNA z per\u0142ami i oliwinami"},"content":{"rendered":"<p>Wielko\u015b\u0107 kamieni:<\/p>\n<ul>\n<li>per\u0142a \u2013 ok. 5\u00d72,5 mm,<\/li>\n<li>oliwin &#8211; 5x4x2,5 mm, 4,3x3x2,5 mm, ok. 3,5&#215;3 mm i 7&#215;2,5 mm (przy zawieszce),<\/li>\n<li>hematyt \u2013 2 mm.<\/li>\n<\/ul>\n<p>D\u0142ugo\u015b\u0107 bransoletki: 17-19,5 cm.<\/p>\n<p>Wszystkie elementy metalowe wykonane s\u0105 z nieuczulaj\u0105cej stali szlachetnej w kolorze z\u0142otym.<\/p>\n<p>Bransoletka jest bezpieczna przy u\u017cywaniu zgodnie z jej zastosowaniem.<\/p>\n","protected":false},"excerpt":{"rendered":"<p>Bransoletka z drobnymi, nieregularnymi pere\u0142kami, przeplatanymi oliwinami o r\u00f3\u017cnych kszta\u0142tach, z zawieszkami &#8211; okr\u0105g\u0142ym oliwinem i drobnym serduszkiem.<\/p>\n","protected":false},"featured_media":7414,"comment_status":"open","ping_status":"closed","template":"","meta":{"advanced_seo_description":"","jetpack_seo_html_title":"","jetpack_seo_noindex":false},"product_brand":[],"product_cat":[229],"product_tag":[2702,80,30,57,2703,31],"class_list":{"0":"post-7413","1":"product","2":"type-product","3":"status-publish","4":"has-post-thumbnail","6":"product_cat-sprzedane","7":"product_tag-bransoletka-z-drobnymi-perlami-i-oliwinami","8":"product_tag-bransoletka-z-kamieniami-naturalnymi","9":"product_tag-oliwin","10":"product_tag-perla","11":"product_tag-perlowa-bransoletka-z-oliwinami","12":"product_tag-zloty-hematyt","14":"first","15":"outofstock","16":"shipping-taxable","17":"purchasable","18":"product-type-simple"},"jetpack_sharing_enabled":true,"_links":{"self":[{"href":"https:\/\/koraledetale.pl\/index.php?rest_route=\/wp\/v2\/product\/7413","targetHints":{"allow":["GET"]}}],"collection":[{"href":"https:\/\/koraledetale.pl\/index.php?rest_route=\/wp\/v2\/product"}],"about":[{"href":"https:\/\/koraledetale.pl\/index.php?rest_route=\/wp\/v2\/types\/product"}],"replies":[{"embeddable":true,"href":"https:\/\/koraledetale.pl\/index.php?rest_route=%2Fwp%2Fv2%2Fcomments&post=7413"}],"wp:featuredmedia":[{"embeddable":true,"href":"https:\/\/koraledetale.pl\/index.php?rest_route=\/wp\/v2\/media\/7414"}],"wp:attachment":[{"href":"https:\/\/koraledetale.pl\/index.php?rest_route=%2Fwp%2Fv2%2Fmedia&parent=7413"}],"wp:term":[{"taxonomy":"product_brand","embeddable":true,"href":"https:\/\/koraledetale.pl\/index.php?rest_route=%2Fwp%2Fv2%2Fproduct_brand&post=7413"},{"taxonomy":"product_cat","embeddable":true,"href":"https:\/\/koraledetale.pl\/index.php?rest_route=%2Fwp%2Fv2%2Fproduct_cat&post=7413"},{"taxonomy":"product_tag","embeddable":true,"href":"https:\/\/koraledetale.pl\/index.php?rest_route=%2Fwp%2Fv2%2Fproduct_tag&post=7413"}],"curies":[{"name":"wp","href":"https:\/\/api.w.org\/{rel}","templated":true}]}}