{"id":7395,"date":"2025-06-18T14:01:28","date_gmt":"2025-06-18T14:01:28","guid":{"rendered":"https:\/\/koraledetale.pl\/?post_type=product&#038;p=7395"},"modified":"2025-07-28T06:39:14","modified_gmt":"2025-07-28T06:39:14","slug":"naszyjnik-flamenco-z-rubinami-i-andaluzytem","status":"publish","type":"product","link":"https:\/\/koraledetale.pl\/?product=naszyjnik-flamenco-z-rubinami-i-andaluzytem","title":{"rendered":"Naszyjnik FLAMENCO z rubinami i andaluzytem"},"content":{"rendered":"<p>Wielko\u015b\u0107 kamieni:<\/p>\n<ul>\n<li>rubin \u2013 2 mm,<\/li>\n<li>andaluzyt &#8211; 9x5x3 mm,<\/li>\n<li>hematyt \u2013 2\u00d71 mm i 2 mm.<\/li>\n<\/ul>\n<p>D\u0142ugo\u015b\u0107 naszyjnika: 38,5 &#8211; 43,5 cm.<\/p>\n<p>Kamienie zasupe\u0142kowane s\u0105 na jasnobr\u0105zowej, mocnej nici jubilerskiej.<\/p>\n<p>Wszystkie elementy metalowe wykonane s\u0105 z nieuczulaj\u0105cej stali szlachetnej w kolorze z\u0142otym.<\/p>\n<p>Naszyjnik jest bezpieczny przy u\u017cywaniu zgodnie z jego zastosowaniem.<\/p>\n","protected":false},"excerpt":{"rendered":"<p>Naszyjnik z drobnymi, cieniowanymi rubinami, przeplatanymi z\u0142otymi hematytami, zwie\u0144czony kropelk\u0105 andaluzytu.<\/p>\n","protected":false},"featured_media":7386,"comment_status":"open","ping_status":"closed","template":"","meta":{"advanced_seo_description":"","jetpack_seo_html_title":"","jetpack_seo_noindex":false},"product_brand":[],"product_cat":[229],"product_tag":[2693,2698,2696,2695,2697,117,31],"class_list":{"0":"post-7395","1":"product","2":"type-product","3":"status-publish","4":"has-post-thumbnail","6":"product_cat-sprzedane","7":"product_tag-andaluzyt","8":"product_tag-delikatny-naszyjnik-z-rozowymi-kamieniami-naturalnymi","9":"product_tag-naszyjnik-z-cieniowanymi-rubinami-i-andaluzytem","10":"product_tag-naszyjnik-z-drobnymi-rubinami-z-kropelka-andaluzytu","11":"product_tag-naszyjnik-z-dronymi-kamieniami-naturalnymi","12":"product_tag-rubin","13":"product_tag-zloty-hematyt","15":"first","16":"outofstock","17":"shipping-taxable","18":"purchasable","19":"product-type-simple"},"jetpack_sharing_enabled":true,"_links":{"self":[{"href":"https:\/\/koraledetale.pl\/index.php?rest_route=\/wp\/v2\/product\/7395","targetHints":{"allow":["GET"]}}],"collection":[{"href":"https:\/\/koraledetale.pl\/index.php?rest_route=\/wp\/v2\/product"}],"about":[{"href":"https:\/\/koraledetale.pl\/index.php?rest_route=\/wp\/v2\/types\/product"}],"replies":[{"embeddable":true,"href":"https:\/\/koraledetale.pl\/index.php?rest_route=%2Fwp%2Fv2%2Fcomments&post=7395"}],"wp:featuredmedia":[{"embeddable":true,"href":"https:\/\/koraledetale.pl\/index.php?rest_route=\/wp\/v2\/media\/7386"}],"wp:attachment":[{"href":"https:\/\/koraledetale.pl\/index.php?rest_route=%2Fwp%2Fv2%2Fmedia&parent=7395"}],"wp:term":[{"taxonomy":"product_brand","embeddable":true,"href":"https:\/\/koraledetale.pl\/index.php?rest_route=%2Fwp%2Fv2%2Fproduct_brand&post=7395"},{"taxonomy":"product_cat","embeddable":true,"href":"https:\/\/koraledetale.pl\/index.php?rest_route=%2Fwp%2Fv2%2Fproduct_cat&post=7395"},{"taxonomy":"product_tag","embeddable":true,"href":"https:\/\/koraledetale.pl\/index.php?rest_route=%2Fwp%2Fv2%2Fproduct_tag&post=7395"}],"curies":[{"name":"wp","href":"https:\/\/api.w.org\/{rel}","templated":true}]}}