{"id":7382,"date":"2025-06-17T13:51:20","date_gmt":"2025-06-17T13:51:20","guid":{"rendered":"https:\/\/koraledetale.pl\/?post_type=product&#038;p=7382"},"modified":"2025-07-24T13:24:30","modified_gmt":"2025-07-24T13:24:30","slug":"kolczyki-ciemnosc-z-perla","status":"publish","type":"product","link":"https:\/\/koraledetale.pl\/?product=kolczyki-ciemnosc-z-perla","title":{"rendered":"Kolczyki CIEMNO\u015a\u0106 z per\u0142\u0105"},"content":{"rendered":"<p>Wielko\u015b\u0107 pere\u0142 \u2013 6,5&#215;9 mm.<\/p>\n<p>D\u0142ugo\u015b\u0107 kolczyk\u00f3w: 2,5 cm.<\/p>\n<p>Wszystkie elementy metalowe wykonane s\u0105 z nieuczulaj\u0105cej stali szlachetnej w kolorze z\u0142otym.<\/p>\n<p>Kolczyki s\u0105 bezpieczne przy u\u017cywaniu zgodnie z ich zastosowaniem.<\/p>\n","protected":false},"excerpt":{"rendered":"<p>Kr\u00f3tkie kolczyki na sztyftach z blaszk\u0105 o gniecionej fakturze, od kt\u00f3rej odchodzi ciemna per\u0142a.<\/p>\n","protected":false},"featured_media":7369,"comment_status":"open","ping_status":"closed","template":"","meta":{"advanced_seo_description":"","jetpack_seo_html_title":"","jetpack_seo_noindex":false},"product_brand":[],"product_cat":[229],"product_tag":[758,2690,2689,2686],"class_list":{"0":"post-7382","1":"product","2":"type-product","3":"status-publish","4":"has-post-thumbnail","6":"product_cat-sprzedane","7":"product_tag-ciemna-perla","8":"product_tag-kolczyki-na-sztyftach-z-ciemnymi-perlami","9":"product_tag-krotkie-kolczyki-z-ciemnymi-perlami","10":"product_tag-perlowe-kolczyki-na-sztyftach","12":"first","13":"instock","14":"shipping-taxable","15":"product-type-simple"},"jetpack_sharing_enabled":true,"_links":{"self":[{"href":"https:\/\/koraledetale.pl\/index.php?rest_route=\/wp\/v2\/product\/7382","targetHints":{"allow":["GET"]}}],"collection":[{"href":"https:\/\/koraledetale.pl\/index.php?rest_route=\/wp\/v2\/product"}],"about":[{"href":"https:\/\/koraledetale.pl\/index.php?rest_route=\/wp\/v2\/types\/product"}],"replies":[{"embeddable":true,"href":"https:\/\/koraledetale.pl\/index.php?rest_route=%2Fwp%2Fv2%2Fcomments&post=7382"}],"wp:featuredmedia":[{"embeddable":true,"href":"https:\/\/koraledetale.pl\/index.php?rest_route=\/wp\/v2\/media\/7369"}],"wp:attachment":[{"href":"https:\/\/koraledetale.pl\/index.php?rest_route=%2Fwp%2Fv2%2Fmedia&parent=7382"}],"wp:term":[{"taxonomy":"product_brand","embeddable":true,"href":"https:\/\/koraledetale.pl\/index.php?rest_route=%2Fwp%2Fv2%2Fproduct_brand&post=7382"},{"taxonomy":"product_cat","embeddable":true,"href":"https:\/\/koraledetale.pl\/index.php?rest_route=%2Fwp%2Fv2%2Fproduct_cat&post=7382"},{"taxonomy":"product_tag","embeddable":true,"href":"https:\/\/koraledetale.pl\/index.php?rest_route=%2Fwp%2Fv2%2Fproduct_tag&post=7382"}],"curies":[{"name":"wp","href":"https:\/\/api.w.org\/{rel}","templated":true}]}}