{"id":7381,"date":"2025-06-17T13:40:12","date_gmt":"2025-06-17T13:40:12","guid":{"rendered":"https:\/\/koraledetale.pl\/?post_type=product&#038;p=7381"},"modified":"2025-10-19T08:53:21","modified_gmt":"2025-10-19T08:53:21","slug":"kolczyki-subtelnosc-z-perla","status":"publish","type":"product","link":"https:\/\/koraledetale.pl\/?product=kolczyki-subtelnosc-z-perla","title":{"rendered":"Kolczyki SUBTELNO\u015a\u0106 z per\u0142\u0105"},"content":{"rendered":"<p>Wielko\u015b\u0107 pere\u0142 \u2013 10&#215;7 mm.<\/p>\n<p>D\u0142ugo\u015b\u0107 kolczyk\u00f3w: 3,3 cm.<\/p>\n<p>Wszystkie elementy metalowe wykonane s\u0105 z nieuczulaj\u0105cej stali szlachetnej w kolorze z\u0142otym.<\/p>\n<p>Kolczyki s\u0105 bezpieczne przy u\u017cywaniu zgodnie z ich zastosowaniem.<\/p>\n","protected":false},"excerpt":{"rendered":"<p>Kolczyki &#8211; plecione k\u00f3\u0142ka z per\u0142\u0105 w kszta\u0142cie oliwki.<\/p>\n","protected":false},"featured_media":7367,"comment_status":"open","ping_status":"closed","template":"","meta":{"advanced_seo_description":"","jetpack_seo_html_title":"","jetpack_seo_noindex":false},"product_brand":[],"product_cat":[229],"product_tag":[267,2685,57],"class_list":{"0":"post-7381","1":"product","2":"type-product","3":"status-publish","4":"has-post-thumbnail","6":"product_cat-sprzedane","7":"product_tag-kolczyki-kolka-z-perla","8":"product_tag-kolczyki-na-sztyftach-z-perlami","9":"product_tag-perla","11":"first","12":"outofstock","13":"shipping-taxable","14":"purchasable","15":"product-type-simple"},"jetpack_sharing_enabled":true,"_links":{"self":[{"href":"https:\/\/koraledetale.pl\/index.php?rest_route=\/wp\/v2\/product\/7381","targetHints":{"allow":["GET"]}}],"collection":[{"href":"https:\/\/koraledetale.pl\/index.php?rest_route=\/wp\/v2\/product"}],"about":[{"href":"https:\/\/koraledetale.pl\/index.php?rest_route=\/wp\/v2\/types\/product"}],"replies":[{"embeddable":true,"href":"https:\/\/koraledetale.pl\/index.php?rest_route=%2Fwp%2Fv2%2Fcomments&post=7381"}],"wp:featuredmedia":[{"embeddable":true,"href":"https:\/\/koraledetale.pl\/index.php?rest_route=\/wp\/v2\/media\/7367"}],"wp:attachment":[{"href":"https:\/\/koraledetale.pl\/index.php?rest_route=%2Fwp%2Fv2%2Fmedia&parent=7381"}],"wp:term":[{"taxonomy":"product_brand","embeddable":true,"href":"https:\/\/koraledetale.pl\/index.php?rest_route=%2Fwp%2Fv2%2Fproduct_brand&post=7381"},{"taxonomy":"product_cat","embeddable":true,"href":"https:\/\/koraledetale.pl\/index.php?rest_route=%2Fwp%2Fv2%2Fproduct_cat&post=7381"},{"taxonomy":"product_tag","embeddable":true,"href":"https:\/\/koraledetale.pl\/index.php?rest_route=%2Fwp%2Fv2%2Fproduct_tag&post=7381"}],"curies":[{"name":"wp","href":"https:\/\/api.w.org\/{rel}","templated":true}]}}