{"id":7379,"date":"2025-06-17T13:05:14","date_gmt":"2025-06-17T13:05:14","guid":{"rendered":"https:\/\/koraledetale.pl\/?post_type=product&#038;p=7379"},"modified":"2025-06-25T06:05:07","modified_gmt":"2025-06-25T06:05:07","slug":"kolczyki-wianek-z-perla","status":"publish","type":"product","link":"https:\/\/koraledetale.pl\/?product=kolczyki-wianek-z-perla","title":{"rendered":"Kolczyki WIANEK z per\u0142\u0105"},"content":{"rendered":"<p>Wielko\u015b\u0107 pere\u0142 \u2013 11&#215;8,5 mm.<\/p>\n<p>D\u0142ugo\u015b\u0107 kolczyk\u00f3w: 3,3 cm.<\/p>\n<p>Wszystkie elementy metalowe wykonane s\u0105 z nieuczulaj\u0105cej stali szlachetnej w kolorze srebrnym.<\/p>\n<p>Kolczyki s\u0105 bezpieczne przy u\u017cywaniu zgodnie z ich zastosowaniem.<\/p>\n","protected":false},"excerpt":{"rendered":"<p>Kolczyki na sztyftach z plecionym wianuszkiem, od kt\u00f3rego odchodzi per\u0142a w kszta\u0142cie kropli.<\/p>\n","protected":false},"featured_media":7368,"comment_status":"open","ping_status":"closed","template":"","meta":{"advanced_seo_description":"","jetpack_seo_html_title":"","jetpack_seo_noindex":false},"product_brand":[],"product_cat":[18],"product_tag":[2685,109,57,2686],"class_list":{"0":"post-7379","1":"product","2":"type-product","3":"status-publish","4":"has-post-thumbnail","6":"product_cat-kolczyki","7":"product_tag-kolczyki-na-sztyftach-z-perlami","8":"product_tag-kolczyki-z-perla","9":"product_tag-perla","10":"product_tag-perlowe-kolczyki-na-sztyftach","12":"first","13":"instock","14":"shipping-taxable","15":"purchasable","16":"product-type-simple"},"jetpack_sharing_enabled":true,"_links":{"self":[{"href":"https:\/\/koraledetale.pl\/index.php?rest_route=\/wp\/v2\/product\/7379","targetHints":{"allow":["GET"]}}],"collection":[{"href":"https:\/\/koraledetale.pl\/index.php?rest_route=\/wp\/v2\/product"}],"about":[{"href":"https:\/\/koraledetale.pl\/index.php?rest_route=\/wp\/v2\/types\/product"}],"replies":[{"embeddable":true,"href":"https:\/\/koraledetale.pl\/index.php?rest_route=%2Fwp%2Fv2%2Fcomments&post=7379"}],"wp:featuredmedia":[{"embeddable":true,"href":"https:\/\/koraledetale.pl\/index.php?rest_route=\/wp\/v2\/media\/7368"}],"wp:attachment":[{"href":"https:\/\/koraledetale.pl\/index.php?rest_route=%2Fwp%2Fv2%2Fmedia&parent=7379"}],"wp:term":[{"taxonomy":"product_brand","embeddable":true,"href":"https:\/\/koraledetale.pl\/index.php?rest_route=%2Fwp%2Fv2%2Fproduct_brand&post=7379"},{"taxonomy":"product_cat","embeddable":true,"href":"https:\/\/koraledetale.pl\/index.php?rest_route=%2Fwp%2Fv2%2Fproduct_cat&post=7379"},{"taxonomy":"product_tag","embeddable":true,"href":"https:\/\/koraledetale.pl\/index.php?rest_route=%2Fwp%2Fv2%2Fproduct_tag&post=7379"}],"curies":[{"name":"wp","href":"https:\/\/api.w.org\/{rel}","templated":true}]}}