{"id":7365,"date":"2025-06-17T12:58:35","date_gmt":"2025-06-17T12:58:35","guid":{"rendered":"https:\/\/koraledetale.pl\/?post_type=product&#038;p=7365"},"modified":"2025-07-24T21:00:21","modified_gmt":"2025-07-24T21:00:21","slug":"kolczyki-gruszka-z-duza-perla","status":"publish","type":"product","link":"https:\/\/koraledetale.pl\/?product=kolczyki-gruszka-z-duza-perla","title":{"rendered":"Kolczyki GRUSZKA z du\u017c\u0105 per\u0142\u0105"},"content":{"rendered":"<p>Wielko\u015b\u0107 pere\u0142 \u2013 19x16x6 mm.<\/p>\n<p>D\u0142ugo\u015b\u0107 kolczyk\u00f3w: 4 cm.<\/p>\n<p>Wszystkie elementy metalowe wykonane s\u0105 z nieuczulaj\u0105cej stali szlachetnej w kolorze srebrnym.<\/p>\n<p>Kolczyki s\u0105 bezpieczne przy u\u017cywaniu zgodnie z ich zastosowaniem.<\/p>\n","protected":false},"excerpt":{"rendered":"<p>Kolczyki na grubych, otwieranych k\u00f3\u0142kach, z du\u017c\u0105, p\u0142ask\u0105 per\u0142\u0105.<\/p>\n","protected":false},"featured_media":7370,"comment_status":"open","ping_status":"closed","template":"","meta":{"advanced_seo_description":"","jetpack_seo_html_title":"","jetpack_seo_noindex":false},"product_brand":[],"product_cat":[229],"product_tag":[2684,109,123,57],"class_list":{"0":"post-7365","1":"product","2":"type-product","3":"status-publish","4":"has-post-thumbnail","6":"product_cat-sprzedane","7":"product_tag-kolczyki-z-duzymi-perlami","8":"product_tag-kolczyki-z-perla","9":"product_tag-kolka-z-perla","10":"product_tag-perla","12":"first","13":"outofstock","14":"shipping-taxable","15":"purchasable","16":"product-type-simple"},"jetpack_sharing_enabled":true,"_links":{"self":[{"href":"https:\/\/koraledetale.pl\/index.php?rest_route=\/wp\/v2\/product\/7365","targetHints":{"allow":["GET"]}}],"collection":[{"href":"https:\/\/koraledetale.pl\/index.php?rest_route=\/wp\/v2\/product"}],"about":[{"href":"https:\/\/koraledetale.pl\/index.php?rest_route=\/wp\/v2\/types\/product"}],"replies":[{"embeddable":true,"href":"https:\/\/koraledetale.pl\/index.php?rest_route=%2Fwp%2Fv2%2Fcomments&post=7365"}],"wp:featuredmedia":[{"embeddable":true,"href":"https:\/\/koraledetale.pl\/index.php?rest_route=\/wp\/v2\/media\/7370"}],"wp:attachment":[{"href":"https:\/\/koraledetale.pl\/index.php?rest_route=%2Fwp%2Fv2%2Fmedia&parent=7365"}],"wp:term":[{"taxonomy":"product_brand","embeddable":true,"href":"https:\/\/koraledetale.pl\/index.php?rest_route=%2Fwp%2Fv2%2Fproduct_brand&post=7365"},{"taxonomy":"product_cat","embeddable":true,"href":"https:\/\/koraledetale.pl\/index.php?rest_route=%2Fwp%2Fv2%2Fproduct_cat&post=7365"},{"taxonomy":"product_tag","embeddable":true,"href":"https:\/\/koraledetale.pl\/index.php?rest_route=%2Fwp%2Fv2%2Fproduct_tag&post=7365"}],"curies":[{"name":"wp","href":"https:\/\/api.w.org\/{rel}","templated":true}]}}