{"id":7356,"date":"2025-06-14T09:29:19","date_gmt":"2025-06-14T09:29:19","guid":{"rendered":"https:\/\/koraledetale.pl\/?post_type=product&#038;p=7356"},"modified":"2025-07-05T07:06:58","modified_gmt":"2025-07-05T07:06:58","slug":"naszyjnik-marzenie-z-turmalinami-i-labradorytem","status":"publish","type":"product","link":"https:\/\/koraledetale.pl\/?product=naszyjnik-marzenie-z-turmalinami-i-labradorytem","title":{"rendered":"Naszyjnik INTENCJA z turmalinami i labradorytem"},"content":{"rendered":"<p>Wielko\u015b\u0107 kamieni:<\/p>\n<ul>\n<li>turmalin &#8211; ok. 5&#215;3 mm,<\/li>\n<li>labradoryt \u2013 14,5x9x4,5 mm,<\/li>\n<li>hematyty \u2013 5\u00d72 mm i 2 mm.<\/li>\n<\/ul>\n<p>D\u0142ugo\u015b\u0107 naszyjnika: 41,5-55 cm + zawieszka 2,6 cm.<\/p>\n<p>Kamienie zasupe\u0142kowane s\u0105 na br\u0105zowej, mocnej nici jubilerskiej.<\/p>\n<p>Wszystkie elementy metalowe wykonane s\u0105 z nieuczulaj\u0105cej stali szlachetnej.<\/p>\n<p>Naszyjnik jest bezpieczny przy u\u017cywaniu zgodnie z jego zastosowaniem.<\/p>\n","protected":false},"excerpt":{"rendered":"<p>Naszyjnik z ciosanymi, kolorowymi turmalinami, przeplatanymi z\u0142otymi hematytami, z \u0142a\u0144cuszkiem o du\u017cych oczkach, oraz zawieszk\u0105 z zapi\u0119ciem, z p\u00f3\u0142okr\u0105g\u0142ym labradorytem o zielono-niebieskiej zorzy.<\/p>\n<p>Sznur mo\u017cesz nosi\u0107 na r\u00f3\u017cne sposoby &#8211; jako kr\u00f3tszy lub d\u0142u\u017cszy, z \u0142a\u0144cuszkiem z przodu, ty\u0142u lub z boku, przepinaj\u0105c zawieszk\u0119 w dowolne miejsce naszyjnika.<\/p>\n","protected":false},"featured_media":7358,"comment_status":"open","ping_status":"closed","template":"","meta":{"advanced_seo_description":"","jetpack_seo_html_title":"","jetpack_seo_noindex":false},"product_brand":[],"product_cat":[229],"product_tag":[1854,1388,1767,2683,31],"class_list":{"0":"post-7356","1":"product","2":"type-product","3":"status-publish","4":"has-post-thumbnail","6":"product_cat-sprzedane","7":"product_tag-kolorowy-turmalin","8":"product_tag-naszyjnik-z-kolorowymi-kamieniami-naturalnymi","9":"product_tag-naszyjnik-z-kolorowymi-turmalinami","10":"product_tag-wielofunkcyjny-naszyjnik-z-turmalinami-z-zawieszka-z-labradorytu","11":"product_tag-zloty-hematyt","13":"first","14":"outofstock","15":"shipping-taxable","16":"purchasable","17":"product-type-simple"},"jetpack_sharing_enabled":true,"_links":{"self":[{"href":"https:\/\/koraledetale.pl\/index.php?rest_route=\/wp\/v2\/product\/7356","targetHints":{"allow":["GET"]}}],"collection":[{"href":"https:\/\/koraledetale.pl\/index.php?rest_route=\/wp\/v2\/product"}],"about":[{"href":"https:\/\/koraledetale.pl\/index.php?rest_route=\/wp\/v2\/types\/product"}],"replies":[{"embeddable":true,"href":"https:\/\/koraledetale.pl\/index.php?rest_route=%2Fwp%2Fv2%2Fcomments&post=7356"}],"wp:featuredmedia":[{"embeddable":true,"href":"https:\/\/koraledetale.pl\/index.php?rest_route=\/wp\/v2\/media\/7358"}],"wp:attachment":[{"href":"https:\/\/koraledetale.pl\/index.php?rest_route=%2Fwp%2Fv2%2Fmedia&parent=7356"}],"wp:term":[{"taxonomy":"product_brand","embeddable":true,"href":"https:\/\/koraledetale.pl\/index.php?rest_route=%2Fwp%2Fv2%2Fproduct_brand&post=7356"},{"taxonomy":"product_cat","embeddable":true,"href":"https:\/\/koraledetale.pl\/index.php?rest_route=%2Fwp%2Fv2%2Fproduct_cat&post=7356"},{"taxonomy":"product_tag","embeddable":true,"href":"https:\/\/koraledetale.pl\/index.php?rest_route=%2Fwp%2Fv2%2Fproduct_tag&post=7356"}],"curies":[{"name":"wp","href":"https:\/\/api.w.org\/{rel}","templated":true}]}}