{"id":7338,"date":"2025-06-10T09:19:41","date_gmt":"2025-06-10T09:19:41","guid":{"rendered":"https:\/\/koraledetale.pl\/?post_type=product&#038;p=7338"},"modified":"2025-08-10T19:09:23","modified_gmt":"2025-08-10T19:09:23","slug":"naszyjnik-wachlarz-z-larimarami-i-lapis-lazuli","status":"publish","type":"product","link":"https:\/\/koraledetale.pl\/?product=naszyjnik-wachlarz-z-larimarami-i-lapis-lazuli","title":{"rendered":"Naszyjnik WACHLARZ z larimarami i lapis lazuli"},"content":{"rendered":"<p>Wielko\u015b\u0107 kamieni:<\/p>\n<ul>\n<li>larimar \u2013 3,2 mm,<\/li>\n<li>lapis lazuli &#8211; 4 mm,<\/li>\n<li>hematyt \u2013 2 mm, 4\u00d72 mm i 2&#215;1 mm..<\/li>\n<\/ul>\n<p>D\u0142ugo\u015b\u0107 naszyjnika: 39-44 cm + zawieszka 1,5 cm.<\/p>\n<p>Wszystkie elementy metalowe wykonane s\u0105 z nieuczulaj\u0105cej stali szlachetnej.<\/p>\n<p>Naszyjnik jest bezpieczny przy u\u017cywaniu zgodnie z jego zastosowaniem.<\/p>\n","protected":false},"excerpt":{"rendered":"<p>Naszyjnik z larimarami, przeplatanymi lapis lazuli i z\u0142otymi hematytami, z zawieszk\u0105 z lapis lazuli.<\/p>\n","protected":false},"featured_media":7341,"comment_status":"open","ping_status":"closed","template":"","meta":{"advanced_seo_description":"","jetpack_seo_html_title":"","jetpack_seo_noindex":false},"product_brand":[],"product_cat":[229],"product_tag":[1409,488,954,2678,31],"class_list":{"0":"post-7338","1":"product","2":"type-product","3":"status-publish","4":"has-post-thumbnail","6":"product_cat-sprzedane","7":"product_tag-lapis-lazuli","8":"product_tag-larimar","9":"product_tag-naszyjnik-z-blekitnymi-kamieniami","10":"product_tag-naszyjnik-z-larimarami-i-lapis-lazuli","11":"product_tag-zloty-hematyt","13":"first","14":"outofstock","15":"shipping-taxable","16":"purchasable","17":"product-type-simple"},"jetpack_sharing_enabled":true,"_links":{"self":[{"href":"https:\/\/koraledetale.pl\/index.php?rest_route=\/wp\/v2\/product\/7338","targetHints":{"allow":["GET"]}}],"collection":[{"href":"https:\/\/koraledetale.pl\/index.php?rest_route=\/wp\/v2\/product"}],"about":[{"href":"https:\/\/koraledetale.pl\/index.php?rest_route=\/wp\/v2\/types\/product"}],"replies":[{"embeddable":true,"href":"https:\/\/koraledetale.pl\/index.php?rest_route=%2Fwp%2Fv2%2Fcomments&post=7338"}],"wp:featuredmedia":[{"embeddable":true,"href":"https:\/\/koraledetale.pl\/index.php?rest_route=\/wp\/v2\/media\/7341"}],"wp:attachment":[{"href":"https:\/\/koraledetale.pl\/index.php?rest_route=%2Fwp%2Fv2%2Fmedia&parent=7338"}],"wp:term":[{"taxonomy":"product_brand","embeddable":true,"href":"https:\/\/koraledetale.pl\/index.php?rest_route=%2Fwp%2Fv2%2Fproduct_brand&post=7338"},{"taxonomy":"product_cat","embeddable":true,"href":"https:\/\/koraledetale.pl\/index.php?rest_route=%2Fwp%2Fv2%2Fproduct_cat&post=7338"},{"taxonomy":"product_tag","embeddable":true,"href":"https:\/\/koraledetale.pl\/index.php?rest_route=%2Fwp%2Fv2%2Fproduct_tag&post=7338"}],"curies":[{"name":"wp","href":"https:\/\/api.w.org\/{rel}","templated":true}]}}