{"id":7310,"date":"2025-06-06T11:19:11","date_gmt":"2025-06-06T11:19:11","guid":{"rendered":"https:\/\/koraledetale.pl\/?post_type=product&#038;p=7310"},"modified":"2026-04-28T12:12:09","modified_gmt":"2026-04-28T12:12:09","slug":"kolczyki-pik-z-lapis-lazuli-wersja-srebrna","status":"publish","type":"product","link":"https:\/\/koraledetale.pl\/?product=kolczyki-pik-z-lapis-lazuli-wersja-srebrna","title":{"rendered":"Kolczyki OCEANIA z lapis lazuli &#8211; wersja srebrna"},"content":{"rendered":"<p>Wielko\u015b\u0107 kamieni:<\/p>\n<ul>\n<li>lapis lazuli \u2013 ok. 26&#215;6 mm.<\/li>\n<\/ul>\n<p>\u015arednica wewn\u0119trzna k\u00f3\u0142ka &#8211; 1,5 cm, grubo\u015b\u0107 k\u00f3\u0142ka &#8211; 2,5 mm.<\/p>\n<p>D\u0142ugo\u015b\u0107 kolczyk\u00f3w &#8211;\u00a0 4,8 cm.<\/p>\n<p>Wszystkie elementy metalowe wykonane s\u0105 z nieuczulaj\u0105cej stali szlachetnej.<\/p>\n<p>Kolczyki s\u0105 bezpieczne przy u\u017cywaniu zgodnie z ich zastosowaniem.<\/p>\n","protected":false},"excerpt":{"rendered":"<p>Kolczyki &#8211; k\u00f3\u0142ka z d\u0142ugim wa\u0142eczkiem lapis lazuli.<\/p>\n","protected":false},"featured_media":7312,"comment_status":"open","ping_status":"closed","template":"","meta":{"advanced_seo_description":"","jetpack_seo_html_title":"","jetpack_seo_noindex":false},"product_brand":[],"product_cat":[229],"product_tag":[2669,2668,1409],"class_list":{"0":"post-7310","1":"product","2":"type-product","3":"status-publish","4":"has-post-thumbnail","6":"product_cat-sprzedane","7":"product_tag-dlugie-kolczyki-z-lapis-lazuli","8":"product_tag-kolczyki-kolka-z-lapis-lazuli","9":"product_tag-lapis-lazuli","11":"first","12":"outofstock","13":"shipping-taxable","14":"purchasable","15":"product-type-simple"},"jetpack_sharing_enabled":true,"_links":{"self":[{"href":"https:\/\/koraledetale.pl\/index.php?rest_route=\/wp\/v2\/product\/7310","targetHints":{"allow":["GET"]}}],"collection":[{"href":"https:\/\/koraledetale.pl\/index.php?rest_route=\/wp\/v2\/product"}],"about":[{"href":"https:\/\/koraledetale.pl\/index.php?rest_route=\/wp\/v2\/types\/product"}],"replies":[{"embeddable":true,"href":"https:\/\/koraledetale.pl\/index.php?rest_route=%2Fwp%2Fv2%2Fcomments&post=7310"}],"wp:featuredmedia":[{"embeddable":true,"href":"https:\/\/koraledetale.pl\/index.php?rest_route=\/wp\/v2\/media\/7312"}],"wp:attachment":[{"href":"https:\/\/koraledetale.pl\/index.php?rest_route=%2Fwp%2Fv2%2Fmedia&parent=7310"}],"wp:term":[{"taxonomy":"product_brand","embeddable":true,"href":"https:\/\/koraledetale.pl\/index.php?rest_route=%2Fwp%2Fv2%2Fproduct_brand&post=7310"},{"taxonomy":"product_cat","embeddable":true,"href":"https:\/\/koraledetale.pl\/index.php?rest_route=%2Fwp%2Fv2%2Fproduct_cat&post=7310"},{"taxonomy":"product_tag","embeddable":true,"href":"https:\/\/koraledetale.pl\/index.php?rest_route=%2Fwp%2Fv2%2Fproduct_tag&post=7310"}],"curies":[{"name":"wp","href":"https:\/\/api.w.org\/{rel}","templated":true}]}}