{"id":7309,"date":"2025-06-02T08:03:15","date_gmt":"2025-06-02T08:03:15","guid":{"rendered":"https:\/\/koraledetale.pl\/?post_type=product&#038;p=7309"},"modified":"2025-06-05T10:17:27","modified_gmt":"2025-06-05T10:17:27","slug":"naszyjnik-piorko-z-zoisytami-i-rubinami","status":"publish","type":"product","link":"https:\/\/koraledetale.pl\/?product=naszyjnik-piorko-z-zoisytami-i-rubinami","title":{"rendered":"Naszyjnik PI\u00d3RKO z zoisytami i rubinami"},"content":{"rendered":"<p>Wielko\u015b\u0107 kamieni:<\/p>\n<ul>\n<li>zoisyt i rubin \u2013 4&#215;3 mm,<\/li>\n<li>hematyt \u2013 2 mm i 3\u00d71 mm.<\/li>\n<\/ul>\n<p>D\u0142ugo\u015b\u0107 naszyjnika: 45 cm + zwis (mierzony od zapi\u0119cia) 15 cm.<\/p>\n<p>Wszystkie elementy metalowe wykonane s\u0105 z nieuczulaj\u0105cej stali szlachetnej.<\/p>\n<p>Naszyjnik jest bezpieczny przy u\u017cywaniu zgodnie z jego zastosowaniem.<\/p>\n","protected":false},"excerpt":{"rendered":"<p>Nietypowy \u0142a\u0144cuszek z zoisytami i rubinami przeplatanymi z\u0142otymi hematytami, z pi\u00f3rkiem oraz ozdobnym zapi\u0119ciem z przodu.<\/p>\n","protected":false},"featured_media":7300,"comment_status":"open","ping_status":"closed","template":"","meta":{"advanced_seo_description":"","jetpack_seo_html_title":"","jetpack_seo_noindex":false},"product_brand":[],"product_cat":[229],"product_tag":[2667,2665,31,2666],"class_list":{"0":"post-7309","1":"product","2":"type-product","3":"status-publish","4":"has-post-thumbnail","6":"product_cat-sprzedane","7":"product_tag-naszyjnik-z-zielonymi-i-rozowymi-kamieniami-naturalnymi","8":"product_tag-naszyjnik-z-zoisytami-i-rubinami","9":"product_tag-zloty-hematyt","10":"product_tag-lancuszek-z-zoisytami-o-rubinami-z-piorkiem","12":"first","13":"outofstock","14":"shipping-taxable","15":"purchasable","16":"product-type-simple"},"jetpack_sharing_enabled":true,"_links":{"self":[{"href":"https:\/\/koraledetale.pl\/index.php?rest_route=\/wp\/v2\/product\/7309","targetHints":{"allow":["GET"]}}],"collection":[{"href":"https:\/\/koraledetale.pl\/index.php?rest_route=\/wp\/v2\/product"}],"about":[{"href":"https:\/\/koraledetale.pl\/index.php?rest_route=\/wp\/v2\/types\/product"}],"replies":[{"embeddable":true,"href":"https:\/\/koraledetale.pl\/index.php?rest_route=%2Fwp%2Fv2%2Fcomments&post=7309"}],"wp:featuredmedia":[{"embeddable":true,"href":"https:\/\/koraledetale.pl\/index.php?rest_route=\/wp\/v2\/media\/7300"}],"wp:attachment":[{"href":"https:\/\/koraledetale.pl\/index.php?rest_route=%2Fwp%2Fv2%2Fmedia&parent=7309"}],"wp:term":[{"taxonomy":"product_brand","embeddable":true,"href":"https:\/\/koraledetale.pl\/index.php?rest_route=%2Fwp%2Fv2%2Fproduct_brand&post=7309"},{"taxonomy":"product_cat","embeddable":true,"href":"https:\/\/koraledetale.pl\/index.php?rest_route=%2Fwp%2Fv2%2Fproduct_cat&post=7309"},{"taxonomy":"product_tag","embeddable":true,"href":"https:\/\/koraledetale.pl\/index.php?rest_route=%2Fwp%2Fv2%2Fproduct_tag&post=7309"}],"curies":[{"name":"wp","href":"https:\/\/api.w.org\/{rel}","templated":true}]}}