{"id":7308,"date":"2025-06-02T07:52:19","date_gmt":"2025-06-02T07:52:19","guid":{"rendered":"https:\/\/koraledetale.pl\/?post_type=product&#038;p=7308"},"modified":"2025-10-19T08:51:27","modified_gmt":"2025-10-19T08:51:27","slug":"naszyjnik-piorko-z-lapis-lazuli-wersja-zlota-2","status":"publish","type":"product","link":"https:\/\/koraledetale.pl\/?product=naszyjnik-piorko-z-lapis-lazuli-wersja-zlota-2","title":{"rendered":"Naszyjnik PI\u00d3RKO z lapis lazuli \u2013 wersja z\u0142ota"},"content":{"rendered":"<p>Wielko\u015b\u0107 kamieni:<\/p>\n<ul>\n<li>lapis lazuli \u2013 3 mm,<\/li>\n<li>hematyt \u2013 2 mm i 2\u00d71 mm.<\/li>\n<\/ul>\n<p>D\u0142ugo\u015b\u0107 naszyjnika: 50 cm + zwis (mierzony od zapi\u0119cia) 16 cm.<\/p>\n<p>Wszystkie elementy metalowe wykonane s\u0105 z nieuczulaj\u0105cej stali szlachetnej.<\/p>\n<p>Naszyjnik jest bezpieczny przy u\u017cywaniu zgodnie z jego zastosowaniem.<\/p>\n","protected":false},"excerpt":{"rendered":"<p>Nietypowy \u0142a\u0144cuszek z lapis lazuli przeplatanymi z\u0142otymi hematytami, z pi\u00f3rkiem i ozdobnym zapi\u0119ciem z przodu.<\/p>\n","protected":false},"featured_media":7299,"comment_status":"open","ping_status":"closed","template":"","meta":{"advanced_seo_description":"","jetpack_seo_html_title":"","jetpack_seo_noindex":false},"product_brand":[],"product_cat":[229],"product_tag":[1409,1418,31,2664],"class_list":{"0":"post-7308","1":"product","2":"type-product","3":"status-publish","4":"has-post-thumbnail","6":"product_cat-sprzedane","7":"product_tag-lapis-lazuli","8":"product_tag-naszyjnik-z-lapis-lazuli","9":"product_tag-zloty-hematyt","10":"product_tag-lancuszek-z-lapis-lazuli-i-piorkiem","12":"first","13":"outofstock","14":"shipping-taxable","15":"purchasable","16":"product-type-simple"},"jetpack_sharing_enabled":true,"_links":{"self":[{"href":"https:\/\/koraledetale.pl\/index.php?rest_route=\/wp\/v2\/product\/7308","targetHints":{"allow":["GET"]}}],"collection":[{"href":"https:\/\/koraledetale.pl\/index.php?rest_route=\/wp\/v2\/product"}],"about":[{"href":"https:\/\/koraledetale.pl\/index.php?rest_route=\/wp\/v2\/types\/product"}],"replies":[{"embeddable":true,"href":"https:\/\/koraledetale.pl\/index.php?rest_route=%2Fwp%2Fv2%2Fcomments&post=7308"}],"wp:featuredmedia":[{"embeddable":true,"href":"https:\/\/koraledetale.pl\/index.php?rest_route=\/wp\/v2\/media\/7299"}],"wp:attachment":[{"href":"https:\/\/koraledetale.pl\/index.php?rest_route=%2Fwp%2Fv2%2Fmedia&parent=7308"}],"wp:term":[{"taxonomy":"product_brand","embeddable":true,"href":"https:\/\/koraledetale.pl\/index.php?rest_route=%2Fwp%2Fv2%2Fproduct_brand&post=7308"},{"taxonomy":"product_cat","embeddable":true,"href":"https:\/\/koraledetale.pl\/index.php?rest_route=%2Fwp%2Fv2%2Fproduct_cat&post=7308"},{"taxonomy":"product_tag","embeddable":true,"href":"https:\/\/koraledetale.pl\/index.php?rest_route=%2Fwp%2Fv2%2Fproduct_tag&post=7308"}],"curies":[{"name":"wp","href":"https:\/\/api.w.org\/{rel}","templated":true}]}}