{"id":7275,"date":"2025-05-21T15:32:35","date_gmt":"2025-05-21T15:32:35","guid":{"rendered":"https:\/\/koraledetale.pl\/?post_type=product&#038;p=7275"},"modified":"2025-08-26T14:20:31","modified_gmt":"2025-08-26T14:20:31","slug":"lancuszek-koziorozec-z-onyksem","status":"publish","type":"product","link":"https:\/\/koraledetale.pl\/?product=lancuszek-koziorozec-z-onyksem","title":{"rendered":"\u0141a\u0144cuszek KOZIORO\u017bEC z onyksem"},"content":{"rendered":"<p>Wielko\u015b\u0107 onyksu \u2013 15&#215;10\u00d74,5 mm (mierzony w najszerszych miejscach).<\/p>\n<p>D\u0142ugo\u015b\u0107 \u0142a\u0144cuszka: 40-45 cm.<\/p>\n<p>Wszystkie elementy metalowe wykonane s\u0105 z nieuczulaj\u0105cej stali szlachetnej.<\/p>\n<p>Naszyjnik jest bezpieczny przy u\u017cywaniu zgodnie z jego zastosowaniem.<\/p>\n","protected":false},"excerpt":{"rendered":"<p>\u0141a\u0144cuszek z kamieniem wspieraj\u0105cym osoby urodzone w znaku KOZIORO\u017bCA \u2013 onyksem w kszta\u0142cie g\u0142adkiej \u0142ezki, i zawieszk\u0105 z symbolem zodiaku.<\/p>\n","protected":false},"featured_media":7245,"comment_status":"open","ping_status":"closed","template":"","meta":{"advanced_seo_description":"","jetpack_seo_html_title":"","jetpack_seo_noindex":false},"product_brand":[],"product_cat":[2601,15],"product_tag":[2634,2657,800,2606,1672,2658,856],"class_list":{"0":"post-7275","1":"product","2":"type-product","3":"status-publish","4":"has-post-thumbnail","6":"product_cat-kolekcja-zodiakalna","7":"product_cat-naszyjniki","8":"product_tag-koziorozec","9":"product_tag-naszyjnik-dla-koziorozca","10":"product_tag-onyks","11":"product_tag-znak-zodiaku","12":"product_tag-lancuszek-z-kamieniem-naturalnym","13":"product_tag-lancuszek-z-onyksem","14":"product_tag-lancuszek-z-zawieszkami","16":"first","17":"instock","18":"shipping-taxable","19":"purchasable","20":"product-type-simple"},"jetpack_sharing_enabled":true,"_links":{"self":[{"href":"https:\/\/koraledetale.pl\/index.php?rest_route=\/wp\/v2\/product\/7275","targetHints":{"allow":["GET"]}}],"collection":[{"href":"https:\/\/koraledetale.pl\/index.php?rest_route=\/wp\/v2\/product"}],"about":[{"href":"https:\/\/koraledetale.pl\/index.php?rest_route=\/wp\/v2\/types\/product"}],"replies":[{"embeddable":true,"href":"https:\/\/koraledetale.pl\/index.php?rest_route=%2Fwp%2Fv2%2Fcomments&post=7275"}],"wp:featuredmedia":[{"embeddable":true,"href":"https:\/\/koraledetale.pl\/index.php?rest_route=\/wp\/v2\/media\/7245"}],"wp:attachment":[{"href":"https:\/\/koraledetale.pl\/index.php?rest_route=%2Fwp%2Fv2%2Fmedia&parent=7275"}],"wp:term":[{"taxonomy":"product_brand","embeddable":true,"href":"https:\/\/koraledetale.pl\/index.php?rest_route=%2Fwp%2Fv2%2Fproduct_brand&post=7275"},{"taxonomy":"product_cat","embeddable":true,"href":"https:\/\/koraledetale.pl\/index.php?rest_route=%2Fwp%2Fv2%2Fproduct_cat&post=7275"},{"taxonomy":"product_tag","embeddable":true,"href":"https:\/\/koraledetale.pl\/index.php?rest_route=%2Fwp%2Fv2%2Fproduct_tag&post=7275"}],"curies":[{"name":"wp","href":"https:\/\/api.w.org\/{rel}","templated":true}]}}