{"id":7267,"date":"2025-05-21T15:31:44","date_gmt":"2025-05-21T15:31:44","guid":{"rendered":"https:\/\/koraledetale.pl\/?post_type=product&#038;p=7267"},"modified":"2026-04-09T14:21:37","modified_gmt":"2026-04-09T14:21:37","slug":"lancuszek-wodnik-z-fluorytem","status":"publish","type":"product","link":"https:\/\/koraledetale.pl\/?product=lancuszek-wodnik-z-fluorytem","title":{"rendered":"\u0141a\u0144cuszek WODNIK z fluorytem"},"content":{"rendered":"<p>Wielko\u015b\u0107 fluorytu \u2013 12\u00d710\u00d76 mm (mierzony w najszerszych miejscach).<\/p>\n<p>D\u0142ugo\u015b\u0107 \u0142a\u0144cuszka: 40-45 cm.<\/p>\n<p>Wszystkie elementy metalowe wykonane s\u0105 z nieuczulaj\u0105cej stali szlachetnej.<\/p>\n<p>Naszyjnik jest bezpieczny przy u\u017cywaniu zgodnie z jego zastosowaniem.<\/p>\n","protected":false},"excerpt":{"rendered":"<p>\u0141a\u0144cuszek z kamieniem wspieraj\u0105cym osoby urodzone w znaku WODNIKA \u2013 pi\u0119knie wybarwion\u0105, zielono-fioletow\u0105 \u0142ezk\u0105 fluorytu, i zawieszk\u0105 z symbolem zodiaku.<\/p>\n","protected":false},"featured_media":7254,"comment_status":"open","ping_status":"closed","template":"","meta":{"advanced_seo_description":"","jetpack_seo_html_title":"","jetpack_seo_noindex":false},"product_brand":[],"product_cat":[229],"product_tag":[24,2647,2637,2606,2648,1672,856],"class_list":{"0":"post-7267","1":"product","2":"type-product","3":"status-publish","4":"has-post-thumbnail","6":"product_cat-sprzedane","7":"product_tag-fluoryt","8":"product_tag-naszyjnik-dla-wodnika","9":"product_tag-wodnik","10":"product_tag-znak-zodiaku","11":"product_tag-lancuszek-z-fluorytem","12":"product_tag-lancuszek-z-kamieniem-naturalnym","13":"product_tag-lancuszek-z-zawieszkami","15":"first","16":"outofstock","17":"shipping-taxable","18":"purchasable","19":"product-type-simple"},"jetpack_sharing_enabled":true,"_links":{"self":[{"href":"https:\/\/koraledetale.pl\/index.php?rest_route=\/wp\/v2\/product\/7267","targetHints":{"allow":["GET"]}}],"collection":[{"href":"https:\/\/koraledetale.pl\/index.php?rest_route=\/wp\/v2\/product"}],"about":[{"href":"https:\/\/koraledetale.pl\/index.php?rest_route=\/wp\/v2\/types\/product"}],"replies":[{"embeddable":true,"href":"https:\/\/koraledetale.pl\/index.php?rest_route=%2Fwp%2Fv2%2Fcomments&post=7267"}],"wp:featuredmedia":[{"embeddable":true,"href":"https:\/\/koraledetale.pl\/index.php?rest_route=\/wp\/v2\/media\/7254"}],"wp:attachment":[{"href":"https:\/\/koraledetale.pl\/index.php?rest_route=%2Fwp%2Fv2%2Fmedia&parent=7267"}],"wp:term":[{"taxonomy":"product_brand","embeddable":true,"href":"https:\/\/koraledetale.pl\/index.php?rest_route=%2Fwp%2Fv2%2Fproduct_brand&post=7267"},{"taxonomy":"product_cat","embeddable":true,"href":"https:\/\/koraledetale.pl\/index.php?rest_route=%2Fwp%2Fv2%2Fproduct_cat&post=7267"},{"taxonomy":"product_tag","embeddable":true,"href":"https:\/\/koraledetale.pl\/index.php?rest_route=%2Fwp%2Fv2%2Fproduct_tag&post=7267"}],"curies":[{"name":"wp","href":"https:\/\/api.w.org\/{rel}","templated":true}]}}