{"id":7265,"date":"2025-05-21T15:36:03","date_gmt":"2025-05-21T15:36:03","guid":{"rendered":"https:\/\/koraledetale.pl\/?post_type=product&#038;p=7265"},"modified":"2025-08-26T13:58:23","modified_gmt":"2025-08-26T13:58:23","slug":"lancuszek-waga-z-szafirem","status":"publish","type":"product","link":"https:\/\/koraledetale.pl\/?product=lancuszek-waga-z-szafirem","title":{"rendered":"\u0141a\u0144cuszek WAGA z szafirem"},"content":{"rendered":"<p>Wielko\u015b\u0107 szafiru \u2013 10\u00d77\u00d74 mm (mierzony w najszerszych miejscach).<\/p>\n<p>D\u0142ugo\u015b\u0107 \u0142a\u0144cuszka: 40-45 cm.<\/p>\n<p>Wszystkie elementy metalowe wykonane s\u0105 z nieuczulaj\u0105cej stali szlachetnej.<\/p>\n<p>Naszyjnik jest bezpieczny przy u\u017cywaniu zgodnie z jego zastosowaniem.<\/p>\n","protected":false},"excerpt":{"rendered":"<p>\u0141a\u0144cuszek z kamieniem wspieraj\u0105cym osoby urodzone w znaku WAGI \u2013 \u0142ezk\u0105 szafiru o pi\u0119knej, chabrowej barwie, i zawieszk\u0105 z symbolem zodiaku.<\/p>\n","protected":false},"featured_media":7257,"comment_status":"open","ping_status":"closed","template":"","meta":{"advanced_seo_description":"","jetpack_seo_html_title":"","jetpack_seo_noindex":false},"product_brand":[],"product_cat":[2601,15],"product_tag":[2646,25,2625,2606,1672,983,856],"class_list":{"0":"post-7265","1":"product","2":"type-product","3":"status-publish","4":"has-post-thumbnail","6":"product_cat-kolekcja-zodiakalna","7":"product_cat-naszyjniki","8":"product_tag-naszyjnik-dla-wagi","9":"product_tag-szafir","10":"product_tag-waga","11":"product_tag-znak-zodiaku","12":"product_tag-lancuszek-z-kamieniem-naturalnym","13":"product_tag-lancuszek-z-szafirem","14":"product_tag-lancuszek-z-zawieszkami","16":"first","17":"instock","18":"shipping-taxable","19":"purchasable","20":"product-type-simple"},"jetpack_sharing_enabled":true,"_links":{"self":[{"href":"https:\/\/koraledetale.pl\/index.php?rest_route=\/wp\/v2\/product\/7265","targetHints":{"allow":["GET"]}}],"collection":[{"href":"https:\/\/koraledetale.pl\/index.php?rest_route=\/wp\/v2\/product"}],"about":[{"href":"https:\/\/koraledetale.pl\/index.php?rest_route=\/wp\/v2\/types\/product"}],"replies":[{"embeddable":true,"href":"https:\/\/koraledetale.pl\/index.php?rest_route=%2Fwp%2Fv2%2Fcomments&post=7265"}],"wp:featuredmedia":[{"embeddable":true,"href":"https:\/\/koraledetale.pl\/index.php?rest_route=\/wp\/v2\/media\/7257"}],"wp:attachment":[{"href":"https:\/\/koraledetale.pl\/index.php?rest_route=%2Fwp%2Fv2%2Fmedia&parent=7265"}],"wp:term":[{"taxonomy":"product_brand","embeddable":true,"href":"https:\/\/koraledetale.pl\/index.php?rest_route=%2Fwp%2Fv2%2Fproduct_brand&post=7265"},{"taxonomy":"product_cat","embeddable":true,"href":"https:\/\/koraledetale.pl\/index.php?rest_route=%2Fwp%2Fv2%2Fproduct_cat&post=7265"},{"taxonomy":"product_tag","embeddable":true,"href":"https:\/\/koraledetale.pl\/index.php?rest_route=%2Fwp%2Fv2%2Fproduct_tag&post=7265"}],"curies":[{"name":"wp","href":"https:\/\/api.w.org\/{rel}","templated":true}]}}