{"id":7263,"date":"2025-05-21T15:38:46","date_gmt":"2025-05-21T15:38:46","guid":{"rendered":"https:\/\/koraledetale.pl\/?post_type=product&#038;p=7263"},"modified":"2025-08-26T13:57:19","modified_gmt":"2025-08-26T13:57:19","slug":"lancuszek-lew-z-bursztynem","status":"publish","type":"product","link":"https:\/\/koraledetale.pl\/?product=lancuszek-lew-z-bursztynem","title":{"rendered":"\u0141a\u0144cuszek LEW z bursztynem"},"content":{"rendered":"<p>Wielko\u015b\u0107 bursztynu \u2013 12x10x4,5 mm (mierzony w najszerszych miejscach).<\/p>\n<p>D\u0142ugo\u015b\u0107 \u0142a\u0144cuszka: 40-45 cm.<\/p>\n<p>Wszystkie elementy metalowe wykonane s\u0105 z nieuczulaj\u0105cej stali szlachetnej.<\/p>\n<p>Naszyjnik jest bezpieczny przy u\u017cywaniu zgodnie z jego zastosowaniem.<\/p>\n","protected":false},"excerpt":{"rendered":"<p>\u0141a\u0144cuszek z kamieniem wspieraj\u0105cym osoby urodzone w znaku LWA \u2013 bursztynem o pi\u0119knym, miodowym odcieniu, i zawieszk\u0105 z symbolem zodiaku.<\/p>\n","protected":false},"featured_media":7246,"comment_status":"open","ping_status":"closed","template":"","meta":{"advanced_seo_description":"","jetpack_seo_html_title":"","jetpack_seo_noindex":false},"product_brand":[],"product_cat":[2601,15],"product_tag":[2619,2643,2606,2644,1672,856],"class_list":{"0":"post-7263","1":"product","2":"type-product","3":"status-publish","4":"has-post-thumbnail","6":"product_cat-kolekcja-zodiakalna","7":"product_cat-naszyjniki","8":"product_tag-lew","9":"product_tag-naszyjnik-dla-lwa","10":"product_tag-znak-zodiaku","11":"product_tag-lancuszek-z-bursztynem","12":"product_tag-lancuszek-z-kamieniem-naturalnym","13":"product_tag-lancuszek-z-zawieszkami","15":"first","16":"instock","17":"shipping-taxable","18":"purchasable","19":"product-type-simple"},"jetpack_sharing_enabled":true,"_links":{"self":[{"href":"https:\/\/koraledetale.pl\/index.php?rest_route=\/wp\/v2\/product\/7263","targetHints":{"allow":["GET"]}}],"collection":[{"href":"https:\/\/koraledetale.pl\/index.php?rest_route=\/wp\/v2\/product"}],"about":[{"href":"https:\/\/koraledetale.pl\/index.php?rest_route=\/wp\/v2\/types\/product"}],"replies":[{"embeddable":true,"href":"https:\/\/koraledetale.pl\/index.php?rest_route=%2Fwp%2Fv2%2Fcomments&post=7263"}],"wp:featuredmedia":[{"embeddable":true,"href":"https:\/\/koraledetale.pl\/index.php?rest_route=\/wp\/v2\/media\/7246"}],"wp:attachment":[{"href":"https:\/\/koraledetale.pl\/index.php?rest_route=%2Fwp%2Fv2%2Fmedia&parent=7263"}],"wp:term":[{"taxonomy":"product_brand","embeddable":true,"href":"https:\/\/koraledetale.pl\/index.php?rest_route=%2Fwp%2Fv2%2Fproduct_brand&post=7263"},{"taxonomy":"product_cat","embeddable":true,"href":"https:\/\/koraledetale.pl\/index.php?rest_route=%2Fwp%2Fv2%2Fproduct_cat&post=7263"},{"taxonomy":"product_tag","embeddable":true,"href":"https:\/\/koraledetale.pl\/index.php?rest_route=%2Fwp%2Fv2%2Fproduct_tag&post=7263"}],"curies":[{"name":"wp","href":"https:\/\/api.w.org\/{rel}","templated":true}]}}