{"id":7261,"date":"2025-05-21T15:31:51","date_gmt":"2025-05-21T15:31:51","guid":{"rendered":"https:\/\/koraledetale.pl\/?post_type=product&#038;p=7261"},"modified":"2025-12-04T15:26:16","modified_gmt":"2025-12-04T15:26:16","slug":"bransoletka-wodnik","status":"publish","type":"product","link":"https:\/\/koraledetale.pl\/?product=bransoletka-wodnik","title":{"rendered":"Bransoletka WODNIK"},"content":{"rendered":"<p>Wielko\u015b\u0107 kamieni:<\/p>\n<ul>\n<li>fluoryt\u2013 5&#215;4,5 mm i 3 mm,<\/li>\n<li>kwarc r\u00f3\u017cowy \u2013 3,5 mm,<\/li>\n<li>ametyst \u2013 3 mm,<\/li>\n<li>granat \u2013 3 mm,<\/li>\n<li>hematyt \u2013 2 mm.<\/li>\n<\/ul>\n<p>\u0141atwa regulacja bransoletki poprzez przeci\u0105gni\u0119cie sznureczk\u00f3w przez w\u0119ze\u0142 makramowy. Maksymalna d\u0142ugo\u015b\u0107 \u2013 26 cm.<\/p>\n<p>Kamienie zasupe\u0142kowane s\u0105 na be\u017cowym, mocnym sznurku jubilerskim.<\/p>\n<p>Wszystkie elementy metalowe wykonane s\u0105 z nieuczulaj\u0105cej stali szlachetnej.<\/p>\n<p>Bransoletka jest bezpieczna przy u\u017cywaniu zgodnie z jej zastosowaniem.<\/p>\n","protected":false},"excerpt":{"rendered":"<p>Bransoletka z kamieniami wspieraj\u0105cymi osoby urodzone w znaku WODNIKA \u2013 fluorytem (fioletowym i zielonkawym), kwarcem r\u00f3\u017cowym, ametystem i granatem, z zawieszk\u0105 z symbolem zodiaku.<\/p>\n","protected":false},"featured_media":7214,"comment_status":"open","ping_status":"closed","template":"","meta":{"advanced_seo_description":"","jetpack_seo_html_title":"","jetpack_seo_noindex":false},"product_brand":[],"product_cat":[229],"product_tag":[2635,2636,80,2610,2638,71,216,2607,2637,2606,31],"class_list":{"0":"post-7261","1":"product","2":"type-product","3":"status-publish","4":"has-post-thumbnail","6":"product_cat-sprzedane","7":"product_tag-bransoletka-dla-wodnika","8":"product_tag-bransoletka-z-fluorytem-kwarcem-rozowym-ametystem-i-granatem","9":"product_tag-bransoletka-z-kamieniami-naturalnymi","10":"product_tag-bransoletka-zodiakalna","11":"product_tag-fluoryt-ametyst","12":"product_tag-granat","13":"product_tag-kwarc-rozowy","14":"product_tag-regulowana-bransoletka-na-sznureczku","15":"product_tag-wodnik","16":"product_tag-znak-zodiaku","17":"product_tag-zloty-hematyt","19":"first","20":"outofstock","21":"shipping-taxable","22":"purchasable","23":"product-type-simple"},"jetpack_sharing_enabled":true,"_links":{"self":[{"href":"https:\/\/koraledetale.pl\/index.php?rest_route=\/wp\/v2\/product\/7261","targetHints":{"allow":["GET"]}}],"collection":[{"href":"https:\/\/koraledetale.pl\/index.php?rest_route=\/wp\/v2\/product"}],"about":[{"href":"https:\/\/koraledetale.pl\/index.php?rest_route=\/wp\/v2\/types\/product"}],"replies":[{"embeddable":true,"href":"https:\/\/koraledetale.pl\/index.php?rest_route=%2Fwp%2Fv2%2Fcomments&post=7261"}],"wp:featuredmedia":[{"embeddable":true,"href":"https:\/\/koraledetale.pl\/index.php?rest_route=\/wp\/v2\/media\/7214"}],"wp:attachment":[{"href":"https:\/\/koraledetale.pl\/index.php?rest_route=%2Fwp%2Fv2%2Fmedia&parent=7261"}],"wp:term":[{"taxonomy":"product_brand","embeddable":true,"href":"https:\/\/koraledetale.pl\/index.php?rest_route=%2Fwp%2Fv2%2Fproduct_brand&post=7261"},{"taxonomy":"product_cat","embeddable":true,"href":"https:\/\/koraledetale.pl\/index.php?rest_route=%2Fwp%2Fv2%2Fproduct_cat&post=7261"},{"taxonomy":"product_tag","embeddable":true,"href":"https:\/\/koraledetale.pl\/index.php?rest_route=%2Fwp%2Fv2%2Fproduct_tag&post=7261"}],"curies":[{"name":"wp","href":"https:\/\/api.w.org\/{rel}","templated":true}]}}