{"id":7258,"date":"2025-05-21T15:34:52","date_gmt":"2025-05-21T15:34:52","guid":{"rendered":"https:\/\/koraledetale.pl\/?post_type=product&#038;p=7258"},"modified":"2026-01-31T18:18:54","modified_gmt":"2026-01-31T18:18:54","slug":"bransoletka-skorpion","status":"publish","type":"product","link":"https:\/\/koraledetale.pl\/?product=bransoletka-skorpion","title":{"rendered":"Bransoletka SKORPION"},"content":{"rendered":"<p>Wielko\u015b\u0107 kamieni:<\/p>\n<ul>\n<li>akwamaryn \u2013 4,5\u00d74,5 mm i 3&#215;2,5 mm,<\/li>\n<li>kwarc dymny \u2013 3 mm,<\/li>\n<li>obsydian \u2013 3,5 mm,<\/li>\n<li>hematyt \u2013 2 mm.<\/li>\n<\/ul>\n<p>\u0141atwa regulacja bransoletki poprzez przeci\u0105gni\u0119cie sznureczk\u00f3w przez w\u0119ze\u0142 makramowy. Maksymalna d\u0142ugo\u015b\u0107 \u2013 26 cm.<\/p>\n<p>Kamienie zasupe\u0142kowane s\u0105 na be\u017cowym, mocnym sznurku jubilerskim.<\/p>\n<p>Wszystkie elementy metalowe wykonane s\u0105 z nieuczulaj\u0105cej stali szlachetnej.<\/p>\n<p>Bransoletka jest bezpieczna przy u\u017cywaniu zgodnie z jej zastosowaniem.<\/p>\n","protected":false},"excerpt":{"rendered":"<p>Bransoletka z kamieniami wspieraj\u0105cymi osoby urodzone w znaku SKORPIONA &#8211; akwamarynem, kwarcem dymnym i obsydianem z\u0142ocistym, z zawieszk\u0105 z symbolem zodiaku.<\/p>\n","protected":false},"featured_media":7211,"comment_status":"open","ping_status":"closed","template":"","meta":{"advanced_seo_description":"","jetpack_seo_html_title":"","jetpack_seo_noindex":false},"product_brand":[],"product_cat":[2601,17],"product_tag":[93,2626,2627,80,2610,63,1564,2607,2628,2606,31],"class_list":{"0":"post-7258","1":"product","2":"type-product","3":"status-publish","4":"has-post-thumbnail","6":"product_cat-kolekcja-zodiakalna","7":"product_cat-bransoletki","8":"product_tag-akwamaryn","9":"product_tag-bransoletka-dla-skorpiona","10":"product_tag-bransoletka-z-akwamarynem-obsydianem-i-kwarcem-dymnym","11":"product_tag-bransoletka-z-kamieniami-naturalnymi","12":"product_tag-bransoletka-zodiakalna","13":"product_tag-kwarc-dymny","14":"product_tag-obsydian-zlocisty","15":"product_tag-regulowana-bransoletka-na-sznureczku","16":"product_tag-skorpion","17":"product_tag-znak-zodiaku","18":"product_tag-zloty-hematyt","20":"first","21":"instock","22":"shipping-taxable","23":"purchasable","24":"product-type-simple"},"jetpack_sharing_enabled":true,"_links":{"self":[{"href":"https:\/\/koraledetale.pl\/index.php?rest_route=\/wp\/v2\/product\/7258","targetHints":{"allow":["GET"]}}],"collection":[{"href":"https:\/\/koraledetale.pl\/index.php?rest_route=\/wp\/v2\/product"}],"about":[{"href":"https:\/\/koraledetale.pl\/index.php?rest_route=\/wp\/v2\/types\/product"}],"replies":[{"embeddable":true,"href":"https:\/\/koraledetale.pl\/index.php?rest_route=%2Fwp%2Fv2%2Fcomments&post=7258"}],"wp:featuredmedia":[{"embeddable":true,"href":"https:\/\/koraledetale.pl\/index.php?rest_route=\/wp\/v2\/media\/7211"}],"wp:attachment":[{"href":"https:\/\/koraledetale.pl\/index.php?rest_route=%2Fwp%2Fv2%2Fmedia&parent=7258"}],"wp:term":[{"taxonomy":"product_brand","embeddable":true,"href":"https:\/\/koraledetale.pl\/index.php?rest_route=%2Fwp%2Fv2%2Fproduct_brand&post=7258"},{"taxonomy":"product_cat","embeddable":true,"href":"https:\/\/koraledetale.pl\/index.php?rest_route=%2Fwp%2Fv2%2Fproduct_cat&post=7258"},{"taxonomy":"product_tag","embeddable":true,"href":"https:\/\/koraledetale.pl\/index.php?rest_route=%2Fwp%2Fv2%2Fproduct_tag&post=7258"}],"curies":[{"name":"wp","href":"https:\/\/api.w.org\/{rel}","templated":true}]}}