{"id":724,"date":"2021-06-11T19:13:55","date_gmt":"2021-06-11T19:13:55","guid":{"rendered":"https:\/\/koraledetale.pl\/?post_type=product&#038;p=724"},"modified":"2024-11-11T11:06:53","modified_gmt":"2024-11-11T11:06:53","slug":"naszyjnik-boho-z-perlami-i-kwarcami","status":"publish","type":"product","link":"https:\/\/koraledetale.pl\/?product=naszyjnik-boho-z-perlami-i-kwarcami","title":{"rendered":"Naszyjnik BOHO z per\u0142ami i kwarcami"},"content":{"rendered":"<p>Wielko\u015b\u0107 kamieni:<\/p>\n<ul>\n<li>per\u0142y bia\u0142e &#8211; ok. 4-5&#215;3 mm,<\/li>\n<li>per\u0142y r\u00f3\u017cowe &#8211; ok. 5-7&#215;3 mm,<\/li>\n<li>per\u0142y br\u0105zowe &#8211; 7&#215;4 mm,<\/li>\n<li>kwarc dymny &#8211; 23&#215;20 mm,<\/li>\n<li>kwarc r\u00f3\u017cowy &#8211; 14&#215;8 mm,<\/li>\n<li>hematyt &#8211; 3&#215;2 mm i 2mm.<\/li>\n<\/ul>\n<p>\u015arednica k\u00f3\u0142ka &#8211; 16 mm.<\/p>\n<p>D\u0142ugo\u015b\u0107 naszyjnika &#8211; 66 cm + zawieszka 7 cm.<\/p>\n","protected":false},"excerpt":{"rendered":"<p>D\u0142ugi naszyjnik z bia\u0142ych pere\u0142 przeplatanych r\u00f3\u017cowymi i br\u0105zowymi per\u0142ami oraz z\u0142otymi hematytami, zasupe\u0142kowanymi na jedwabnej nici. Zwie\u0144czeniem naszyjnika jest zawieszka z du\u017cego kwarcu dymnego, okr\u0119gu ze stali chirurgicznej (szlachetnej) i kropli r\u00f3\u017cowego kwarcu.<\/p>\n","protected":false},"featured_media":729,"comment_status":"open","ping_status":"closed","template":"","meta":{"advanced_seo_description":"","jetpack_seo_html_title":"","jetpack_seo_noindex":false},"product_brand":[],"product_cat":[229],"product_tag":[168,118,183,215],"class_list":{"0":"post-724","1":"product","2":"type-product","3":"status-publish","4":"has-post-thumbnail","6":"product_cat-sprzedane","7":"product_tag-dlugi-naszyjnik-z-perel","8":"product_tag-naszyjnik-z-kwarcem-dymnym","9":"product_tag-naszyjnik-z-perlami","10":"product_tag-naszyjnik-z-rozowym-kwarcem","12":"first","13":"outofstock","14":"shipping-taxable","15":"product-type-simple"},"jetpack_sharing_enabled":true,"_links":{"self":[{"href":"https:\/\/koraledetale.pl\/index.php?rest_route=\/wp\/v2\/product\/724","targetHints":{"allow":["GET"]}}],"collection":[{"href":"https:\/\/koraledetale.pl\/index.php?rest_route=\/wp\/v2\/product"}],"about":[{"href":"https:\/\/koraledetale.pl\/index.php?rest_route=\/wp\/v2\/types\/product"}],"replies":[{"embeddable":true,"href":"https:\/\/koraledetale.pl\/index.php?rest_route=%2Fwp%2Fv2%2Fcomments&post=724"}],"wp:featuredmedia":[{"embeddable":true,"href":"https:\/\/koraledetale.pl\/index.php?rest_route=\/wp\/v2\/media\/729"}],"wp:attachment":[{"href":"https:\/\/koraledetale.pl\/index.php?rest_route=%2Fwp%2Fv2%2Fmedia&parent=724"}],"wp:term":[{"taxonomy":"product_brand","embeddable":true,"href":"https:\/\/koraledetale.pl\/index.php?rest_route=%2Fwp%2Fv2%2Fproduct_brand&post=724"},{"taxonomy":"product_cat","embeddable":true,"href":"https:\/\/koraledetale.pl\/index.php?rest_route=%2Fwp%2Fv2%2Fproduct_cat&post=724"},{"taxonomy":"product_tag","embeddable":true,"href":"https:\/\/koraledetale.pl\/index.php?rest_route=%2Fwp%2Fv2%2Fproduct_tag&post=724"}],"curies":[{"name":"wp","href":"https:\/\/api.w.org\/{rel}","templated":true}]}}