{"id":7230,"date":"2025-05-21T15:37:27","date_gmt":"2025-05-21T15:37:27","guid":{"rendered":"https:\/\/koraledetale.pl\/?post_type=product&#038;p=7230"},"modified":"2025-08-26T13:57:35","modified_gmt":"2025-08-26T13:57:35","slug":"bransoletka-panna","status":"publish","type":"product","link":"https:\/\/koraledetale.pl\/?product=bransoletka-panna","title":{"rendered":"Bransoletka PANNA"},"content":{"rendered":"<p>Wielko\u015b\u0107 kamieni:<\/p>\n<ul>\n<li>cytryn \u2013 6&#215;4 mm i 3 mm,<\/li>\n<li>lapis lazuli \u2013 3 mm,<\/li>\n<li>ametyst \u2013 3 mm<\/li>\n<li>hematyty \u2013 2 mm.<\/li>\n<\/ul>\n<p>\u0141atwa regulacja bransoletki poprzez przeci\u0105gni\u0119cie sznureczk\u00f3w przez w\u0119ze\u0142 makramowy. Maksymalna d\u0142ugo\u015b\u0107 \u2013 26 cm.<\/p>\n<p>Kamienie zasupe\u0142kowane s\u0105 na be\u017cowym, mocnym sznurku jubilerskim.<\/p>\n<p>Wszystkie elementy metalowe wykonane s\u0105 z nieuczulaj\u0105cej stali szlachetnej.<\/p>\n<p>Bransoletka jest bezpieczna przy u\u017cywaniu zgodnie z jej zastosowaniem<\/p>\n","protected":false},"excerpt":{"rendered":"<p>Bransoletka z kamieniami wspieraj\u0105cymi osoby urodzone w znaku PANNY \u2013 cytrynem, lapis lazuli i ametystem, z zawieszk\u0105 z symbolem zodiaku.<\/p>\n","protected":false},"featured_media":7220,"comment_status":"open","ping_status":"closed","template":"","meta":{"advanced_seo_description":"","jetpack_seo_html_title":"","jetpack_seo_noindex":false},"product_brand":[],"product_cat":[2601,17],"product_tag":[38,2620,2621,80,2610,193,1409,2622,2607,2606,31],"class_list":{"0":"post-7230","1":"product","2":"type-product","3":"status-publish","4":"has-post-thumbnail","6":"product_cat-kolekcja-zodiakalna","7":"product_cat-bransoletki","8":"product_tag-ametyst","9":"product_tag-bransoletka-dla-panny","10":"product_tag-bransoletka-z-cytrynem-lapis-lazuli-i-ametystem","11":"product_tag-bransoletka-z-kamieniami-naturalnymi","12":"product_tag-bransoletka-zodiakalna","13":"product_tag-cytryn","14":"product_tag-lapis-lazuli","15":"product_tag-panna","16":"product_tag-regulowana-bransoletka-na-sznureczku","17":"product_tag-znak-zodiaku","18":"product_tag-zloty-hematyt","20":"first","21":"instock","22":"shipping-taxable","23":"purchasable","24":"product-type-simple"},"jetpack_sharing_enabled":true,"_links":{"self":[{"href":"https:\/\/koraledetale.pl\/index.php?rest_route=\/wp\/v2\/product\/7230","targetHints":{"allow":["GET"]}}],"collection":[{"href":"https:\/\/koraledetale.pl\/index.php?rest_route=\/wp\/v2\/product"}],"about":[{"href":"https:\/\/koraledetale.pl\/index.php?rest_route=\/wp\/v2\/types\/product"}],"replies":[{"embeddable":true,"href":"https:\/\/koraledetale.pl\/index.php?rest_route=%2Fwp%2Fv2%2Fcomments&post=7230"}],"wp:featuredmedia":[{"embeddable":true,"href":"https:\/\/koraledetale.pl\/index.php?rest_route=\/wp\/v2\/media\/7220"}],"wp:attachment":[{"href":"https:\/\/koraledetale.pl\/index.php?rest_route=%2Fwp%2Fv2%2Fmedia&parent=7230"}],"wp:term":[{"taxonomy":"product_brand","embeddable":true,"href":"https:\/\/koraledetale.pl\/index.php?rest_route=%2Fwp%2Fv2%2Fproduct_brand&post=7230"},{"taxonomy":"product_cat","embeddable":true,"href":"https:\/\/koraledetale.pl\/index.php?rest_route=%2Fwp%2Fv2%2Fproduct_cat&post=7230"},{"taxonomy":"product_tag","embeddable":true,"href":"https:\/\/koraledetale.pl\/index.php?rest_route=%2Fwp%2Fv2%2Fproduct_tag&post=7230"}],"curies":[{"name":"wp","href":"https:\/\/api.w.org\/{rel}","templated":true}]}}