{"id":7150,"date":"2025-05-12T14:30:07","date_gmt":"2025-05-12T14:30:07","guid":{"rendered":"https:\/\/koraledetale.pl\/?post_type=product&#038;p=7150"},"modified":"2026-03-17T14:53:19","modified_gmt":"2026-03-17T14:53:19","slug":"bransoletka-fetysz-z-lapis-lazuli","status":"publish","type":"product","link":"https:\/\/koraledetale.pl\/?product=bransoletka-fetysz-z-lapis-lazuli","title":{"rendered":"Bransoletka FETYSZ z lapis lazuli"},"content":{"rendered":"<p>Wielko\u015b\u0107 kamieni:<\/p>\n<ul>\n<li>lapis lazuli \u2013 ok. 4\u00d72 mm (plastry), 4 mm (kulki) i 10,5x21x6,5 mm (wa\u0142eczek),<\/li>\n<li>hematyt \u2013 3\u00d71 mm i 2 mm.<\/li>\n<\/ul>\n<p>D\u0142ugo\u015b\u0107 bransoletki: 16,5\u00d719,5 cm.<\/p>\n<p>Wszystkie elementy metalowe wykonane s\u0105 z nieuczulaj\u0105cej stali szlachetnej.<\/p>\n<p>Bransoletka jest bezpieczna przy u\u017cywaniu zgodnie z jej zastosowaniem.<\/p>\n","protected":false},"excerpt":{"rendered":"<p>Bransoletka z plastr\u00f3w i kulek lapis lazuli, przeplatanych z\u0142otymi hematytami, z wa\u0142eczkiem lapis lazuli w w centrum<\/p>\n","protected":false},"featured_media":7145,"comment_status":"open","ping_status":"closed","template":"","meta":{"advanced_seo_description":"","jetpack_seo_html_title":"","jetpack_seo_noindex":false},"product_brand":[],"product_cat":[229],"product_tag":[2589,2279,1409,31],"class_list":{"0":"post-7150","1":"product","2":"type-product","3":"status-publish","4":"has-post-thumbnail","6":"product_cat-sprzedane","7":"product_tag-bransoletka-lapis-lazuli","8":"product_tag-bransoletka-z-niebieskimi-kamieniami-naturalnymi","9":"product_tag-lapis-lazuli","10":"product_tag-zloty-hematyt","12":"first","13":"outofstock","14":"shipping-taxable","15":"purchasable","16":"product-type-simple"},"jetpack_sharing_enabled":true,"_links":{"self":[{"href":"https:\/\/koraledetale.pl\/index.php?rest_route=\/wp\/v2\/product\/7150","targetHints":{"allow":["GET"]}}],"collection":[{"href":"https:\/\/koraledetale.pl\/index.php?rest_route=\/wp\/v2\/product"}],"about":[{"href":"https:\/\/koraledetale.pl\/index.php?rest_route=\/wp\/v2\/types\/product"}],"replies":[{"embeddable":true,"href":"https:\/\/koraledetale.pl\/index.php?rest_route=%2Fwp%2Fv2%2Fcomments&post=7150"}],"wp:featuredmedia":[{"embeddable":true,"href":"https:\/\/koraledetale.pl\/index.php?rest_route=\/wp\/v2\/media\/7145"}],"wp:attachment":[{"href":"https:\/\/koraledetale.pl\/index.php?rest_route=%2Fwp%2Fv2%2Fmedia&parent=7150"}],"wp:term":[{"taxonomy":"product_brand","embeddable":true,"href":"https:\/\/koraledetale.pl\/index.php?rest_route=%2Fwp%2Fv2%2Fproduct_brand&post=7150"},{"taxonomy":"product_cat","embeddable":true,"href":"https:\/\/koraledetale.pl\/index.php?rest_route=%2Fwp%2Fv2%2Fproduct_cat&post=7150"},{"taxonomy":"product_tag","embeddable":true,"href":"https:\/\/koraledetale.pl\/index.php?rest_route=%2Fwp%2Fv2%2Fproduct_tag&post=7150"}],"curies":[{"name":"wp","href":"https:\/\/api.w.org\/{rel}","templated":true}]}}