{"id":7136,"date":"2025-05-07T19:13:44","date_gmt":"2025-05-07T19:13:44","guid":{"rendered":"https:\/\/koraledetale.pl\/?post_type=product&#038;p=7136"},"modified":"2025-08-09T18:31:51","modified_gmt":"2025-08-09T18:31:51","slug":"naszyjnik-oko-z-labradorytami","status":"publish","type":"product","link":"https:\/\/koraledetale.pl\/?product=naszyjnik-oko-z-labradorytami","title":{"rendered":"Naszyjnik OKO z labradorytami"},"content":{"rendered":"<p>Wielko\u015b\u0107 kamieni:<\/p>\n<ul>\n<li>labradoryt \u2013 ok. 4\u00d72,5,5 mm i 3 mm (przy przed\u0142u\u017cce),<\/li>\n<li>hematyt \u2013 3\u00d71 mm i 2 mm.<\/li>\n<\/ul>\n<p>D\u0142ugo\u015b\u0107 naszyjnika: kr\u00f3tsza cz\u0119\u015b\u0107 z \u0142a\u0144cuszkiem \u2013 40 cm, d\u0142u\u017csza z labradorytami \u2013 44 cm + zawieszka \u2013 1,6 cm.<\/p>\n<p>Kamienie zasupe\u0142kowane s\u0105 na zielonej, mocnej nici jubilerskiej.<\/p>\n<p>Wszystkie elementy metalowe wykonane s\u0105 z nieuczulaj\u0105cej stali szlachetnej.<\/p>\n<p>Naszyjnik jest bezpieczny przy u\u017cywaniu zgodnie z jego zastosowaniem.<\/p>\n","protected":false},"excerpt":{"rendered":"<p>Warstwowy naszyjnik z \u0142a\u0144cuszka z kuleczkami i sznura ciosanych labradoryt\u00f3w, przeplatanych z\u0142otymi hematytami. Zwie\u0144czeniem naszyjnika jest zawieszka z symbolem trzeciego oka.<\/p>\n","protected":false},"featured_media":7140,"comment_status":"open","ping_status":"closed","template":"","meta":{"advanced_seo_description":"","jetpack_seo_html_title":"","jetpack_seo_noindex":false},"product_brand":[],"product_cat":[229],"product_tag":[56,2368,2044,2586,2587],"class_list":{"0":"post-7136","1":"product","2":"type-product","3":"status-publish","4":"has-post-thumbnail","6":"product_cat-sprzedane","7":"product_tag-labradoryt","8":"product_tag-naszyjnik-z-szarymi-kamieniami-naturalnymi","9":"product_tag-trzecie-oko","10":"product_tag-warstwowy-naszyjnik-z-labradorytami-i-trzecim-okiem","11":"product_tag-lancuszek-z-labradorytami-i-okiem","13":"first","14":"outofstock","15":"shipping-taxable","16":"purchasable","17":"product-type-simple"},"jetpack_sharing_enabled":true,"_links":{"self":[{"href":"https:\/\/koraledetale.pl\/index.php?rest_route=\/wp\/v2\/product\/7136","targetHints":{"allow":["GET"]}}],"collection":[{"href":"https:\/\/koraledetale.pl\/index.php?rest_route=\/wp\/v2\/product"}],"about":[{"href":"https:\/\/koraledetale.pl\/index.php?rest_route=\/wp\/v2\/types\/product"}],"replies":[{"embeddable":true,"href":"https:\/\/koraledetale.pl\/index.php?rest_route=%2Fwp%2Fv2%2Fcomments&post=7136"}],"wp:featuredmedia":[{"embeddable":true,"href":"https:\/\/koraledetale.pl\/index.php?rest_route=\/wp\/v2\/media\/7140"}],"wp:attachment":[{"href":"https:\/\/koraledetale.pl\/index.php?rest_route=%2Fwp%2Fv2%2Fmedia&parent=7136"}],"wp:term":[{"taxonomy":"product_brand","embeddable":true,"href":"https:\/\/koraledetale.pl\/index.php?rest_route=%2Fwp%2Fv2%2Fproduct_brand&post=7136"},{"taxonomy":"product_cat","embeddable":true,"href":"https:\/\/koraledetale.pl\/index.php?rest_route=%2Fwp%2Fv2%2Fproduct_cat&post=7136"},{"taxonomy":"product_tag","embeddable":true,"href":"https:\/\/koraledetale.pl\/index.php?rest_route=%2Fwp%2Fv2%2Fproduct_tag&post=7136"}],"curies":[{"name":"wp","href":"https:\/\/api.w.org\/{rel}","templated":true}]}}