{"id":7111,"date":"2025-05-04T09:23:45","date_gmt":"2025-05-04T09:23:45","guid":{"rendered":"https:\/\/koraledetale.pl\/?post_type=product&#038;p=7111"},"modified":"2025-10-19T08:49:17","modified_gmt":"2025-10-19T08:49:17","slug":"naszyjnik-pokusa-z-turkusami-lapis-lazuli-i-koralami","status":"publish","type":"product","link":"https:\/\/koraledetale.pl\/?product=naszyjnik-pokusa-z-turkusami-lapis-lazuli-i-koralami","title":{"rendered":"Naszyjnik POKUSA z turkusami, lapis lazuli i koralami"},"content":{"rendered":"<p>Wielko\u015b\u0107 kamieni:<\/p>\n<ul>\n<li>turkus \u2013 3 mm,<\/li>\n<li>lapis lazuli &#8211; 3 mm<\/li>\n<li>koral \u2013 3 mm,<\/li>\n<li>hematyt \u2013 8\u00d72 mm i 2 mm.<\/li>\n<\/ul>\n<p>D\u0142ugo\u015b\u0107 naszyjnika: 42-47cm + 2 cm zawieszka.<\/p>\n<p>Kamienie zasupe\u0142kowane s\u0105 na czerwonej, mocnej nici jubilerskiej.<\/p>\n<p>Wszystkie elementy metalowe wykonane s\u0105 z nieuczulaj\u0105cej stali szlachetnej.<\/p>\n<p>Naszyjnik jest bezpieczny przy u\u017cywaniu zgodnie z jego zastosowaniem.<\/p>\n","protected":false},"excerpt":{"rendered":"<p>Naszyjnik z turkusami afryka\u0144skimi, przeplatanymi lapis lazuli, koralami i z\u0142otymi hematytami. Zwie\u0144czeniem naszyjnika jest jednostronna zawieszka z symbolem trzeciego oka, z ochronn\u0105 czerwon\u0105 nitk\u0105 i koralem.<\/p>\n","protected":false},"featured_media":7112,"comment_status":"open","ping_status":"closed","template":"","meta":{"advanced_seo_description":"","jetpack_seo_html_title":"","jetpack_seo_noindex":false},"product_brand":[],"product_cat":[15],"product_tag":[82,1409,2333,2539,2576,2044,2578,2577],"class_list":{"0":"post-7111","1":"product","2":"type-product","3":"status-publish","4":"has-post-thumbnail","6":"product_cat-naszyjniki","7":"product_tag-koral","8":"product_tag-lapis-lazuli","9":"product_tag-naszyjnik-z-niebieskimi-kamieniami-naturalnymi","10":"product_tag-naszyjnik-z-trzecim-okiem","11":"product_tag-naszyjnik-z-turkusami-lapis-lazuli-i-koralami","12":"product_tag-trzecie-oko","13":"product_tag-turkus-afrykanski","14":"product_tag-turkusowy-naszyjnik-na-czerwonej-nitce","16":"first","17":"instock","18":"shipping-taxable","19":"purchasable","20":"product-type-simple"},"jetpack_sharing_enabled":true,"_links":{"self":[{"href":"https:\/\/koraledetale.pl\/index.php?rest_route=\/wp\/v2\/product\/7111","targetHints":{"allow":["GET"]}}],"collection":[{"href":"https:\/\/koraledetale.pl\/index.php?rest_route=\/wp\/v2\/product"}],"about":[{"href":"https:\/\/koraledetale.pl\/index.php?rest_route=\/wp\/v2\/types\/product"}],"replies":[{"embeddable":true,"href":"https:\/\/koraledetale.pl\/index.php?rest_route=%2Fwp%2Fv2%2Fcomments&post=7111"}],"wp:featuredmedia":[{"embeddable":true,"href":"https:\/\/koraledetale.pl\/index.php?rest_route=\/wp\/v2\/media\/7112"}],"wp:attachment":[{"href":"https:\/\/koraledetale.pl\/index.php?rest_route=%2Fwp%2Fv2%2Fmedia&parent=7111"}],"wp:term":[{"taxonomy":"product_brand","embeddable":true,"href":"https:\/\/koraledetale.pl\/index.php?rest_route=%2Fwp%2Fv2%2Fproduct_brand&post=7111"},{"taxonomy":"product_cat","embeddable":true,"href":"https:\/\/koraledetale.pl\/index.php?rest_route=%2Fwp%2Fv2%2Fproduct_cat&post=7111"},{"taxonomy":"product_tag","embeddable":true,"href":"https:\/\/koraledetale.pl\/index.php?rest_route=%2Fwp%2Fv2%2Fproduct_tag&post=7111"}],"curies":[{"name":"wp","href":"https:\/\/api.w.org\/{rel}","templated":true}]}}