{"id":7053,"date":"2025-04-23T08:48:40","date_gmt":"2025-04-23T08:48:40","guid":{"rendered":"https:\/\/koraledetale.pl\/?post_type=product&#038;p=7053"},"modified":"2025-04-23T12:03:19","modified_gmt":"2025-04-23T12:03:19","slug":"naszyjnik-pokusa-z-magnezytami-sodalitami-i-koralami","status":"publish","type":"product","link":"https:\/\/koraledetale.pl\/?product=naszyjnik-pokusa-z-magnezytami-sodalitami-i-koralami","title":{"rendered":"Naszyjnik POKUSA z magnezytami, sodalitami i koralami"},"content":{"rendered":"<p>Wielko\u015b\u0107 kamieni:<\/p>\n<ul>\n<li>magnezyt &#8211; 2,5 mm,<\/li>\n<li>koral \u2013 3 mm,<\/li>\n<li>sodalit \u2013 2,5 mm,<\/li>\n<li>hematyt \u2013 8\u00d72 mm i 2 mm.<\/li>\n<\/ul>\n<p>D\u0142ugo\u015b\u0107 naszyjnika: 42-47 cm + 1,6 cm zawieszka.<\/p>\n<p>Kamienie zasupe\u0142kowane s\u0105 na czerwonej, mocnej nici jubilerskiej.<\/p>\n<p>Wszystkie elementy metalowe wykonane s\u0105 z nieuczulaj\u0105cej stali szlachetnej.<\/p>\n<p>Naszyjnik jest bezpieczny przy u\u017cywaniu zgodnie z jego zastosowaniem.<\/p>\n","protected":false},"excerpt":{"rendered":"<p>Naszyjnik z magnezytami przeplatanymi sodalitami, koralami i z\u0142otymi hematytami. Zwie\u0144czeniem naszyjnika jest jednostronna zawieszka z symbolem s\u0142o\u0144ca, z ochronn\u0105 czerwon\u0105 nitk\u0105 i koralem.<\/p>\n","protected":false},"featured_media":7054,"comment_status":"open","ping_status":"closed","template":"","meta":{"advanced_seo_description":"","jetpack_seo_html_title":"","jetpack_seo_noindex":false},"product_brand":[],"product_cat":[229],"product_tag":[2559,2558,2557,1929,1003,31],"class_list":{"0":"post-7053","1":"product","2":"type-product","3":"status-publish","4":"has-post-thumbnail","6":"product_cat-sprzedane","7":"product_tag-magnezytm-koral","8":"product_tag-naszyjnik-z-kamieniami-naturalnymi-z-czerwonej-nitce","9":"product_tag-naszyjnik-z-magnezytami-koralami-i-sodalitami","10":"product_tag-naszyjnik-z-turkusowymi-kamieniami-naturalnymi","11":"product_tag-sodalit","12":"product_tag-zloty-hematyt","14":"first","15":"outofstock","16":"shipping-taxable","17":"purchasable","18":"product-type-simple"},"jetpack_sharing_enabled":true,"_links":{"self":[{"href":"https:\/\/koraledetale.pl\/index.php?rest_route=\/wp\/v2\/product\/7053","targetHints":{"allow":["GET"]}}],"collection":[{"href":"https:\/\/koraledetale.pl\/index.php?rest_route=\/wp\/v2\/product"}],"about":[{"href":"https:\/\/koraledetale.pl\/index.php?rest_route=\/wp\/v2\/types\/product"}],"replies":[{"embeddable":true,"href":"https:\/\/koraledetale.pl\/index.php?rest_route=%2Fwp%2Fv2%2Fcomments&post=7053"}],"wp:featuredmedia":[{"embeddable":true,"href":"https:\/\/koraledetale.pl\/index.php?rest_route=\/wp\/v2\/media\/7054"}],"wp:attachment":[{"href":"https:\/\/koraledetale.pl\/index.php?rest_route=%2Fwp%2Fv2%2Fmedia&parent=7053"}],"wp:term":[{"taxonomy":"product_brand","embeddable":true,"href":"https:\/\/koraledetale.pl\/index.php?rest_route=%2Fwp%2Fv2%2Fproduct_brand&post=7053"},{"taxonomy":"product_cat","embeddable":true,"href":"https:\/\/koraledetale.pl\/index.php?rest_route=%2Fwp%2Fv2%2Fproduct_cat&post=7053"},{"taxonomy":"product_tag","embeddable":true,"href":"https:\/\/koraledetale.pl\/index.php?rest_route=%2Fwp%2Fv2%2Fproduct_tag&post=7053"}],"curies":[{"name":"wp","href":"https:\/\/api.w.org\/{rel}","templated":true}]}}