{"id":7049,"date":"2025-04-20T20:39:05","date_gmt":"2025-04-20T20:39:05","guid":{"rendered":"https:\/\/koraledetale.pl\/?post_type=product&#038;p=7049"},"modified":"2025-04-22T08:40:45","modified_gmt":"2025-04-22T08:40:45","slug":"naszyjnik-mech-i-paproc-ii","status":"publish","type":"product","link":"https:\/\/koraledetale.pl\/?product=naszyjnik-mech-i-paproc-ii","title":{"rendered":"Naszyjnik MECH I PAPRO\u0106 II"},"content":{"rendered":"<p>Wielko\u015b\u0107 kamieni:<\/p>\n<ul>\n<li>diopsyd \u2013 4,5\u00d72,5 mm,<\/li>\n<li>labradoryt -3,5 mm,<\/li>\n<li>frenit \u2013 3,5 mm,<\/li>\n<li>turmalin \u2013 3,5 mm i 4\u00d72,5 mm (pastylka),<\/li>\n<li>cytryn \u2013 3,5 mm i 3 mm,<\/li>\n<li>oliwin \u2013 2,5 mm,<\/li>\n<li>zielony granat \u2013 3,5 mm,<\/li>\n<li>kwarc dymny \u2013 3,5 mm,<\/li>\n<li>hematyt \u2013 2 mm, 2\u00d71 mm.<\/li>\n<\/ul>\n<p>D\u0142ugo\u015b\u0107 naszyjnika \u2013 95 cm + zawieszka 3,5 cm.<\/p>\n<p>Wszystkie elementy metalowe wykonane s\u0105 z nieuczulaj\u0105cej stali szlachetnej.<\/p>\n<p>Naszyjnik jest bezpieczny przy u\u017cywaniu zgodnie z jego zastosowaniem.<\/p>\n<p>&nbsp;<\/p>\n","protected":false},"excerpt":{"rendered":"<p>D\u0142ugi naszyjnik, kt\u00f3ry mo\u017cna owin\u0105\u0107 dwa razy wok\u00f3\u0142 szyi i powstan\u0105 dwa uzupe\u0142niaj\u0105ce si\u0119 naszyjniki. Zielone kamienie: diopsyd, frenit, turmalin, granat, oliwin oraz cytryn, labradoryt i kwarc dymny, przeplatane s\u0105 z\u0142otymi hematytami i zasupe\u0142kowane na zielonej, mocnej nici jubilerskiej. Od zapi\u0119cia z k\u00f3\u0142kiem odchodzi zawieszka: lunula z pastylk\u0105 turmalinu. W naszyjnik wplecione s\u0105 mniejsze zawieszki &#8211; maroka\u0144ska koniczynka i gwiazda\/s\u0142o\u0144ce.<\/p>\n","protected":false},"featured_media":7042,"comment_status":"open","ping_status":"closed","template":"","meta":{"advanced_seo_description":"","jetpack_seo_html_title":"","jetpack_seo_noindex":false},"product_brand":[],"product_cat":[229],"product_tag":[193,29,2556,125,63,56,30,87,2294,86,31],"class_list":{"0":"post-7049","1":"product","2":"type-product","3":"status-publish","4":"has-post-thumbnail","6":"product_cat-sprzedane","7":"product_tag-cytryn","8":"product_tag-diopsyd","9":"product_tag-dlugi-naszyjnik-z-zielonymi-kamieniami-naturalnymi-i-lunula","10":"product_tag-frenit","11":"product_tag-kwarc-dymny","12":"product_tag-labradoryt","13":"product_tag-oliwin","14":"product_tag-turmalin","15":"product_tag-warstwowy-naszyjnik-z-kamieniami-naturalnymi","16":"product_tag-zielony-granat","17":"product_tag-zloty-hematyt","19":"first","20":"outofstock","21":"shipping-taxable","22":"purchasable","23":"product-type-simple"},"jetpack_sharing_enabled":true,"_links":{"self":[{"href":"https:\/\/koraledetale.pl\/index.php?rest_route=\/wp\/v2\/product\/7049","targetHints":{"allow":["GET"]}}],"collection":[{"href":"https:\/\/koraledetale.pl\/index.php?rest_route=\/wp\/v2\/product"}],"about":[{"href":"https:\/\/koraledetale.pl\/index.php?rest_route=\/wp\/v2\/types\/product"}],"replies":[{"embeddable":true,"href":"https:\/\/koraledetale.pl\/index.php?rest_route=%2Fwp%2Fv2%2Fcomments&post=7049"}],"wp:featuredmedia":[{"embeddable":true,"href":"https:\/\/koraledetale.pl\/index.php?rest_route=\/wp\/v2\/media\/7042"}],"wp:attachment":[{"href":"https:\/\/koraledetale.pl\/index.php?rest_route=%2Fwp%2Fv2%2Fmedia&parent=7049"}],"wp:term":[{"taxonomy":"product_brand","embeddable":true,"href":"https:\/\/koraledetale.pl\/index.php?rest_route=%2Fwp%2Fv2%2Fproduct_brand&post=7049"},{"taxonomy":"product_cat","embeddable":true,"href":"https:\/\/koraledetale.pl\/index.php?rest_route=%2Fwp%2Fv2%2Fproduct_cat&post=7049"},{"taxonomy":"product_tag","embeddable":true,"href":"https:\/\/koraledetale.pl\/index.php?rest_route=%2Fwp%2Fv2%2Fproduct_tag&post=7049"}],"curies":[{"name":"wp","href":"https:\/\/api.w.org\/{rel}","templated":true}]}}