{"id":7030,"date":"2025-04-18T09:18:42","date_gmt":"2025-04-18T09:18:42","guid":{"rendered":"https:\/\/koraledetale.pl\/?post_type=product&#038;p=7030"},"modified":"2025-06-06T11:31:47","modified_gmt":"2025-06-06T11:31:47","slug":"naszyjnik-spokojny-z-ametystami","status":"publish","type":"product","link":"https:\/\/koraledetale.pl\/?product=naszyjnik-spokojny-z-ametystami","title":{"rendered":"Regulowany naszyjnik SPOKOJNY z ametystami"},"content":{"rendered":"<p>Wielko\u015b\u0107 kamieni:<\/p>\n<ul>\n<li>ametyst \u2013 4,5 mm,<\/li>\n<li>hematyt \u2013 3&#215;1 mm.<\/li>\n<\/ul>\n<p>D\u0142ugo\u015b\u0107 naszyjnika do 63 cm + zawieszka 1,7 cm.<\/p>\n<p>Naszyjnik jest bezpieczny przy u\u017cywaniu zgodnie z jego zastosowaniem.<\/p>\n","protected":false},"excerpt":{"rendered":"<p>Regulowany naszyjnik na kolorowym, metalicznym sznureczku, z ametystami, przeplatanymi z\u0142otymi hematytami, z m\u0142otkowan\u0105 zawieszk\u0105 w kszta\u0142cie serca. Dzi\u0119ki \u0142atwej regulacji, naszyjnik mo\u017ce by\u0107 noszony jako kr\u00f3tki lub \u015bredniej d\u0142ugo\u015bci, w zale\u017cno\u015bci od potrzeb. Mocny sznurek jubilerski zapewni naszyjnikowi wytrzyma\u0142o\u015b\u0107.<\/p>\n","protected":false},"featured_media":7026,"comment_status":"open","ping_status":"closed","template":"","meta":{"advanced_seo_description":"","jetpack_seo_html_title":"","jetpack_seo_noindex":false},"product_brand":[],"product_cat":[15],"product_tag":[38,2552,2553,31],"class_list":{"0":"post-7030","1":"product","2":"type-product","3":"status-publish","4":"has-post-thumbnail","6":"product_cat-naszyjniki","7":"product_tag-ametyst","8":"product_tag-regulowany-naszyjnik-z-ametystami","9":"product_tag-regulowany-naszyjnik-z-fioletowymi-kamieniami-naturalnymi","10":"product_tag-zloty-hematyt","12":"first","13":"instock","14":"shipping-taxable","15":"purchasable","16":"product-type-simple"},"jetpack_sharing_enabled":true,"_links":{"self":[{"href":"https:\/\/koraledetale.pl\/index.php?rest_route=\/wp\/v2\/product\/7030","targetHints":{"allow":["GET"]}}],"collection":[{"href":"https:\/\/koraledetale.pl\/index.php?rest_route=\/wp\/v2\/product"}],"about":[{"href":"https:\/\/koraledetale.pl\/index.php?rest_route=\/wp\/v2\/types\/product"}],"replies":[{"embeddable":true,"href":"https:\/\/koraledetale.pl\/index.php?rest_route=%2Fwp%2Fv2%2Fcomments&post=7030"}],"wp:featuredmedia":[{"embeddable":true,"href":"https:\/\/koraledetale.pl\/index.php?rest_route=\/wp\/v2\/media\/7026"}],"wp:attachment":[{"href":"https:\/\/koraledetale.pl\/index.php?rest_route=%2Fwp%2Fv2%2Fmedia&parent=7030"}],"wp:term":[{"taxonomy":"product_brand","embeddable":true,"href":"https:\/\/koraledetale.pl\/index.php?rest_route=%2Fwp%2Fv2%2Fproduct_brand&post=7030"},{"taxonomy":"product_cat","embeddable":true,"href":"https:\/\/koraledetale.pl\/index.php?rest_route=%2Fwp%2Fv2%2Fproduct_cat&post=7030"},{"taxonomy":"product_tag","embeddable":true,"href":"https:\/\/koraledetale.pl\/index.php?rest_route=%2Fwp%2Fv2%2Fproduct_tag&post=7030"}],"curies":[{"name":"wp","href":"https:\/\/api.w.org\/{rel}","templated":true}]}}