{"id":7022,"date":"2025-04-18T09:03:27","date_gmt":"2025-04-18T09:03:27","guid":{"rendered":"https:\/\/koraledetale.pl\/?post_type=product&#038;p=7022"},"modified":"2025-04-18T09:26:58","modified_gmt":"2025-04-18T09:26:58","slug":"naszyjnik-kobiecy-z-perlami","status":"publish","type":"product","link":"https:\/\/koraledetale.pl\/?product=naszyjnik-kobiecy-z-perlami","title":{"rendered":"Regulowany naszyjnik KOBIECY z per\u0142ami"},"content":{"rendered":"<p>Wielko\u015b\u0107 kamieni:<\/p>\n<ul>\n<li>per\u0142a \u2013 ok. 6&#215;4,5 mm,<\/li>\n<li>hematyt \u2013 2 mm.<\/li>\n<\/ul>\n<p>D\u0142ugo\u015b\u0107 naszyjnika do 60 cm + zawieszka 1,5 cm.<\/p>\n<p>Naszyjnik jest bezpieczny przy u\u017cywaniu zgodnie z jego zastosowaniem.<\/p>\n","protected":false},"excerpt":{"rendered":"<p>Regulowany naszyjnik na turkusowym sznureczku, z nieregularnymi per\u0142ami, przeplatanymi z\u0142otymi hematytami, z a\u017curow\u0105 zawieszk\u0105 \u2013 sierpem ksi\u0119\u017cyca. Dzi\u0119ki \u0142atwej regulacji, naszyjnik mo\u017ce by\u0107 noszony jako kr\u00f3tki lub \u015bredniej d\u0142ugo\u015bci, w zale\u017cno\u015bci od potrzeb. Mocna ni\u0107 jubilerska zapewni naszyjnikowi wytrzyma\u0142o\u015b\u0107.<\/p>\n","protected":false},"featured_media":7028,"comment_status":"open","ping_status":"closed","template":"","meta":{"advanced_seo_description":"","jetpack_seo_html_title":"","jetpack_seo_noindex":false},"product_brand":[],"product_cat":[15],"product_tag":[57,541,420,2551,31],"class_list":{"0":"post-7022","1":"product","2":"type-product","3":"status-publish","4":"has-post-thumbnail","6":"product_cat-naszyjniki","7":"product_tag-perla","8":"product_tag-regulowany-naszyjnik-z-kamieniami-naturalnymi","9":"product_tag-regulowany-naszyjnik-z-ksiezycem","10":"product_tag-regulowany-naszyjnik-z-perlami","11":"product_tag-zloty-hematyt","13":"first","14":"instock","15":"shipping-taxable","16":"purchasable","17":"product-type-simple"},"jetpack_sharing_enabled":true,"_links":{"self":[{"href":"https:\/\/koraledetale.pl\/index.php?rest_route=\/wp\/v2\/product\/7022","targetHints":{"allow":["GET"]}}],"collection":[{"href":"https:\/\/koraledetale.pl\/index.php?rest_route=\/wp\/v2\/product"}],"about":[{"href":"https:\/\/koraledetale.pl\/index.php?rest_route=\/wp\/v2\/types\/product"}],"replies":[{"embeddable":true,"href":"https:\/\/koraledetale.pl\/index.php?rest_route=%2Fwp%2Fv2%2Fcomments&post=7022"}],"wp:featuredmedia":[{"embeddable":true,"href":"https:\/\/koraledetale.pl\/index.php?rest_route=\/wp\/v2\/media\/7028"}],"wp:attachment":[{"href":"https:\/\/koraledetale.pl\/index.php?rest_route=%2Fwp%2Fv2%2Fmedia&parent=7022"}],"wp:term":[{"taxonomy":"product_brand","embeddable":true,"href":"https:\/\/koraledetale.pl\/index.php?rest_route=%2Fwp%2Fv2%2Fproduct_brand&post=7022"},{"taxonomy":"product_cat","embeddable":true,"href":"https:\/\/koraledetale.pl\/index.php?rest_route=%2Fwp%2Fv2%2Fproduct_cat&post=7022"},{"taxonomy":"product_tag","embeddable":true,"href":"https:\/\/koraledetale.pl\/index.php?rest_route=%2Fwp%2Fv2%2Fproduct_tag&post=7022"}],"curies":[{"name":"wp","href":"https:\/\/api.w.org\/{rel}","templated":true}]}}