{"id":7020,"date":"2025-04-16T10:31:57","date_gmt":"2025-04-16T10:31:57","guid":{"rendered":"https:\/\/koraledetale.pl\/?post_type=product&#038;p=7020"},"modified":"2026-04-03T15:31:42","modified_gmt":"2026-04-03T15:31:42","slug":"kolczyki-milosne-z-zoisytami","status":"publish","type":"product","link":"https:\/\/koraledetale.pl\/?product=kolczyki-milosne-z-zoisytami","title":{"rendered":"Kolczyki MI\u0141OSNE z zoisytami"},"content":{"rendered":"<p>Wielko\u015b\u0107 zoisytu \u2013 6x6x3,5 mm.<\/p>\n<p>D\u0142ugo\u015b\u0107 kolczyk\u00f3w \u2013 2,3 cm.<\/p>\n<p>Wszystkie elementy metalowe wykonane s\u0105 z nieuczulaj\u0105cej stali szlachetnej.<\/p>\n<p>Kolczyki s\u0105 bezpieczne przy u\u017cywaniu zgodnie z ich zastosowaniem.<\/p>\n","protected":false},"excerpt":{"rendered":"<p>Kolczyki na sztyftach z k\u00f3\u0142kiem i zoisytem w kszta\u0142cie serca.<\/p>\n","protected":false},"featured_media":7016,"comment_status":"open","ping_status":"closed","template":"","meta":{"advanced_seo_description":"","jetpack_seo_html_title":"","jetpack_seo_noindex":false},"product_brand":[],"product_cat":[229],"product_tag":[2550,2549,126],"class_list":{"0":"post-7020","1":"product","2":"type-product","3":"status-publish","4":"has-post-thumbnail","6":"product_cat-sprzedane","7":"product_tag-kolczyki-na-sztyftach-z-zielonymi-kamieniami","8":"product_tag-kolczyki-z-zoisytami","9":"product_tag-zoisyt","11":"first","12":"outofstock","13":"shipping-taxable","14":"purchasable","15":"product-type-simple"},"jetpack_sharing_enabled":true,"_links":{"self":[{"href":"https:\/\/koraledetale.pl\/index.php?rest_route=\/wp\/v2\/product\/7020","targetHints":{"allow":["GET"]}}],"collection":[{"href":"https:\/\/koraledetale.pl\/index.php?rest_route=\/wp\/v2\/product"}],"about":[{"href":"https:\/\/koraledetale.pl\/index.php?rest_route=\/wp\/v2\/types\/product"}],"replies":[{"embeddable":true,"href":"https:\/\/koraledetale.pl\/index.php?rest_route=%2Fwp%2Fv2%2Fcomments&post=7020"}],"wp:featuredmedia":[{"embeddable":true,"href":"https:\/\/koraledetale.pl\/index.php?rest_route=\/wp\/v2\/media\/7016"}],"wp:attachment":[{"href":"https:\/\/koraledetale.pl\/index.php?rest_route=%2Fwp%2Fv2%2Fmedia&parent=7020"}],"wp:term":[{"taxonomy":"product_brand","embeddable":true,"href":"https:\/\/koraledetale.pl\/index.php?rest_route=%2Fwp%2Fv2%2Fproduct_brand&post=7020"},{"taxonomy":"product_cat","embeddable":true,"href":"https:\/\/koraledetale.pl\/index.php?rest_route=%2Fwp%2Fv2%2Fproduct_cat&post=7020"},{"taxonomy":"product_tag","embeddable":true,"href":"https:\/\/koraledetale.pl\/index.php?rest_route=%2Fwp%2Fv2%2Fproduct_tag&post=7020"}],"curies":[{"name":"wp","href":"https:\/\/api.w.org\/{rel}","templated":true}]}}