{"id":7010,"date":"2025-04-10T17:46:16","date_gmt":"2025-04-10T17:46:16","guid":{"rendered":"https:\/\/koraledetale.pl\/?post_type=product&#038;p=7010"},"modified":"2025-12-20T11:09:28","modified_gmt":"2025-12-20T11:09:28","slug":"kolczyki-przebudzenie-ii-z-kamieniem-slonecznym-i-perla","status":"publish","type":"product","link":"https:\/\/koraledetale.pl\/?product=kolczyki-przebudzenie-ii-z-kamieniem-slonecznym-i-perla","title":{"rendered":"Kolczyki PRZEBUDZENIE II z kamieniem s\u0142onecznym i per\u0142\u0105"},"content":{"rendered":"<p>Wielko\u015b\u0107 kamieni:<\/p>\n<ul>\n<li>kamie\u0144 s\u0142oneczny \u2013 11 mm,<\/li>\n<li>per\u0142a \u2013 ok. 31\u00d77 mm.<\/li>\n<\/ul>\n<p>D\u0142ugo\u015b\u0107 kolczyk\u00f3w \u2013 5,2 cm.<\/p>\n<p>Wszystkie elementy metalowe wykonane s\u0105 z nieuczulaj\u0105cej stali szlachetnej.<\/p>\n<p>Kolczyki s\u0105 bezpieczne przy u\u017cywaniu zgodnie z ich zastosowaniem.<\/p>\n","protected":false},"excerpt":{"rendered":"<p>D\u0142ugie kolczyki na sztyftach z wygi\u0119tym elementem, zako\u0144czonym z jednej strony kamieniem s\u0142onecznym, z drugiej &#8211; du\u017c\u0105, pod\u0142u\u017cn\u0105 per\u0142a.<\/p>\n","protected":false},"featured_media":7000,"comment_status":"open","ping_status":"closed","template":"","meta":{"advanced_seo_description":"","jetpack_seo_html_title":"","jetpack_seo_noindex":false},"product_brand":[],"product_cat":[18],"product_tag":[2547,2548,94,57],"class_list":{"0":"post-7010","1":"product","2":"type-product","3":"status-publish","4":"has-post-thumbnail","6":"product_cat-kolczyki","7":"product_tag-dlugie-kolczyki-na-sztyftach-z-kamieniami-naturalnymi","8":"product_tag-dlugie-kolczyki-z-kamieniami-slonecznymi-i-perlami","9":"product_tag-kamien-sloneczny","10":"product_tag-perla","12":"first","13":"instock","14":"shipping-taxable","15":"purchasable","16":"product-type-simple"},"jetpack_sharing_enabled":true,"_links":{"self":[{"href":"https:\/\/koraledetale.pl\/index.php?rest_route=\/wp\/v2\/product\/7010","targetHints":{"allow":["GET"]}}],"collection":[{"href":"https:\/\/koraledetale.pl\/index.php?rest_route=\/wp\/v2\/product"}],"about":[{"href":"https:\/\/koraledetale.pl\/index.php?rest_route=\/wp\/v2\/types\/product"}],"replies":[{"embeddable":true,"href":"https:\/\/koraledetale.pl\/index.php?rest_route=%2Fwp%2Fv2%2Fcomments&post=7010"}],"wp:featuredmedia":[{"embeddable":true,"href":"https:\/\/koraledetale.pl\/index.php?rest_route=\/wp\/v2\/media\/7000"}],"wp:attachment":[{"href":"https:\/\/koraledetale.pl\/index.php?rest_route=%2Fwp%2Fv2%2Fmedia&parent=7010"}],"wp:term":[{"taxonomy":"product_brand","embeddable":true,"href":"https:\/\/koraledetale.pl\/index.php?rest_route=%2Fwp%2Fv2%2Fproduct_brand&post=7010"},{"taxonomy":"product_cat","embeddable":true,"href":"https:\/\/koraledetale.pl\/index.php?rest_route=%2Fwp%2Fv2%2Fproduct_cat&post=7010"},{"taxonomy":"product_tag","embeddable":true,"href":"https:\/\/koraledetale.pl\/index.php?rest_route=%2Fwp%2Fv2%2Fproduct_tag&post=7010"}],"curies":[{"name":"wp","href":"https:\/\/api.w.org\/{rel}","templated":true}]}}