{"id":7009,"date":"2025-04-10T17:39:32","date_gmt":"2025-04-10T17:39:32","guid":{"rendered":"https:\/\/koraledetale.pl\/?post_type=product&#038;p=7009"},"modified":"2026-03-07T11:28:41","modified_gmt":"2026-03-07T11:28:41","slug":"kolczyki-przebudzenie-i-z-kamieniem-slonecznym-i-perla","status":"publish","type":"product","link":"https:\/\/koraledetale.pl\/?product=kolczyki-przebudzenie-i-z-kamieniem-slonecznym-i-perla","title":{"rendered":"Kolczyki PRZEBUDZENIE I z kamieniem s\u0142onecznym i per\u0142\u0105"},"content":{"rendered":"<p>Wielko\u015b\u0107 kamieni:<\/p>\n<ul>\n<li>kamie\u0144 s\u0142oneczny \u2013 11 mm,<\/li>\n<li>per\u0142a \u2013 ok. 31\u00d77 mm.<\/li>\n<\/ul>\n<p>D\u0142ugo\u015b\u0107 kolczyk\u00f3w \u2013 5,7 cm.<\/p>\n<p>Wszystkie elementy metalowe wykonane s\u0105 z nieuczulaj\u0105cej stali szlachetnej.<\/p>\n<p>Kolczyki s\u0105 bezpieczne przy u\u017cywaniu zgodnie z ich zastosowaniem.<\/p>\n","protected":false},"excerpt":{"rendered":"<p>D\u0142ugie kolczyki na sztyftach z kwadratowym, lekko wkl\u0119s\u0142ym elementem o ciekawej fakturze, od kt\u00f3rego odchodzi kamie\u0144 s\u0142oneczny i du\u017ca, pod\u0142u\u017cna per\u0142a.<\/p>\n","protected":false},"featured_media":6997,"comment_status":"open","ping_status":"closed","template":"","meta":{"advanced_seo_description":"","jetpack_seo_html_title":"","jetpack_seo_noindex":false},"product_brand":[],"product_cat":[229],"product_tag":[1100,815,94,2546,57],"class_list":{"0":"post-7009","1":"product","2":"type-product","3":"status-publish","4":"has-post-thumbnail","6":"product_cat-sprzedane","7":"product_tag-dlugie-kolczyki-na-sztyftach","8":"product_tag-dlugie-kolczyki-z-kamieniami-naturalnymi","9":"product_tag-kamien-sloneczny","10":"product_tag-kolczyki-z-kamieniami-slonecznymi-i-perla","11":"product_tag-perla","13":"first","14":"outofstock","15":"shipping-taxable","16":"purchasable","17":"product-type-simple"},"jetpack_sharing_enabled":true,"_links":{"self":[{"href":"https:\/\/koraledetale.pl\/index.php?rest_route=\/wp\/v2\/product\/7009","targetHints":{"allow":["GET"]}}],"collection":[{"href":"https:\/\/koraledetale.pl\/index.php?rest_route=\/wp\/v2\/product"}],"about":[{"href":"https:\/\/koraledetale.pl\/index.php?rest_route=\/wp\/v2\/types\/product"}],"replies":[{"embeddable":true,"href":"https:\/\/koraledetale.pl\/index.php?rest_route=%2Fwp%2Fv2%2Fcomments&post=7009"}],"wp:featuredmedia":[{"embeddable":true,"href":"https:\/\/koraledetale.pl\/index.php?rest_route=\/wp\/v2\/media\/6997"}],"wp:attachment":[{"href":"https:\/\/koraledetale.pl\/index.php?rest_route=%2Fwp%2Fv2%2Fmedia&parent=7009"}],"wp:term":[{"taxonomy":"product_brand","embeddable":true,"href":"https:\/\/koraledetale.pl\/index.php?rest_route=%2Fwp%2Fv2%2Fproduct_brand&post=7009"},{"taxonomy":"product_cat","embeddable":true,"href":"https:\/\/koraledetale.pl\/index.php?rest_route=%2Fwp%2Fv2%2Fproduct_cat&post=7009"},{"taxonomy":"product_tag","embeddable":true,"href":"https:\/\/koraledetale.pl\/index.php?rest_route=%2Fwp%2Fv2%2Fproduct_tag&post=7009"}],"curies":[{"name":"wp","href":"https:\/\/api.w.org\/{rel}","templated":true}]}}