{"id":7008,"date":"2025-04-10T17:32:06","date_gmt":"2025-04-10T17:32:06","guid":{"rendered":"https:\/\/koraledetale.pl\/?post_type=product&#038;p=7008"},"modified":"2025-09-29T05:56:06","modified_gmt":"2025-09-29T05:56:06","slug":"naszyjnik-przebudzenie-z-kamieniami-slonecznymi-i-perla","status":"publish","type":"product","link":"https:\/\/koraledetale.pl\/?product=naszyjnik-przebudzenie-z-kamieniami-slonecznymi-i-perla","title":{"rendered":"Naszyjnik PRZEBUDZENIE z kamieniami s\u0142onecznymi i per\u0142\u0105"},"content":{"rendered":"<p>Wielko\u015b\u0107 kamieni:<\/p>\n<ul>\n<li>kamie\u0144 s\u0142oneczny \u2013 11 mm,<\/li>\n<li>per\u0142a \u2013 ok. 31\u00d77 mm.<\/li>\n<\/ul>\n<p>D\u0142ugo\u015b\u0107 naszyjnika: 45\u201352,5 cm.<\/p>\n<p>Kamienie zasuper\u0142kowane s\u0105 na szarobe\u017cowej jedwabnej nici jubilerskiej.<\/p>\n<p>Wszystkie elementy metalowe wykonane s\u0105 z nieuczulaj\u0105cej stali szlachetnej.<\/p>\n<p>Naszyjnik jest bezpieczny przy u\u017cywaniu zgodnie z jego zastosowaniem.<\/p>\n","protected":false},"excerpt":{"rendered":"<p>Naszyjnik z du\u017cymi, g\u0142adkimi kamieniami s\u0142onecznymi, z wplecionymi pod\u0142u\u017cnymi per\u0142ami i per\u0142ow\u0105 zawieszk\u0105, zwie\u0144czaj\u0105c\u0105 \u0142a\u0144cuch o du\u017cych oczkach (pe\u0142ni\u0105cy r\u00f3wnie\u017c rol\u0119 przed\u0142u\u017cki). Naszyjnik mo\u017cesz nosi\u0107 na wiele sposob\u00f3w, na przyk\u0142ad \u0142a\u0144cuchem z przodu, po boku, lub &#8220;ukrywaj\u0105c&#8221; go z ty\u0142u, eksponuj\u0105c kamienie.<\/p>\n","protected":false},"featured_media":6991,"comment_status":"open","ping_status":"closed","template":"","meta":{"advanced_seo_description":"","jetpack_seo_html_title":"","jetpack_seo_noindex":false},"product_brand":[],"product_cat":[15],"product_tag":[94,2521,2545,57,1493],"class_list":{"0":"post-7008","1":"product","2":"type-product","3":"status-publish","4":"has-post-thumbnail","6":"product_cat-naszyjniki","7":"product_tag-kamien-sloneczny","8":"product_tag-naszyjnik-z-duzymi-kamieniami-naturalnymi","9":"product_tag-naszyjnik-z-kamieniami-slonecznymi-i-perlami","10":"product_tag-perla","11":"product_tag-wielofunkcyjny-naszyjnik-z-kamieniami-naturalnymi","13":"first","14":"instock","15":"shipping-taxable","16":"purchasable","17":"product-type-simple"},"jetpack_sharing_enabled":true,"_links":{"self":[{"href":"https:\/\/koraledetale.pl\/index.php?rest_route=\/wp\/v2\/product\/7008","targetHints":{"allow":["GET"]}}],"collection":[{"href":"https:\/\/koraledetale.pl\/index.php?rest_route=\/wp\/v2\/product"}],"about":[{"href":"https:\/\/koraledetale.pl\/index.php?rest_route=\/wp\/v2\/types\/product"}],"replies":[{"embeddable":true,"href":"https:\/\/koraledetale.pl\/index.php?rest_route=%2Fwp%2Fv2%2Fcomments&post=7008"}],"wp:featuredmedia":[{"embeddable":true,"href":"https:\/\/koraledetale.pl\/index.php?rest_route=\/wp\/v2\/media\/6991"}],"wp:attachment":[{"href":"https:\/\/koraledetale.pl\/index.php?rest_route=%2Fwp%2Fv2%2Fmedia&parent=7008"}],"wp:term":[{"taxonomy":"product_brand","embeddable":true,"href":"https:\/\/koraledetale.pl\/index.php?rest_route=%2Fwp%2Fv2%2Fproduct_brand&post=7008"},{"taxonomy":"product_cat","embeddable":true,"href":"https:\/\/koraledetale.pl\/index.php?rest_route=%2Fwp%2Fv2%2Fproduct_cat&post=7008"},{"taxonomy":"product_tag","embeddable":true,"href":"https:\/\/koraledetale.pl\/index.php?rest_route=%2Fwp%2Fv2%2Fproduct_tag&post=7008"}],"curies":[{"name":"wp","href":"https:\/\/api.w.org\/{rel}","templated":true}]}}