{"id":6990,"date":"2025-04-10T17:18:03","date_gmt":"2025-04-10T17:18:03","guid":{"rendered":"https:\/\/koraledetale.pl\/?post_type=product&#038;p=6990"},"modified":"2025-08-09T18:36:59","modified_gmt":"2025-08-09T18:36:59","slug":"bransoletka-przebudzenie-z-kamieniami-slonecznymi-i-perla","status":"publish","type":"product","link":"https:\/\/koraledetale.pl\/?product=bransoletka-przebudzenie-z-kamieniami-slonecznymi-i-perla","title":{"rendered":"Bransoletka PRZEBUDZENIE z kamieniami s\u0142onecznymi i per\u0142\u0105"},"content":{"rendered":"<p>Wielko\u015b\u0107 kamieni:<\/p>\n<ul>\n<li>kamie\u0144 s\u0142oneczny \u2013 11 mm,<\/li>\n<li>per\u0142a \u2013 31&#215;7 mm.<\/li>\n<\/ul>\n<p>Bransoletk\u0119 zapniesz na dowolnym oczku \u0142a\u0144cucha, maksymalna d\u0142ugo\u015b\u0107 &#8211; 23 cm.<\/p>\n<p>Wszystkie elementy metalowe wykonane s\u0105 z nieuczulaj\u0105cej stali szlachetnej.<\/p>\n<p>Bransoletka jest bezpieczna przy u\u017cywaniu zgodnie z jej zastosowaniem.<\/p>\n","protected":false},"excerpt":{"rendered":"<p>Bransoletka z pod\u0142u\u017cn\u0105, du\u017c\u0105 per\u0142\u0105 i g\u0142adkimi kuleczkami kamieni s\u0142onecznych, wplecionych z \u0142a\u0144cuch o du\u017cych oczkach.<\/p>\n","protected":false},"featured_media":7003,"comment_status":"open","ping_status":"closed","template":"","meta":{"advanced_seo_description":"","jetpack_seo_html_title":"","jetpack_seo_noindex":false},"product_brand":[],"product_cat":[229],"product_tag":[2544,80,1012,94,57],"class_list":{"0":"post-6990","1":"product","2":"type-product","3":"status-publish","4":"has-post-thumbnail","6":"product_cat-sprzedane","7":"product_tag-bransoletka-na-lancuchu-z-duza-perla-i-kamieniami-slonecznymi","8":"product_tag-bransoletka-z-kamieniami-naturalnymi","9":"product_tag-bransoletka-z-kamieniami-slonecznymi-i-perla","10":"product_tag-kamien-sloneczny","11":"product_tag-perla","13":"first","14":"outofstock","15":"shipping-taxable","16":"purchasable","17":"product-type-simple"},"jetpack_sharing_enabled":true,"_links":{"self":[{"href":"https:\/\/koraledetale.pl\/index.php?rest_route=\/wp\/v2\/product\/6990","targetHints":{"allow":["GET"]}}],"collection":[{"href":"https:\/\/koraledetale.pl\/index.php?rest_route=\/wp\/v2\/product"}],"about":[{"href":"https:\/\/koraledetale.pl\/index.php?rest_route=\/wp\/v2\/types\/product"}],"replies":[{"embeddable":true,"href":"https:\/\/koraledetale.pl\/index.php?rest_route=%2Fwp%2Fv2%2Fcomments&post=6990"}],"wp:featuredmedia":[{"embeddable":true,"href":"https:\/\/koraledetale.pl\/index.php?rest_route=\/wp\/v2\/media\/7003"}],"wp:attachment":[{"href":"https:\/\/koraledetale.pl\/index.php?rest_route=%2Fwp%2Fv2%2Fmedia&parent=6990"}],"wp:term":[{"taxonomy":"product_brand","embeddable":true,"href":"https:\/\/koraledetale.pl\/index.php?rest_route=%2Fwp%2Fv2%2Fproduct_brand&post=6990"},{"taxonomy":"product_cat","embeddable":true,"href":"https:\/\/koraledetale.pl\/index.php?rest_route=%2Fwp%2Fv2%2Fproduct_cat&post=6990"},{"taxonomy":"product_tag","embeddable":true,"href":"https:\/\/koraledetale.pl\/index.php?rest_route=%2Fwp%2Fv2%2Fproduct_tag&post=6990"}],"curies":[{"name":"wp","href":"https:\/\/api.w.org\/{rel}","templated":true}]}}