{"id":6975,"date":"2025-04-04T08:19:33","date_gmt":"2025-04-04T08:19:33","guid":{"rendered":"https:\/\/koraledetale.pl\/?post_type=product&#038;p=6975"},"modified":"2025-04-09T07:21:37","modified_gmt":"2025-04-09T07:21:37","slug":"naszyjnik-pokusa-z-koralami-sodalitami-i-turkusami","status":"publish","type":"product","link":"https:\/\/koraledetale.pl\/?product=naszyjnik-pokusa-z-koralami-sodalitami-i-turkusami","title":{"rendered":"Naszyjnik POKUSA z koralami, sodalitami i turkusami"},"content":{"rendered":"<p>Wielko\u015b\u0107 kamieni:<\/p>\n<ul>\n<li>koral &#8211; 3 mm,<\/li>\n<li>sodalit &#8211; 2,5 mm,<\/li>\n<li>turkus \u2013 2,5 mm,<\/li>\n<li>hematyt \u2013 8&#215;2 mm i 2 mm.<\/li>\n<\/ul>\n<p>D\u0142ugo\u015b\u0107 naszyjnika: 44-48,5cm + 2 cm zawieszka.<\/p>\n<p>Kamienie zasupe\u0142kowane s\u0105 na czerwonej, mocnej nici jubilerskiej.<\/p>\n<p>Wszystkie elementy metalowe wykonane s\u0105 z nieuczulaj\u0105cej stali szlachetnej.<\/p>\n<p>Naszyjnik jest bezpieczny przy u\u017cywaniu zgodnie z jego zastosowaniem.<\/p>\n","protected":false},"excerpt":{"rendered":"<p>Naszyjnik z koralami przeplatanymi sodalitami, turkusami i z\u0142otymi hematytami. Zwie\u0144czeniem naszyjnika jest jednostronna zawieszka z symbolem trzeciego oka, z ochronn\u0105 czerwon\u0105 nitk\u0105 i koralem.<\/p>\n","protected":false},"featured_media":6977,"comment_status":"open","ping_status":"closed","template":"","meta":{"advanced_seo_description":"","jetpack_seo_html_title":"","jetpack_seo_noindex":false},"product_brand":[],"product_cat":[229],"product_tag":[1388,2537,2538,2539,1088,1003,2044,105,31],"class_list":{"0":"post-6975","1":"product","2":"type-product","3":"status-publish","4":"has-post-thumbnail","6":"product_cat-sprzedane","7":"product_tag-naszyjnik-z-kolorowymi-kamieniami-naturalnymi","8":"product_tag-naszyjnik-z-koralami-sodalitami-i-turkusami","9":"product_tag-naszyjnik-z-pomaranczowymi-kamieniami","10":"product_tag-naszyjnik-z-trzecim-okiem","11":"product_tag-pomaranczowy-koral","12":"product_tag-sodalit","13":"product_tag-trzecie-oko","14":"product_tag-turkus","15":"product_tag-zloty-hematyt","17":"first","18":"outofstock","19":"shipping-taxable","20":"purchasable","21":"product-type-simple"},"jetpack_sharing_enabled":true,"_links":{"self":[{"href":"https:\/\/koraledetale.pl\/index.php?rest_route=\/wp\/v2\/product\/6975","targetHints":{"allow":["GET"]}}],"collection":[{"href":"https:\/\/koraledetale.pl\/index.php?rest_route=\/wp\/v2\/product"}],"about":[{"href":"https:\/\/koraledetale.pl\/index.php?rest_route=\/wp\/v2\/types\/product"}],"replies":[{"embeddable":true,"href":"https:\/\/koraledetale.pl\/index.php?rest_route=%2Fwp%2Fv2%2Fcomments&post=6975"}],"wp:featuredmedia":[{"embeddable":true,"href":"https:\/\/koraledetale.pl\/index.php?rest_route=\/wp\/v2\/media\/6977"}],"wp:attachment":[{"href":"https:\/\/koraledetale.pl\/index.php?rest_route=%2Fwp%2Fv2%2Fmedia&parent=6975"}],"wp:term":[{"taxonomy":"product_brand","embeddable":true,"href":"https:\/\/koraledetale.pl\/index.php?rest_route=%2Fwp%2Fv2%2Fproduct_brand&post=6975"},{"taxonomy":"product_cat","embeddable":true,"href":"https:\/\/koraledetale.pl\/index.php?rest_route=%2Fwp%2Fv2%2Fproduct_cat&post=6975"},{"taxonomy":"product_tag","embeddable":true,"href":"https:\/\/koraledetale.pl\/index.php?rest_route=%2Fwp%2Fv2%2Fproduct_tag&post=6975"}],"curies":[{"name":"wp","href":"https:\/\/api.w.org\/{rel}","templated":true}]}}