{"id":6974,"date":"2025-04-03T14:59:44","date_gmt":"2025-04-03T14:59:44","guid":{"rendered":"https:\/\/koraledetale.pl\/?post_type=product&#038;p=6974"},"modified":"2025-09-19T07:16:31","modified_gmt":"2025-09-19T07:16:31","slug":"pierscionek-hamsa-i-koral","status":"publish","type":"product","link":"https:\/\/koraledetale.pl\/?product=pierscionek-hamsa-i-koral","title":{"rendered":"Pier\u015bcionek HAMSA I KORAL"},"content":{"rendered":"<p>Wielko\u015b\u0107 koralu &#8211; 11&#215;4 mm<\/p>\n<p>\u015arednica zawieszki &#8211; 12 mm.<\/p>\n<p>Regulowany obw\u00f3d w zakresie rozmiar\u00f3w: 14-19.<\/p>\n<p>Wszystkie elementy wykonane s\u0105 z nieuczulaj\u0105cej stali szlachetnej.<\/p>\n<p>Pier\u015bcionek jest bezpieczny przy stosowaniu zgodnie z jego zastosowaniem.<\/p>\n","protected":false},"excerpt":{"rendered":"<p>Pier\u015bcionek z okr\u0105g\u0142\u0105 zawieszk\u0105 z symbolem hamsy i nieregularnym koralem z czerwon\u0105 nitk\u0105.<\/p>\n","protected":false},"featured_media":6969,"comment_status":"open","ping_status":"closed","template":"","meta":{"advanced_seo_description":"","jetpack_seo_html_title":"","jetpack_seo_noindex":false},"product_brand":[],"product_cat":[19],"product_tag":[33,82,570,2536],"class_list":{"0":"post-6974","1":"product","2":"type-product","3":"status-publish","4":"has-post-thumbnail","6":"product_cat-pierscionki","7":"product_tag-hamsa","8":"product_tag-koral","9":"product_tag-pierscionek-z-hamsa-i-koralem","10":"product_tag-pierscionek-z-zawieszkami","12":"first","13":"instock","14":"shipping-taxable","15":"purchasable","16":"product-type-simple"},"jetpack_sharing_enabled":true,"_links":{"self":[{"href":"https:\/\/koraledetale.pl\/index.php?rest_route=\/wp\/v2\/product\/6974","targetHints":{"allow":["GET"]}}],"collection":[{"href":"https:\/\/koraledetale.pl\/index.php?rest_route=\/wp\/v2\/product"}],"about":[{"href":"https:\/\/koraledetale.pl\/index.php?rest_route=\/wp\/v2\/types\/product"}],"replies":[{"embeddable":true,"href":"https:\/\/koraledetale.pl\/index.php?rest_route=%2Fwp%2Fv2%2Fcomments&post=6974"}],"wp:featuredmedia":[{"embeddable":true,"href":"https:\/\/koraledetale.pl\/index.php?rest_route=\/wp\/v2\/media\/6969"}],"wp:attachment":[{"href":"https:\/\/koraledetale.pl\/index.php?rest_route=%2Fwp%2Fv2%2Fmedia&parent=6974"}],"wp:term":[{"taxonomy":"product_brand","embeddable":true,"href":"https:\/\/koraledetale.pl\/index.php?rest_route=%2Fwp%2Fv2%2Fproduct_brand&post=6974"},{"taxonomy":"product_cat","embeddable":true,"href":"https:\/\/koraledetale.pl\/index.php?rest_route=%2Fwp%2Fv2%2Fproduct_cat&post=6974"},{"taxonomy":"product_tag","embeddable":true,"href":"https:\/\/koraledetale.pl\/index.php?rest_route=%2Fwp%2Fv2%2Fproduct_tag&post=6974"}],"curies":[{"name":"wp","href":"https:\/\/api.w.org\/{rel}","templated":true}]}}