{"id":6925,"date":"2025-03-24T14:42:12","date_gmt":"2025-03-24T14:42:12","guid":{"rendered":"https:\/\/koraledetale.pl\/?post_type=product&#038;p=6925"},"modified":"2025-12-15T13:37:48","modified_gmt":"2025-12-15T13:37:48","slug":"naszyjnik-blekitny-lotos-z-szatukitami","status":"publish","type":"product","link":"https:\/\/koraledetale.pl\/?product=naszyjnik-blekitny-lotos-z-szatukitami","title":{"rendered":"Naszyjnik B\u0141\u0118KITNY LOTOS z szatukitami"},"content":{"rendered":"<p>Wielko\u015b\u0107 kamieni:<\/p>\n<ul>\n<li>szatukit \u2013 3 mm i 6,5x6x3 mm (\u0142ezka)<\/li>\n<li>hematyt \u2013 2 mm i 2&#215;1 mm.<\/li>\n<\/ul>\n<p>D\u0142ugo\u015b\u0107 naszyjnika: 42-47 cm + zawieszka 2,7 cm.<\/p>\n<p>Kamienie zasupe\u0142kowane s\u0105 na be\u017cowej, mocnej nici jubilerskiej.<\/p>\n<p>Wszystkie elementy metalowe wykonane s\u0105 z nieuczulaj\u0105cej stali szlachetnej.<\/p>\n<p>Szatukit jest silnie energetycznym kamieniem rozwijaj\u0105cym komunikacj\u0119 psychiczn\u0105. Pomaga oczy\u015bci\u0107 umys\u0142, usun\u0105\u0107 blokady energetyczne, otwiera na widzenie przysz\u0142o\u015bci. Jest bardzo rzadkim minera\u0142em z grupy krzemian\u00f3w, odkrytym w Arizonie w kopalni Shattuck (st\u0105d pochodzi\u00a0 jego nazwa).<\/p>\n<p>Naszyjnik jest bezpieczny przy u\u017cywaniu zgodnie z jego zastosowaniem.<\/p>\n","protected":false},"excerpt":{"rendered":"<p>Naszyjnik z cieniowanymi sztukitami, przeplatanymi z\u0142otymi hematytami, z zawieszk\u0105 \u2013 kwiatem lotosu i \u0142ezk\u0105 szatukitu.<\/p>\n","protected":false},"featured_media":6926,"comment_status":"open","ping_status":"closed","template":"","meta":{"advanced_seo_description":"","jetpack_seo_html_title":"","jetpack_seo_noindex":false},"product_brand":[],"product_cat":[15],"product_tag":[2520,1812,2519,668,1818],"class_list":{"0":"post-6925","1":"product","2":"type-product","3":"status-publish","4":"has-post-thumbnail","6":"product_cat-naszyjniki","7":"product_tag-kwiat-lotosu","8":"product_tag-naszyjnik-z-cieniowanymi-kamieniami","9":"product_tag-naszyjnik-z-szatukitami-i-kwiatem-lotosu","10":"product_tag-naszyjnik-z-turkusowymi-kamieniami","11":"product_tag-szatukit","13":"first","14":"instock","15":"shipping-taxable","16":"purchasable","17":"product-type-simple"},"jetpack_sharing_enabled":true,"_links":{"self":[{"href":"https:\/\/koraledetale.pl\/index.php?rest_route=\/wp\/v2\/product\/6925","targetHints":{"allow":["GET"]}}],"collection":[{"href":"https:\/\/koraledetale.pl\/index.php?rest_route=\/wp\/v2\/product"}],"about":[{"href":"https:\/\/koraledetale.pl\/index.php?rest_route=\/wp\/v2\/types\/product"}],"replies":[{"embeddable":true,"href":"https:\/\/koraledetale.pl\/index.php?rest_route=%2Fwp%2Fv2%2Fcomments&post=6925"}],"wp:featuredmedia":[{"embeddable":true,"href":"https:\/\/koraledetale.pl\/index.php?rest_route=\/wp\/v2\/media\/6926"}],"wp:attachment":[{"href":"https:\/\/koraledetale.pl\/index.php?rest_route=%2Fwp%2Fv2%2Fmedia&parent=6925"}],"wp:term":[{"taxonomy":"product_brand","embeddable":true,"href":"https:\/\/koraledetale.pl\/index.php?rest_route=%2Fwp%2Fv2%2Fproduct_brand&post=6925"},{"taxonomy":"product_cat","embeddable":true,"href":"https:\/\/koraledetale.pl\/index.php?rest_route=%2Fwp%2Fv2%2Fproduct_cat&post=6925"},{"taxonomy":"product_tag","embeddable":true,"href":"https:\/\/koraledetale.pl\/index.php?rest_route=%2Fwp%2Fv2%2Fproduct_tag&post=6925"}],"curies":[{"name":"wp","href":"https:\/\/api.w.org\/{rel}","templated":true}]}}