{"id":6896,"date":"2025-03-19T16:51:30","date_gmt":"2025-03-19T16:51:30","guid":{"rendered":"https:\/\/koraledetale.pl\/?post_type=product&#038;p=6896"},"modified":"2026-03-07T11:32:57","modified_gmt":"2026-03-07T11:32:57","slug":"bransoletka-agat-w-towarzystwie","status":"publish","type":"product","link":"https:\/\/koraledetale.pl\/?product=bransoletka-agat-w-towarzystwie","title":{"rendered":"Bransoletka AGAT W TOWARZYSTWIE"},"content":{"rendered":"<p>Wielko\u015b\u0107 kamieni:<\/p>\n<ul>\n<li>agat \u2013 2,5 mm,<\/li>\n<li>amazonit \u2013 3 mm,<\/li>\n<li>hematyt \u2013 2 mm.<\/li>\n<\/ul>\n<p>D\u0142ugo\u015b\u0107 bransoletki: 16 \u2013 19 cm.<\/p>\n<p>Kamienie zasupe\u0142kowane s\u0105 na be\u017cowej, mocnej nici jubilerskiej.<\/p>\n<p>Wszystkie elementy metalowe wykonane s\u0105 z nieuczulaj\u0105cej stali szlachetnej.<\/p>\n<p>Bransoletka jest bezpieczna przy u\u017cywaniu zgodnie z jej zastosowaniem.<\/p>\n","protected":false},"excerpt":{"rendered":"<p>Bransoletka z drobnymi agatami, przeplatanymi amazonitami i z\u0142otymi hematytami, z dwoma chwo\u015bcikami (po \u015brodku i przy przed\u0142u\u017cce).<\/p>\n","protected":false},"featured_media":6898,"comment_status":"open","ping_status":"closed","template":"","meta":{"advanced_seo_description":"","jetpack_seo_html_title":"","jetpack_seo_noindex":false},"product_brand":[],"product_cat":[229],"product_tag":[127,53,2513,2512,2514,2072,963,31],"class_list":{"0":"post-6896","1":"product","2":"type-product","3":"status-publish","4":"has-post-thumbnail","6":"product_cat-sprzedane","7":"product_tag-agat","8":"product_tag-amazonit","9":"product_tag-bransoletka-z-agatami-i-amazonitami","10":"product_tag-bransoletka-z-bezowymmi-i-blekitnymi-kamieniami-naturalnymi","11":"product_tag-bransoletka-z-chwoscikami","12":"product_tag-bransoletka-z-drobnymi-kamieniami-naturalnymi","13":"product_tag-chwoscik","14":"product_tag-zloty-hematyt","16":"first","17":"outofstock","18":"shipping-taxable","19":"purchasable","20":"product-type-simple"},"jetpack_sharing_enabled":true,"_links":{"self":[{"href":"https:\/\/koraledetale.pl\/index.php?rest_route=\/wp\/v2\/product\/6896","targetHints":{"allow":["GET"]}}],"collection":[{"href":"https:\/\/koraledetale.pl\/index.php?rest_route=\/wp\/v2\/product"}],"about":[{"href":"https:\/\/koraledetale.pl\/index.php?rest_route=\/wp\/v2\/types\/product"}],"replies":[{"embeddable":true,"href":"https:\/\/koraledetale.pl\/index.php?rest_route=%2Fwp%2Fv2%2Fcomments&post=6896"}],"wp:featuredmedia":[{"embeddable":true,"href":"https:\/\/koraledetale.pl\/index.php?rest_route=\/wp\/v2\/media\/6898"}],"wp:attachment":[{"href":"https:\/\/koraledetale.pl\/index.php?rest_route=%2Fwp%2Fv2%2Fmedia&parent=6896"}],"wp:term":[{"taxonomy":"product_brand","embeddable":true,"href":"https:\/\/koraledetale.pl\/index.php?rest_route=%2Fwp%2Fv2%2Fproduct_brand&post=6896"},{"taxonomy":"product_cat","embeddable":true,"href":"https:\/\/koraledetale.pl\/index.php?rest_route=%2Fwp%2Fv2%2Fproduct_cat&post=6896"},{"taxonomy":"product_tag","embeddable":true,"href":"https:\/\/koraledetale.pl\/index.php?rest_route=%2Fwp%2Fv2%2Fproduct_tag&post=6896"}],"curies":[{"name":"wp","href":"https:\/\/api.w.org\/{rel}","templated":true}]}}